{"id":1819305,"date":"2025-04-30T02:34:40","date_gmt":"2025-04-30T00:34:40","guid":{"rendered":"https:\/\/liquidmaster.pl\/fresso-glass-cleaner-500ml-plyn-do-mycia-szyb\/"},"modified":"2026-04-18T04:41:43","modified_gmt":"2026-04-18T02:41:43","slug":"fresso-glass-cleaner-500ml-plyn-do-mycia-szyb","status":"publish","type":"product","link":"https:\/\/liquidmaster.pl\/en\/fresso-glass-cleaner-500ml-plyn-do-mycia-szyb\/","title":{"rendered":"Fresso Glass Cleaner 500ml \u2013 glass cleaning fluid"},"content":{"rendered":"<p>Fresso Glass Cleaner is an exceptionally effective glass cleaner. Its excellent cleaning properties make it incredibly effective at removing all contaminants. It evaporates instantly, leaving the glass streak-free. Cleaning your glass with Glass Cleaner takes just a few moments, enhanced by its pleasant citrus scent.<\/p>\n<p>Usage:<\/p>\n<li>Apply the product using an atomizer to the surface to be cleaned.<\/li>\n<li>Spread the product using a short-haired microfiber cloth.<\/li>\n<li>Polish the surface to be cleaned with the dry side of a microfiber cloth.<\/li>\n<ul>\n<li>Apply the product to cool surfaces in a shaded place.<\/li>\n<li>Depending on the ambient temperature, the product&#039;s evaporation time may vary significantly.<\/li>\n<li>Store at a temperature above 4 degrees Celsius in a dark place.<\/li>\n<\/ul>\n<p>Capacity: 500 ml<\/p>","protected":false},"excerpt":{"rendered":"<p>Fresso Glass Cleaner to wyj\u0105tkowo wydajny p\u0142yn do czyszczenia powierzchni szklanych. Posiada \u015bwietne w\u0142a\u015bciwo\u015bci czyszcz\u0105ce, co sprawia, \u017ce niezwykle skutecznie usuwa wszelkie zanieczyszczenia. B\u0142yskawicznie odparowuje, pozostawiaj\u0105c szyb\u0119 woln\u0105 od jakichkolwiek smug. Czyszczenie szyb z Glass Cleaner to zaledwie kilka chwil, kt\u00f3re uprzyjemnia cytrusowy zapach. Spos\u00f3b u\u017cycia: Nanie\u015b\u0107 produkt za pomoc\u0105 atomizera na czyszczon\u0105 powierzchni\u0119. Rozprowadzi\u0107&hellip;&nbsp;<a href=\"https:\/\/liquidmaster.pl\/en\/fresso-glass-cleaner-500ml-plyn-do-mycia-szyb\/\" rel=\"bookmark\">Read More \u00bb<span class=\"screen-reader-text\">Fresso Glass Cleaner 500ml \u2013 glass cleaning fluid<\/span><\/a><\/p>","protected":false},"featured_media":1850851,"comment_status":"open","ping_status":"open","template":"","meta":{"neve_meta_sidebar":"","neve_meta_container":"","neve_meta_enable_content_width":"","neve_meta_content_width":0,"neve_meta_title_alignment":"","neve_meta_author_avatar":"","neve_post_elements_order":"","neve_meta_disable_header":"","neve_meta_disable_footer":"","neve_meta_disable_title":"","_themeisle_gutenberg_block_has_review":false},"product_brand":[],"product_cat":[733,774,773],"product_tag":[296],"class_list":{"0":"post-1819305","1":"product","2":"type-product","3":"status-publish","4":"has-post-thumbnail","6":"product_cat-na-zewnatrz","7":"product_cat-plyny-do-szyb","8":"product_cat-szyby","9":"product_tag-fresso","11":"first","12":"instock","13":"taxable","14":"shipping-taxable","15":"purchasable","16":"product-type-simple"},"_links":{"self":[{"href":"https:\/\/liquidmaster.pl\/en\/wp-json\/wp\/v2\/product\/1819305","targetHints":{"allow":["GET"]}}],"collection":[{"href":"https:\/\/liquidmaster.pl\/en\/wp-json\/wp\/v2\/product"}],"about":[{"href":"https:\/\/liquidmaster.pl\/en\/wp-json\/wp\/v2\/types\/product"}],"replies":[{"embeddable":true,"href":"https:\/\/liquidmaster.pl\/en\/wp-json\/wp\/v2\/comments?post=1819305"}],"wp:featuredmedia":[{"embeddable":true,"href":"https:\/\/liquidmaster.pl\/en\/wp-json\/wp\/v2\/media\/1850851"}],"wp:attachment":[{"href":"https:\/\/liquidmaster.pl\/en\/wp-json\/wp\/v2\/media?parent=1819305"}],"wp:term":[{"taxonomy":"product_brand","embeddable":true,"href":"https:\/\/liquidmaster.pl\/en\/wp-json\/wp\/v2\/product_brand?post=1819305"},{"taxonomy":"product_cat","embeddable":true,"href":"https:\/\/liquidmaster.pl\/en\/wp-json\/wp\/v2\/product_cat?post=1819305"},{"taxonomy":"product_tag","embeddable":true,"href":"https:\/\/liquidmaster.pl\/en\/wp-json\/wp\/v2\/product_tag?post=1819305"}],"curies":[{"name":"wp","href":"https:\/\/api.w.org\/{rel}","templated":true}]}}