{"id":1819291,"date":"2025-04-30T02:32:38","date_gmt":"2025-04-30T00:32:38","guid":{"rendered":"https:\/\/liquidmaster.pl\/fresso-fabric-cleaner-1l-do-czyszczenia-podsufitki-tapicerki-i-dywanow\/"},"modified":"2026-04-18T04:41:41","modified_gmt":"2026-04-18T02:41:41","slug":"fresso-fabric-cleaner-1l-do-czyszczenia-podsufitki-tapicerki-i-dywanow","status":"publish","type":"product","link":"https:\/\/liquidmaster.pl\/en\/fresso-fabric-cleaner-1l-do-czyszczenia-podsufitki-tapicerki-i-dywanow\/","title":{"rendered":"Fresso Fabric Cleaner 1L \u2013 for cleaning headliners, upholstery and carpets"},"content":{"rendered":"<p>Designed for cleaning headliners and refreshing fabric upholstery and carpets, this product is exceptionally easy to use and safe for the surface being cleaned.<\/p>\n<p>Thanks to advanced cleaning ingredients, it effectively dissolves dirt, regardless of upholstery type. It doesn&#039;t require rinsing, making cleaning easier. It has a pleasant, perfumed scent. The product is ready to use.<\/p>\n<p>Usage:<\/p>\n<li>Vacuum the surface you want to clean.<\/li>\n<li>Apply the product to a brush or microfiber cloth.<\/li>\n<li>Brush or wipe the surface.<\/li>\n<li>Do not soak the material too much, use microfiber if necessary.<\/li>\n<li>Remove excess product with a microfiber cloth.<\/li>\n<li>Repeat if necessary.<\/li>\n<p>Capacity: 1L<\/p>","protected":false},"excerpt":{"rendered":"<p>Produkt przeznaczony do czyszczenia podsufitki oraz od\u015bwie\u017cania tapicerki materia\u0142owej i dywan\u00f3w. Jest niezwykle \u0142atwy w u\u017cyciu, jednocze\u015bnie bezpieczny dla czyszczonej powierzchni. Dzi\u0119ki zaawansowanym sk\u0142adnikom czyszcz\u0105cym skutecznie rozpuszcza brud, niezale\u017cnie od rodzaju tapicerki. Nie wymaga p\u0142ukania, co u\u0142atwia proces czyszczenia. Posiada przyjemny, perfumowany zapach. Produkt gotowy do u\u017cycia. Spos\u00f3b u\u017cycia: Odkurz powierzchni\u0119, kt\u00f3r\u0105 chcesz wyczy\u015bci\u0107. Na\u0142\u00f3\u017c&hellip;&nbsp;<a href=\"https:\/\/liquidmaster.pl\/en\/fresso-fabric-cleaner-1l-do-czyszczenia-podsufitki-tapicerki-i-dywanow\/\" rel=\"bookmark\">Read More \u00bb<span class=\"screen-reader-text\">Fresso Fabric Cleaner 1L \u2013 for cleaning headliners, upholstery and carpets<\/span><\/a><\/p>","protected":false},"featured_media":1850846,"comment_status":"open","ping_status":"open","template":"","meta":{"neve_meta_sidebar":"","neve_meta_container":"","neve_meta_enable_content_width":"","neve_meta_content_width":0,"neve_meta_title_alignment":"","neve_meta_author_avatar":"","neve_post_elements_order":"","neve_meta_disable_header":"","neve_meta_disable_footer":"","neve_meta_disable_title":"","_themeisle_gutenberg_block_has_review":false},"product_brand":[],"product_cat":[771,769,768],"product_tag":[296],"class_list":{"0":"post-1819291","1":"product","2":"type-product","3":"status-publish","4":"has-post-thumbnail","6":"product_cat-czyszczenie","7":"product_cat-tapicerka-i-dywaniki","8":"product_cat-wnetrze-auta","9":"product_tag-fresso","10":"pa_promocja-promocje","12":"first","13":"instock","14":"taxable","15":"shipping-taxable","16":"purchasable","17":"product-type-simple"},"_links":{"self":[{"href":"https:\/\/liquidmaster.pl\/en\/wp-json\/wp\/v2\/product\/1819291","targetHints":{"allow":["GET"]}}],"collection":[{"href":"https:\/\/liquidmaster.pl\/en\/wp-json\/wp\/v2\/product"}],"about":[{"href":"https:\/\/liquidmaster.pl\/en\/wp-json\/wp\/v2\/types\/product"}],"replies":[{"embeddable":true,"href":"https:\/\/liquidmaster.pl\/en\/wp-json\/wp\/v2\/comments?post=1819291"}],"wp:featuredmedia":[{"embeddable":true,"href":"https:\/\/liquidmaster.pl\/en\/wp-json\/wp\/v2\/media\/1850846"}],"wp:attachment":[{"href":"https:\/\/liquidmaster.pl\/en\/wp-json\/wp\/v2\/media?parent=1819291"}],"wp:term":[{"taxonomy":"product_brand","embeddable":true,"href":"https:\/\/liquidmaster.pl\/en\/wp-json\/wp\/v2\/product_brand?post=1819291"},{"taxonomy":"product_cat","embeddable":true,"href":"https:\/\/liquidmaster.pl\/en\/wp-json\/wp\/v2\/product_cat?post=1819291"},{"taxonomy":"product_tag","embeddable":true,"href":"https:\/\/liquidmaster.pl\/en\/wp-json\/wp\/v2\/product_tag?post=1819291"}],"curies":[{"name":"wp","href":"https:\/\/api.w.org\/{rel}","templated":true}]}}