{"id":1819287,"date":"2025-04-30T02:32:05","date_gmt":"2025-04-30T00:32:05","guid":{"rendered":"https:\/\/liquidmaster.pl\/fresso-dyfuzor-zapachowy-cadence-100ml\/"},"modified":"2026-04-18T04:41:40","modified_gmt":"2026-04-18T02:41:40","slug":"fresso-dyfuzor-zapachowy-cadence-100ml","status":"publish","type":"product","link":"https:\/\/liquidmaster.pl\/en\/fresso-dyfuzor-zapachowy-cadence-100ml\/","title":{"rendered":"Fresso Cadence Fragrance Diffuser 100ml"},"content":{"rendered":"<p>Fresso FlowScent\u2122\ufe0f Formula<\/p>\n<p>It provides a stable fragrance projection without the need to rotate the reeds. It allows for complete diffusion of the oils down to the last drop, while being free of flammable alcohols. Fresso FlowScent\u2122\ufe0f provides increased resistance to changes in humidity and room temperature, without causing sudden changes in fragrance intensity. Simply place the reeds in the diffuser and enjoy the wonderful fragrance!<\/p>\n<p>We have transferred inspiration from nature into interiors<br \/>\nThe design of our diffuser draws on the authenticity of nature. The glass bottles recreate the texture of raw stone, which is broken by the warmth of natural wood.<br \/>\nBlack fiberglass reeds complete the look, adding unique fragrance notes to the space. Complement your interior with this timeless and unique fragrance diffuser and rediscover the chic, relaxing atmosphere in your home, using all your senses.<\/p>\n<p>Discover the scent of Cadence<\/p>\n<p>The scent of Italian espresso, enriched with the sweetness of coconut and the aroma of ripe plum.\u00a0<\/p>\n<p>Top notes: Black coffee, coconut, plum<\/p>\n<p>Heart notes: Jasmine, Patchouli leaves<\/p>\n<p>Base notes: Cotton candy, Vanilla pods<\/p>\n<p>Usage:<\/p>\n<p>Our diffuser allows you to adjust the fragrance intensity to your liking. If you&#039;re looking for a strong aroma, simply use all six reeds. If the scent is too intense, you can tone it down by removing individual reeds until you achieve the desired effect.<\/p>\n<li>Remove the wooden cap.<\/li>\n<li>Remove the plastic stopper.<\/li>\n<li>Replace the wooden cap.<\/li>\n<li>Insert the sticks inside the diffuser.<\/li>\n<li>Remember to wash your hands after the process is complete.<\/li>","protected":false},"excerpt":{"rendered":"<p>Formulacja Fresso FlowScent\u2122\ufe0f Nadaje stabiln\u0105 projekcj\u0119 zapachu bez potrzeby obracania patyczk\u00f3w. Pozwala na pe\u0142n\u0105 dyfuzj\u0119 olejk\u00f3w do ostatniej kropli, jednocze\u015bnie nie zawieraj\u0105c \u0142atwopalnych alkoholi. Fresso FlowScent\u2122\ufe0f zapewnia zwi\u0119kszon\u0105 odporno\u015b\u0107 na zmian\u0119 wilgotno\u015bci oraz temperatur w pomieszczeniu, nie powoduj\u0105c nag\u0142ych zmian intensywno\u015bci zapachu. Po prostu umie\u015b\u0107 patyczki w dyfuzorze i ciesz si\u0119 wspania\u0142ym zapachem! Inspiracje natur\u0105&hellip;&nbsp;<a href=\"https:\/\/liquidmaster.pl\/en\/fresso-dyfuzor-zapachowy-cadence-100ml\/\" rel=\"bookmark\">Read More \u00bb<span class=\"screen-reader-text\">Fresso Cadence Fragrance Diffuser 100ml<\/span><\/a><\/p>","protected":false},"featured_media":1850844,"comment_status":"open","ping_status":"open","template":"","meta":{"neve_meta_sidebar":"","neve_meta_container":"","neve_meta_enable_content_width":"","neve_meta_content_width":0,"neve_meta_title_alignment":"","neve_meta_author_avatar":"","neve_post_elements_order":"","neve_meta_disable_header":"","neve_meta_disable_footer":"","neve_meta_disable_title":"","_themeisle_gutenberg_block_has_review":false},"product_brand":[],"product_cat":[888,801,768],"product_tag":[296],"class_list":{"0":"post-1819287","1":"product","2":"type-product","3":"status-publish","4":"has-post-thumbnail","6":"product_cat-dyfuzory-i-zawieszki","7":"product_cat-odswiezacze-powietrza","8":"product_cat-wnetrze-auta","9":"product_tag-fresso","11":"first","12":"outofstock","13":"taxable","14":"shipping-taxable","15":"purchasable","16":"product-type-simple"},"_links":{"self":[{"href":"https:\/\/liquidmaster.pl\/en\/wp-json\/wp\/v2\/product\/1819287","targetHints":{"allow":["GET"]}}],"collection":[{"href":"https:\/\/liquidmaster.pl\/en\/wp-json\/wp\/v2\/product"}],"about":[{"href":"https:\/\/liquidmaster.pl\/en\/wp-json\/wp\/v2\/types\/product"}],"replies":[{"embeddable":true,"href":"https:\/\/liquidmaster.pl\/en\/wp-json\/wp\/v2\/comments?post=1819287"}],"wp:featuredmedia":[{"embeddable":true,"href":"https:\/\/liquidmaster.pl\/en\/wp-json\/wp\/v2\/media\/1850844"}],"wp:attachment":[{"href":"https:\/\/liquidmaster.pl\/en\/wp-json\/wp\/v2\/media?parent=1819287"}],"wp:term":[{"taxonomy":"product_brand","embeddable":true,"href":"https:\/\/liquidmaster.pl\/en\/wp-json\/wp\/v2\/product_brand?post=1819287"},{"taxonomy":"product_cat","embeddable":true,"href":"https:\/\/liquidmaster.pl\/en\/wp-json\/wp\/v2\/product_cat?post=1819287"},{"taxonomy":"product_tag","embeddable":true,"href":"https:\/\/liquidmaster.pl\/en\/wp-json\/wp\/v2\/product_tag?post=1819287"}],"curies":[{"name":"wp","href":"https:\/\/api.w.org\/{rel}","templated":true}]}}