{"id":1819283,"date":"2025-04-30T02:32:05","date_gmt":"2025-04-30T00:32:05","guid":{"rendered":"https:\/\/liquidmaster.pl\/fresso-cody-wash-mitt-rekawica-do-mycia-auta\/"},"modified":"2026-04-21T07:28:11","modified_gmt":"2026-04-21T05:28:11","slug":"fresso-cody-wash-mitt-rekawica-do-mycia-auta","status":"publish","type":"product","link":"https:\/\/liquidmaster.pl\/en\/fresso-cody-wash-mitt-rekawica-do-mycia-auta\/","title":{"rendered":"Fresso Cody Wash Mitt \u2013 car wash mitt"},"content":{"rendered":"<p>The Cody Wash Mitt is made of high-quality microfiber. Long, fine fibers ensure safe, thorough car washing.<\/p>\n<p>The glove has a large cleaning surface and a drawstring that makes it easy to fit to the wrist, ensuring proper comfort while caring for the vehicle.<\/p>\n<p>It is also very absorbent, which allows you to reduce the time needed to wash your car to the absolute minimum.<\/p>\n<p>Recommendations:<\/p>\n<ul>\n<li>Wash your gloves before first use.<\/li>\n<li>Wash at low temperature.<\/li>\n<li>Do not use bleach or softeners to care for it.<\/li>\n<li>Do not iron.<\/li>\n<\/ul>\n<p>Dimensions: 19 x 28 cm<br \/>\nWeight: 90 g\/m2<\/p>","protected":false},"excerpt":{"rendered":"<p>Cody Wash Mitt to r\u0119kawica wyprodukowana z wysokiej jako\u015bci mikrofibry. D\u0142ugie, delikatne w\u0142\u00f3kna zapewniaj\u0105 bezpieczne, dok\u0142adne mycie samochodu. R\u0119kawica posiada du\u017c\u0105 powierzchni\u0119 czyszcz\u0105c\u0105 oraz \u015bci\u0105gacz u\u0142atwiaj\u0105cy dopasowanie jej do nadgarstka, gwarantuj\u0105c nale\u017cyty komfort podczas piel\u0119gnacji pojazdu. Jest ona r\u00f3wnie\u017c bardzo ch\u0142onna, co pozwala na skr\u00f3cenie czasu niezb\u0119dnego na umycie auta do niezb\u0119dnego minimum. Zalecenia: Wypierz&hellip;&nbsp;<a href=\"https:\/\/liquidmaster.pl\/en\/fresso-cody-wash-mitt-rekawica-do-mycia-auta\/\" rel=\"bookmark\">Read More \u00bb<span class=\"screen-reader-text\">Fresso Cody Wash Mitt \u2013 car wash mitt<\/span><\/a><\/p>","protected":false},"featured_media":1850842,"comment_status":"open","ping_status":"open","template":"","meta":{"neve_meta_sidebar":"","neve_meta_container":"","neve_meta_enable_content_width":"","neve_meta_content_width":0,"neve_meta_title_alignment":"","neve_meta_author_avatar":"","neve_post_elements_order":"","neve_meta_disable_header":"","neve_meta_disable_footer":"","neve_meta_disable_title":"","_themeisle_gutenberg_block_has_review":false},"product_brand":[],"product_cat":[734,733,764],"product_tag":[296],"class_list":{"0":"post-1819283","1":"product","2":"type-product","3":"status-publish","4":"has-post-thumbnail","6":"product_cat-mycie-i-osuszanie","7":"product_cat-na-zewnatrz","8":"product_cat-rekawice-i-gabki","9":"product_tag-fresso","11":"first","12":"instock","13":"taxable","14":"shipping-taxable","15":"purchasable","16":"product-type-simple"},"_links":{"self":[{"href":"https:\/\/liquidmaster.pl\/en\/wp-json\/wp\/v2\/product\/1819283","targetHints":{"allow":["GET"]}}],"collection":[{"href":"https:\/\/liquidmaster.pl\/en\/wp-json\/wp\/v2\/product"}],"about":[{"href":"https:\/\/liquidmaster.pl\/en\/wp-json\/wp\/v2\/types\/product"}],"replies":[{"embeddable":true,"href":"https:\/\/liquidmaster.pl\/en\/wp-json\/wp\/v2\/comments?post=1819283"}],"wp:featuredmedia":[{"embeddable":true,"href":"https:\/\/liquidmaster.pl\/en\/wp-json\/wp\/v2\/media\/1850842"}],"wp:attachment":[{"href":"https:\/\/liquidmaster.pl\/en\/wp-json\/wp\/v2\/media?parent=1819283"}],"wp:term":[{"taxonomy":"product_brand","embeddable":true,"href":"https:\/\/liquidmaster.pl\/en\/wp-json\/wp\/v2\/product_brand?post=1819283"},{"taxonomy":"product_cat","embeddable":true,"href":"https:\/\/liquidmaster.pl\/en\/wp-json\/wp\/v2\/product_cat?post=1819283"},{"taxonomy":"product_tag","embeddable":true,"href":"https:\/\/liquidmaster.pl\/en\/wp-json\/wp\/v2\/product_tag?post=1819283"}],"curies":[{"name":"wp","href":"https:\/\/api.w.org\/{rel}","templated":true}]}}