{"id":1819281,"date":"2025-04-30T02:30:43","date_gmt":"2025-04-30T00:30:43","guid":{"rendered":"https:\/\/liquidmaster.pl\/fresso-ashton-twisted-pile-90x60cm-recznik-do-osuszania-samochodu\/"},"modified":"2026-04-19T03:29:08","modified_gmt":"2026-04-19T01:29:08","slug":"fresso-ashton-twisted-pile-90x60cm-recznik-do-osuszania-samochodu","status":"publish","type":"product","link":"https:\/\/liquidmaster.pl\/en\/fresso-ashton-twisted-pile-90x60cm-recznik-do-osuszania-samochodu\/","title":{"rendered":"Fresso Ashton Twisted Pile 90x60cm \u2013 Car Drying Towel"},"content":{"rendered":"<p>R\u0119cznik Ashton Twisted Pile to wysokiej jako\u015bci produkt, kt\u00f3ry zosta\u0142 wykonany z wykorzystaniem nowoczesnej, innowacyjnej technologii Twisted Pile. Jego specjalna struktura pozwala na komfortowe, skuteczne i szybkie osuszenie lakieru, bez smug i mikrorys.<\/p>\n<p>R\u0119cznik posiada z jednej strony spiralnie skr\u0119cone, mi\u0119kkie, puszyste, szybkoschn\u0105ce w\u0142\u00f3kna. Z drugiej znajduje si\u0119 kr\u00f3tkie w\u0142osie idealnie nadaj\u0105ce si\u0119 do osuszania szyb.<\/p>\n<p>Recommendations:<\/p>\n<ul>\n<li>Wypierz r\u0119cznik przed pierwszym u\u017cyciem.<\/li>\n<li>Wash at low temperature.<\/li>\n<li>Do not use bleach or softeners to care for it.<\/li>\n<li>Do not iron.<\/li>\n<\/ul>\n<p>Wymiary: 90 x 60 cm<br \/>\nGramatura: 600 g \/ m2<\/p>","protected":false},"excerpt":{"rendered":"<p>R\u0119cznik Ashton Twisted Pile to wysokiej jako\u015bci produkt, kt\u00f3ry zosta\u0142 wykonany z wykorzystaniem nowoczesnej, innowacyjnej technologii Twisted Pile. Jego specjalna struktura pozwala na komfortowe, skuteczne i szybkie osuszenie lakieru, bez smug i mikrorys. R\u0119cznik posiada z jednej strony spiralnie skr\u0119cone, mi\u0119kkie, puszyste, szybkoschn\u0105ce w\u0142\u00f3kna. Z drugiej znajduje si\u0119 kr\u00f3tkie w\u0142osie idealnie nadaj\u0105ce si\u0119 do osuszania&hellip;&nbsp;<a href=\"https:\/\/liquidmaster.pl\/en\/fresso-ashton-twisted-pile-90x60cm-recznik-do-osuszania-samochodu\/\" rel=\"bookmark\">Read More \u00bb<span class=\"screen-reader-text\">Fresso Ashton Twisted Pile 90x60cm \u2013 Car Drying Towel<\/span><\/a><\/p>","protected":false},"featured_media":1850841,"comment_status":"open","ping_status":"open","template":"","meta":{"neve_meta_sidebar":"","neve_meta_container":"","neve_meta_enable_content_width":"","neve_meta_content_width":0,"neve_meta_title_alignment":"","neve_meta_author_avatar":"","neve_post_elements_order":"","neve_meta_disable_header":"","neve_meta_disable_footer":"","neve_meta_disable_title":"","_themeisle_gutenberg_block_has_review":false},"product_brand":[],"product_cat":[734,733,781],"product_tag":[296],"class_list":{"0":"post-1819281","1":"product","2":"type-product","3":"status-publish","4":"has-post-thumbnail","6":"product_cat-mycie-i-osuszanie","7":"product_cat-na-zewnatrz","8":"product_cat-reczniki-do-osuszania","9":"product_tag-fresso","11":"first","12":"instock","13":"taxable","14":"shipping-taxable","15":"purchasable","16":"product-type-simple"},"_links":{"self":[{"href":"https:\/\/liquidmaster.pl\/en\/wp-json\/wp\/v2\/product\/1819281","targetHints":{"allow":["GET"]}}],"collection":[{"href":"https:\/\/liquidmaster.pl\/en\/wp-json\/wp\/v2\/product"}],"about":[{"href":"https:\/\/liquidmaster.pl\/en\/wp-json\/wp\/v2\/types\/product"}],"replies":[{"embeddable":true,"href":"https:\/\/liquidmaster.pl\/en\/wp-json\/wp\/v2\/comments?post=1819281"}],"wp:featuredmedia":[{"embeddable":true,"href":"https:\/\/liquidmaster.pl\/en\/wp-json\/wp\/v2\/media\/1850841"}],"wp:attachment":[{"href":"https:\/\/liquidmaster.pl\/en\/wp-json\/wp\/v2\/media?parent=1819281"}],"wp:term":[{"taxonomy":"product_brand","embeddable":true,"href":"https:\/\/liquidmaster.pl\/en\/wp-json\/wp\/v2\/product_brand?post=1819281"},{"taxonomy":"product_cat","embeddable":true,"href":"https:\/\/liquidmaster.pl\/en\/wp-json\/wp\/v2\/product_cat?post=1819281"},{"taxonomy":"product_tag","embeddable":true,"href":"https:\/\/liquidmaster.pl\/en\/wp-json\/wp\/v2\/product_tag?post=1819281"}],"curies":[{"name":"wp","href":"https:\/\/api.w.org\/{rel}","templated":true}]}}