{"id":1819266,"date":"2025-04-29T22:30:06","date_gmt":"2025-04-29T20:30:06","guid":{"rendered":"https:\/\/liquidmaster.pl\/shiny-garage-shampoo-one-5l-neutralny-szampon-do-mycia-karoserii\/"},"modified":"2026-04-19T03:35:58","modified_gmt":"2026-04-19T01:35:58","slug":"shiny-garage-shampoo-one-5l-neutralny-szampon-do-mycia-karoserii","status":"publish","type":"product","link":"https:\/\/liquidmaster.pl\/en\/shiny-garage-shampoo-one-5l-neutralny-szampon-do-mycia-karoserii\/","title":{"rendered":"Shiny Garage Shampoo One 5L \u2013 neutral bodywork shampoo"},"content":{"rendered":"<p>Shampoo ONE to jeden szampon samochodowy, kt\u00f3ry \u0142\u0105czy cechy naszych dw\u00f3ch najpopularniejszych szampon\u00f3w do lakieru samochodowego: Base Shampoo i Sleek Premium Shampoo. \u015awietnie si\u0119 pieni, zapewnia doskona\u0142y po\u015blizg i skutecznie usuwa zabrudzenia lakieru. Jednocze\u015bnie dzi\u0119ki wysokiemu st\u0119\u017ceniu, obni\u017ca koszt jednego mycia \u2014 wystarczy 5ml produktu na 10 l wody!<\/p>\n<p>Oferuj\u0105c to, co najlepsze, Shampoo ONE wyr\u00f3\u017cnia si\u0119 jako produkt do codziennej piel\u0119gnacji lakieru, kt\u00f3ry spe\u0142nia najwy\u017csze standardy detailingu.<\/p>\n<p>Najwa\u017cniejsze cechy Shampoo ONE<\/p>\n<ul>\n<li>Wydajny: 5\u201310 ml szamponu na 10 l wody<\/li>\n<li>Zapewnia doskona\u0142y po\u015blizg<\/li>\n<li>\u015awietnie si\u0119 pieni<\/li>\n<li>Ma neutralne pH<\/li>\n<li>\u0141atwo si\u0119 sp\u0142ukuje<\/li>\n<li>Przyci\u0105ga unikalnym zapachem, \u0142\u0105cz\u0105cym nuty drzewne, rum i kadzid\u0142o<\/li>\n<\/ul>\n<p>Usage<\/p>\n<p>Jak umy\u0107 auto z Shampoo ONE:<\/p>\n<li>Usu\u0144 lu\u017ane zabrudzenia z lakieru za pomoc\u0105 Pre Wash Concentrate lub Citrus Pre Cleaner.<\/li>\n<li>Wlej 5\u201310 ml szamponu na ka\u017cde 10 L wody.<\/li>\n<li>Lather the shampoo with a lance or hose water.<\/li>\n<li>Rozprowad\u017a po lakierze wzd\u0142u\u017cnymi ruchami za pomoc\u0105 g\u0105bki lub r\u0119kawicy. TIP: Zacznij od g\u00f3rnych partii nadwozia, nadkola, progi i felgi zostaw na koniec.<\/li>\n<li>Rinse with water under pressure.<\/li>\n<li>Osusz auto \u2014 wytrzyj do sucha such\u0105 mikrofibr\u0105.<\/li>\n<p>Wybierz Shampoo ONE i zobacz, jak \u0142atwo mo\u017cesz dba\u0107 o czysto\u015b\u0107 i ochron\u0119 lakieru, minimalizuj\u0105c przy tym koszty codziennej piel\u0119gnacji samochodu! Zam\u00f3w ju\u017c dzi\u015b, aby cieszy\u0107 si\u0119 profesjonaln\u0105 jako\u015bci\u0105 mycia za ka\u017cdym razem!<\/p>\n<p>Capacity: 5L<\/p>","protected":false},"excerpt":{"rendered":"<p>Shampoo ONE to jeden szampon samochodowy, kt\u00f3ry \u0142\u0105czy cechy naszych dw\u00f3ch najpopularniejszych szampon\u00f3w do lakieru samochodowego: Base Shampoo i Sleek Premium Shampoo. \u015awietnie si\u0119 pieni, zapewnia doskona\u0142y po\u015blizg i skutecznie usuwa zabrudzenia lakieru. Jednocze\u015bnie dzi\u0119ki wysokiemu st\u0119\u017ceniu, obni\u017ca koszt jednego mycia \u2014 wystarczy 5ml produktu na 10 l wody! Oferuj\u0105c to, co najlepsze, Shampoo ONE&hellip;&nbsp;<a href=\"https:\/\/liquidmaster.pl\/en\/shiny-garage-shampoo-one-5l-neutralny-szampon-do-mycia-karoserii\/\" rel=\"bookmark\">Read More \u00bb<span class=\"screen-reader-text\">Shiny Garage Shampoo One 5L \u2013 neutral bodywork shampoo<\/span><\/a><\/p>","protected":false},"featured_media":1851045,"comment_status":"open","ping_status":"open","template":"","meta":{"neve_meta_sidebar":"","neve_meta_container":"","neve_meta_enable_content_width":"","neve_meta_content_width":0,"neve_meta_title_alignment":"","neve_meta_author_avatar":"","neve_post_elements_order":"","neve_meta_disable_header":"","neve_meta_disable_footer":"","neve_meta_disable_title":"","_themeisle_gutenberg_block_has_review":false},"product_brand":[],"product_cat":[734,733,740],"product_tag":[360],"class_list":{"0":"post-1819266","1":"product","2":"type-product","3":"status-publish","4":"has-post-thumbnail","6":"product_cat-mycie-i-osuszanie","7":"product_cat-na-zewnatrz","8":"product_cat-szampony-mycie-i-osuszanie","9":"product_tag-shiny-garage","11":"first","12":"instock","13":"taxable","14":"shipping-taxable","15":"purchasable","16":"product-type-simple"},"_links":{"self":[{"href":"https:\/\/liquidmaster.pl\/en\/wp-json\/wp\/v2\/product\/1819266","targetHints":{"allow":["GET"]}}],"collection":[{"href":"https:\/\/liquidmaster.pl\/en\/wp-json\/wp\/v2\/product"}],"about":[{"href":"https:\/\/liquidmaster.pl\/en\/wp-json\/wp\/v2\/types\/product"}],"replies":[{"embeddable":true,"href":"https:\/\/liquidmaster.pl\/en\/wp-json\/wp\/v2\/comments?post=1819266"}],"wp:featuredmedia":[{"embeddable":true,"href":"https:\/\/liquidmaster.pl\/en\/wp-json\/wp\/v2\/media\/1851045"}],"wp:attachment":[{"href":"https:\/\/liquidmaster.pl\/en\/wp-json\/wp\/v2\/media?parent=1819266"}],"wp:term":[{"taxonomy":"product_brand","embeddable":true,"href":"https:\/\/liquidmaster.pl\/en\/wp-json\/wp\/v2\/product_brand?post=1819266"},{"taxonomy":"product_cat","embeddable":true,"href":"https:\/\/liquidmaster.pl\/en\/wp-json\/wp\/v2\/product_cat?post=1819266"},{"taxonomy":"product_tag","embeddable":true,"href":"https:\/\/liquidmaster.pl\/en\/wp-json\/wp\/v2\/product_tag?post=1819266"}],"curies":[{"name":"wp","href":"https:\/\/api.w.org\/{rel}","templated":true}]}}