{"id":1819263,"date":"2025-04-29T22:30:06","date_gmt":"2025-04-29T20:30:06","guid":{"rendered":"https:\/\/liquidmaster.pl\/shiny-garage-disssolver-targlue-remover-500ml-preparat-do-usuwania-smoly-i-kleju\/"},"modified":"2026-04-18T04:47:56","modified_gmt":"2026-04-18T02:47:56","slug":"shiny-garage-disssolver-targlue-remover-500ml-preparat-do-usuwania-smoly-i-kleju","status":"publish","type":"product","link":"https:\/\/liquidmaster.pl\/en\/shiny-garage-disssolver-targlue-remover-500ml-preparat-do-usuwania-smoly-i-kleju\/","title":{"rendered":"Shiny Garage Disssolver Tar&amp;Glue Remover 500ml \u2013 tar and glue remover"},"content":{"rendered":"<p>Dissolver Tar&amp;Glue Remover is a preparation intended for safe removal of tar, asphalt and glue residues from the surface of paint, rims and plastic. Neutral pH ensures safety for waxes and coatings. It works quickly and effectively thanks to a mixture of high-quality solvents and surfactants.<\/p>\n<ul>\n<li>quick application<\/li>\n<li>alkaline pH \u2013 10.0<\/li>\n<li>lightning fast action<\/li>\n<\/ul>\n<p>Usage:<\/p>\n<ul>\n<li>Make sure the surface is cool and clean<\/li>\n<li>Do not apply in direct sunlight<\/li>\n<\/ul>\n<li>Shake before use<\/li>\n<li>Leave on the surface for 5-10 minutes<\/li>\n<li>Rinse with water under pressure<\/li>\n<li>Wipe heavier dirt with a cloth soaked in the product<\/li>\n<li>Don&#039;t let it dry out<\/li>\n<p>Capacity: 500 ml<\/p>","protected":false},"excerpt":{"rendered":"<p>Dissolver Tar&#038;Glue Remover to preparat przeznaczony do bezpiecznego usuwania resztek smo\u0142y, asfaltu i kleju z powierzchni lakieru, felg i plastiku. Neutralne pH zapewnia bezpiecze\u0144stwo dla wosk\u00f3w i pow\u0142ok. Dzia\u0142a szybko i skutecznie dzi\u0119ki mieszaninie wysokiej jako\u015bci rozpuszczalnik\u00f3w i \u015brodk\u00f3w powierzchniowo czynnych. szybka aplikacja zasadowe pH &#8211; 10,0 b\u0142yskawiczne dzia\u0142anie Spos\u00f3b u\u017cycia: Upewnij si\u0119, \u017ce powierzchnia&hellip;&nbsp;<a href=\"https:\/\/liquidmaster.pl\/en\/shiny-garage-disssolver-targlue-remover-500ml-preparat-do-usuwania-smoly-i-kleju\/\" rel=\"bookmark\">Read More \u00bb<span class=\"screen-reader-text\">Shiny Garage Disssolver Tar&amp;Glue Remover 500ml \u2013 tar and glue remover<\/span><\/a><\/p>","protected":false},"featured_media":1851043,"comment_status":"open","ping_status":"open","template":"","meta":{"neve_meta_sidebar":"","neve_meta_container":"","neve_meta_enable_content_width":"","neve_meta_content_width":0,"neve_meta_title_alignment":"","neve_meta_author_avatar":"","neve_post_elements_order":"","neve_meta_disable_header":"","neve_meta_disable_footer":"","neve_meta_disable_title":"","_themeisle_gutenberg_block_has_review":false},"product_brand":[],"product_cat":[743,733,793],"product_tag":[360],"class_list":{"0":"post-1819263","1":"product","2":"type-product","3":"status-publish","4":"has-post-thumbnail","6":"product_cat-dekontaminacja","7":"product_cat-na-zewnatrz","8":"product_cat-usuwanie-smoly-i-kleju","9":"product_tag-shiny-garage","11":"first","12":"instock","13":"taxable","14":"shipping-taxable","15":"purchasable","16":"product-type-simple"},"_links":{"self":[{"href":"https:\/\/liquidmaster.pl\/en\/wp-json\/wp\/v2\/product\/1819263","targetHints":{"allow":["GET"]}}],"collection":[{"href":"https:\/\/liquidmaster.pl\/en\/wp-json\/wp\/v2\/product"}],"about":[{"href":"https:\/\/liquidmaster.pl\/en\/wp-json\/wp\/v2\/types\/product"}],"replies":[{"embeddable":true,"href":"https:\/\/liquidmaster.pl\/en\/wp-json\/wp\/v2\/comments?post=1819263"}],"wp:featuredmedia":[{"embeddable":true,"href":"https:\/\/liquidmaster.pl\/en\/wp-json\/wp\/v2\/media\/1851043"}],"wp:attachment":[{"href":"https:\/\/liquidmaster.pl\/en\/wp-json\/wp\/v2\/media?parent=1819263"}],"wp:term":[{"taxonomy":"product_brand","embeddable":true,"href":"https:\/\/liquidmaster.pl\/en\/wp-json\/wp\/v2\/product_brand?post=1819263"},{"taxonomy":"product_cat","embeddable":true,"href":"https:\/\/liquidmaster.pl\/en\/wp-json\/wp\/v2\/product_cat?post=1819263"},{"taxonomy":"product_tag","embeddable":true,"href":"https:\/\/liquidmaster.pl\/en\/wp-json\/wp\/v2\/product_tag?post=1819263"}],"curies":[{"name":"wp","href":"https:\/\/api.w.org\/{rel}","templated":true}]}}