{"id":1819251,"date":"2025-04-29T22:24:05","date_gmt":"2025-04-29T20:24:05","guid":{"rendered":"https:\/\/liquidmaster.pl\/kovax-ultimate-blade-cyklina-do-usuwania-wtracen\/"},"modified":"2026-04-18T04:47:35","modified_gmt":"2026-04-18T02:47:35","slug":"kovax-ultimate-blade-cyklina-do-usuwania-wtracen","status":"publish","type":"product","link":"https:\/\/liquidmaster.pl\/en\/kovax-ultimate-blade-cyklina-do-usuwania-wtracen\/","title":{"rendered":"Kovax Ultimate Blade &#8211; cyklina do usuwania wtr\u0105ce\u0144"},"content":{"rendered":"<p>Ultimate Blade to profesjonalna cyklina do lakieru wykonana z zaawansowanego technologicznie materia\u0142u ceramicznego.<\/p>\n<p>Ta najnowocze\u015bniejsza technologia czyni go absolutnym mistrzem w wycinaniu defekt\u00f3w przed szlifowaniem i polerowaniem.<\/p>\n<p>Dzi\u0119ki o\u015bmiu kraw\u0119dziom tn\u0105cym w jednym ceramicznym ostrzu, kt\u00f3re s\u0105 10 razy twardsze ni\u017c ostrza ze stali nierdzewnej, profesjonalne ostrze Ultimate Blade zapewnia ergonomiczn\u0105 obs\u0142ug\u0119 i doskona\u0142\u0105 trwa\u0142o\u015b\u0107.<\/p>\n<p>Ultimate Blade jest dostarczany w por\u0119cznym czarnym etui chroni\u0105cym ostrze i p\u00f3\u0142przezroczystym plastikowym pude\u0142ku do przechowywania zamykanym na zatrzask.<\/p>\n<p>Benefits:<\/p>\n<ul>\n<li>Zaawansowany technologicznie materia\u0142 ceramiczny<\/li>\n<li>10 razy twardsze ni\u017c ostrza ze stali nierdzewnej<\/li>\n<li>8 kraw\u0119dzi tn\u0105cych w jednym ostrzu<\/li>\n<li>Wyj\u0105tkowa trwa\u0142o\u015b\u0107<\/li>\n<li>Ergonomiczna obs\u0142uga<\/li>\n<li>For professional use<\/li>\n<\/ul>","protected":false},"excerpt":{"rendered":"<p>Ultimate Blade to profesjonalna cyklina do lakieru wykonana z zaawansowanego technologicznie materia\u0142u ceramicznego. Ta najnowocze\u015bniejsza technologia czyni go absolutnym mistrzem w wycinaniu defekt\u00f3w przed szlifowaniem i polerowaniem. Dzi\u0119ki o\u015bmiu kraw\u0119dziom tn\u0105cym w jednym ceramicznym ostrzu, kt\u00f3re s\u0105 10 razy twardsze ni\u017c ostrza ze stali nierdzewnej, profesjonalne ostrze Ultimate Blade zapewnia ergonomiczn\u0105 obs\u0142ug\u0119 i doskona\u0142\u0105 trwa\u0142o\u015b\u0107.&hellip;&nbsp;<a href=\"https:\/\/liquidmaster.pl\/en\/kovax-ultimate-blade-cyklina-do-usuwania-wtracen\/\" rel=\"bookmark\">Read More \u00bb<span class=\"screen-reader-text\">Kovax Ultimate Blade &#8211; cyklina do usuwania wtr\u0105ce\u0144<\/span><\/a><\/p>","protected":false},"featured_media":1850980,"comment_status":"open","ping_status":"open","template":"","meta":{"neve_meta_sidebar":"","neve_meta_container":"","neve_meta_enable_content_width":"","neve_meta_content_width":0,"neve_meta_title_alignment":"","neve_meta_author_avatar":"","neve_post_elements_order":"","neve_meta_disable_header":"","neve_meta_disable_footer":"","neve_meta_disable_title":"","_themeisle_gutenberg_block_has_review":false},"product_brand":[],"product_cat":[757,908,846],"product_tag":[314],"class_list":{"0":"post-1819251","1":"product","2":"type-product","3":"status-publish","4":"has-post-thumbnail","6":"product_cat-akcesoria","7":"product_cat-narzedzia","8":"product_cat-reszta","9":"product_tag-kovax","11":"first","12":"instock","13":"taxable","14":"shipping-taxable","15":"purchasable","16":"product-type-simple"},"_links":{"self":[{"href":"https:\/\/liquidmaster.pl\/en\/wp-json\/wp\/v2\/product\/1819251","targetHints":{"allow":["GET"]}}],"collection":[{"href":"https:\/\/liquidmaster.pl\/en\/wp-json\/wp\/v2\/product"}],"about":[{"href":"https:\/\/liquidmaster.pl\/en\/wp-json\/wp\/v2\/types\/product"}],"replies":[{"embeddable":true,"href":"https:\/\/liquidmaster.pl\/en\/wp-json\/wp\/v2\/comments?post=1819251"}],"wp:featuredmedia":[{"embeddable":true,"href":"https:\/\/liquidmaster.pl\/en\/wp-json\/wp\/v2\/media\/1850980"}],"wp:attachment":[{"href":"https:\/\/liquidmaster.pl\/en\/wp-json\/wp\/v2\/media?parent=1819251"}],"wp:term":[{"taxonomy":"product_brand","embeddable":true,"href":"https:\/\/liquidmaster.pl\/en\/wp-json\/wp\/v2\/product_brand?post=1819251"},{"taxonomy":"product_cat","embeddable":true,"href":"https:\/\/liquidmaster.pl\/en\/wp-json\/wp\/v2\/product_cat?post=1819251"},{"taxonomy":"product_tag","embeddable":true,"href":"https:\/\/liquidmaster.pl\/en\/wp-json\/wp\/v2\/product_tag?post=1819251"}],"curies":[{"name":"wp","href":"https:\/\/api.w.org\/{rel}","templated":true}]}}