{"id":1819225,"date":"2025-04-29T19:12:06","date_gmt":"2025-04-29T17:12:06","guid":{"rendered":"https:\/\/liquidmaster.pl\/shinemate-da-ex620-6-21-talerz-148mm-skok-21mm-maszyna-polerska\/"},"modified":"2026-04-18T04:21:06","modified_gmt":"2026-04-18T02:21:06","slug":"shinemate-da-ex620-6-21-talerz-148mm-skok-21mm-maszyna-polerska","status":"publish","type":"product","link":"https:\/\/liquidmaster.pl\/en\/shinemate-da-ex620-621-talerz-148mm-skok-21mm-maszyna-polerska\/","title":{"rendered":"ShineMate DA EX620-6\/21, talerz 148mm, skok 21mm -maszyna polerska"},"content":{"rendered":"<p>Polerka dual action EX620 jest jednym z nowych produkt\u00f3w serii ShineMate EX. Ma doskona\u0142\u0105 wydajno\u015b\u0107, a moc i pr\u0119dko\u015b\u0107 s\u0105 znacznie ulepszone. Maszyna jest zbudowana z wykorzystaniem technologii t\u0142umienia wibracji i wysoce precyzyjnych technik CNC w celu optymalizacji pracy, a ergonomiczna konstrukcja zmniejsza zm\u0119czenie u\u017cytkownika. W po\u0142\u0105czeniu z nowymi materia\u0142ami polerskimi mo\u017cna osi\u0105gn\u0105\u0107 wydajne polerowanie.<\/p>\n<ul>\n<li>Ulepszona Moc: znamionowa 800 W (Maks. 1200 W);<\/li>\n<li>Moc zwi\u0119kszona o 60%;<\/li>\n<li>Precyzyjne Komponenty: dzi\u0119ki precyzyjnej technice CNC;<\/li>\n<li>Zwi\u0119kszona Pr\u0119dko\u015b\u0107: do 5800 obr.\/ min dla wi\u0119kszej wydajno\u015bci polerowania;<\/li>\n<li>Progresywny Przycisk: precyzyjna kontrola pr\u0119dko\u015bci;<\/li>\n<li>Technologia T\u0142umienia Wibracji: znakomicie wywa\u017cona dla p\u0142ynnej pracy;<\/li>\n<li>Inteligentna Kontrola Pr\u0119dko\u015bci: sta\u0142a pr\u0119dko\u015b\u0107 wyj\u015bciowa pod obci\u0105\u017ceniem.<\/li>\n<\/ul>\n<p>\u00a0<\/p>\n<p>\u00a0<\/p>\n<p>\u00a0<\/p>\n<p>Model:<\/p>\n<p>EX620-6\/21<\/p>\n<p>\u00a0<\/p>\n<p>Skok:<\/p>\n<p>21 mm<\/p>\n<p>\u00a0<\/p>\n<p>Backing plate:<\/p>\n<p>148 mm<\/p>\n<p>\u00a0<\/p>\n<p>G\u0105bka\/ Futro polerskie:<\/p>\n<p>180 mm<\/p>\n<p>\u00a0<\/p>\n<p>Moc wej\u015bciowa:<\/p>\n<p>Znamionowa 800 W<\/p>\n<p>\u00a0<\/p>\n<p>\u00a0<\/p>\n<p>Maks.1200 W<\/p>\n<p>\u00a0<\/p>\n<p>RPM range:<\/p>\n<p>3000 &#8211; 5800 obr.\/min<\/p>\n<p>\u00a0<\/p>\n<p>Waga:<\/p>\n<p>2,60 kg<\/p>\n<p>\u00a0<\/p>\n<p>Gwint:<\/p>\n<p>M8<\/p>\n<p>\u00a0<\/p>\n<p>Accessories:<\/p>\n<p>G\u0105bka polerska 150 mm &#8211; 2 szt.<\/p>\n<p>\u00a0<\/p>\n<p>\u00a0<\/p>\n<p>Futro polerskie 140 mm &#8211; 1 szt.<\/p>\n<p>\u00a0<\/p>\n<p>\u00a0<\/p>\n<p>Mikrofibra polerska 140 mm &#8211; 1 szt.<\/p>\n<p>\u00a0<\/p>\n<p>\u00a0<\/p>\n<p>Key<\/p>\n<p>\u00a0<\/p>\n<p>\u00a0<\/p>\n<p>Szczotki<\/p>","protected":false},"excerpt":{"rendered":"<p>Polerka dual action EX620 jest jednym z nowych produkt\u00f3w serii ShineMate EX. Ma doskona\u0142\u0105 wydajno\u015b\u0107, a moc i pr\u0119dko\u015b\u0107 s\u0105 znacznie ulepszone. Maszyna jest zbudowana z wykorzystaniem technologii t\u0142umienia wibracji i wysoce precyzyjnych technik CNC w celu optymalizacji pracy, a ergonomiczna konstrukcja zmniejsza zm\u0119czenie u\u017cytkownika. W po\u0142\u0105czeniu z nowymi materia\u0142ami polerskimi mo\u017cna osi\u0105gn\u0105\u0107 wydajne polerowanie.&hellip;&nbsp;<a href=\"https:\/\/liquidmaster.pl\/en\/shinemate-da-ex620-621-talerz-148mm-skok-21mm-maszyna-polerska\/\" rel=\"bookmark\">Read More \u00bb<span class=\"screen-reader-text\">ShineMate DA EX620-6\/21, talerz 148mm, skok 21mm -maszyna polerska<\/span><\/a><\/p>","protected":false},"featured_media":1843432,"comment_status":"open","ping_status":"open","template":"","meta":{"neve_meta_sidebar":"","neve_meta_container":"","neve_meta_enable_content_width":"","neve_meta_content_width":0,"neve_meta_title_alignment":"","neve_meta_author_avatar":"","neve_post_elements_order":"","neve_meta_disable_header":"","neve_meta_disable_footer":"","neve_meta_disable_title":"","_themeisle_gutenberg_block_has_review":false},"product_brand":[],"product_cat":[807,806,748],"product_tag":[359],"class_list":{"0":"post-1819225","1":"product","2":"type-product","3":"status-publish","4":"has-post-thumbnail","6":"product_cat-maszyny-dual-action","7":"product_cat-maszyny-polerskie","8":"product_cat-polerowanie","9":"product_tag-shine-mate","11":"first","12":"outofstock","13":"taxable","14":"shipping-taxable","15":"purchasable","16":"product-type-simple"},"_links":{"self":[{"href":"https:\/\/liquidmaster.pl\/en\/wp-json\/wp\/v2\/product\/1819225","targetHints":{"allow":["GET"]}}],"collection":[{"href":"https:\/\/liquidmaster.pl\/en\/wp-json\/wp\/v2\/product"}],"about":[{"href":"https:\/\/liquidmaster.pl\/en\/wp-json\/wp\/v2\/types\/product"}],"replies":[{"embeddable":true,"href":"https:\/\/liquidmaster.pl\/en\/wp-json\/wp\/v2\/comments?post=1819225"}],"wp:featuredmedia":[{"embeddable":true,"href":"https:\/\/liquidmaster.pl\/en\/wp-json\/wp\/v2\/media\/1843432"}],"wp:attachment":[{"href":"https:\/\/liquidmaster.pl\/en\/wp-json\/wp\/v2\/media?parent=1819225"}],"wp:term":[{"taxonomy":"product_brand","embeddable":true,"href":"https:\/\/liquidmaster.pl\/en\/wp-json\/wp\/v2\/product_brand?post=1819225"},{"taxonomy":"product_cat","embeddable":true,"href":"https:\/\/liquidmaster.pl\/en\/wp-json\/wp\/v2\/product_cat?post=1819225"},{"taxonomy":"product_tag","embeddable":true,"href":"https:\/\/liquidmaster.pl\/en\/wp-json\/wp\/v2\/product_tag?post=1819225"}],"curies":[{"name":"wp","href":"https:\/\/api.w.org\/{rel}","templated":true}]}}