{"id":1818889,"date":"2025-04-20T04:14:05","date_gmt":"2025-04-20T02:14:05","guid":{"rendered":"https:\/\/liquidmaster.pl\/carpro-wheelx-4l-profesjonalny-srodek-do-czyszczenia-felg\/"},"modified":"2026-04-18T04:47:39","modified_gmt":"2026-04-18T02:47:39","slug":"carpro-wheelx-4l-profesjonalny-srodek-do-czyszczenia-felg","status":"publish","type":"product","link":"https:\/\/liquidmaster.pl\/en\/carpro-wheelx-4l-profesjonalny-srodek-do-czyszczenia-felg\/","title":{"rendered":"CarPro WheelX 4L \u2013 professional rim cleaner"},"content":{"rendered":"<p>CarPro WheelX \u2013 Profesjonalny \u015brodek do czyszczenia felg<\/p>\n<p>CarPro WheelX to wyj\u0105tkowy \u015brodek czyszcz\u0105cy, zaprojektowany z my\u015bl\u0105 o szybkim i efektywnym usuwaniu zanieczyszcze\u0144 z felg. Dzi\u0119ki specjalnej formule, produkt jest bezpieczny dla wszystkich rodzaj\u00f3w felg \u2013 zar\u00f3wno aluminiowych, jak i stalowych \u2013 oraz nie uszkadza powierzchni lakierowanych ani innych materia\u0142\u00f3w. CarPro WheelX skutecznie rozpuszcza brud, py\u0142 hamulcowy, smar oraz inne trudne do usuni\u0119cia zanieczyszczenia, przywracaj\u0105c felgom ich pierwotny blask.<\/p>\n<p>Najwa\u017cniejsze cechy CarPro WheelX:<\/p>\n<ul>\n<li>Skutecznie usuwa py\u0142 hamulcowy, brud, smar oraz inne trudne zanieczyszczenia.<\/li>\n<li>Bezpieczny dla wszystkich typ\u00f3w felg \u2013 aluminiowych, stalowych i lakierowanych.<\/li>\n<li>U\u0142atwia codzienn\u0105 piel\u0119gnacj\u0119 i utrzymanie felg w czysto\u015bci.<\/li>\n<li>Szybka i \u0142atwa aplikacja \u2013 wystarczy spryska\u0107 i sp\u0142uka\u0107.<\/li>\n<li>Przyjazny dla \u015brodowiska i bezpieczny w u\u017cyciu.<\/li>\n<\/ul>\n<p>CarPro WheelX to niezb\u0119dnik w piel\u0119gnacji felg samochodowych, zapewniaj\u0105cy szybkie i skuteczne czyszczenie bez ryzyka uszkodzenia powierzchni. Wybierz CarPro WheelX, aby Twoje felgi zawsze wygl\u0105da\u0142y jak nowe!<\/p>\n<p>Capacity: 4L<\/p>","protected":false},"excerpt":{"rendered":"<p>CarPro WheelX \u2013 Profesjonalny \u015brodek do czyszczenia felg CarPro WheelX to wyj\u0105tkowy \u015brodek czyszcz\u0105cy, zaprojektowany z my\u015bl\u0105 o szybkim i efektywnym usuwaniu zanieczyszcze\u0144 z felg. Dzi\u0119ki specjalnej formule, produkt jest bezpieczny dla wszystkich rodzaj\u00f3w felg \u2013 zar\u00f3wno aluminiowych, jak i stalowych \u2013 oraz nie uszkadza powierzchni lakierowanych ani innych materia\u0142\u00f3w. CarPro WheelX skutecznie rozpuszcza brud,&hellip;&nbsp;<a href=\"https:\/\/liquidmaster.pl\/en\/carpro-wheelx-4l-profesjonalny-srodek-do-czyszczenia-felg\/\" rel=\"bookmark\">Read More \u00bb<span class=\"screen-reader-text\">CarPro WheelX 4L \u2013 professional rim cleaner<\/span><\/a><\/p>","protected":false},"featured_media":1850996,"comment_status":"open","ping_status":"open","template":"","meta":{"neve_meta_sidebar":"","neve_meta_container":"","neve_meta_enable_content_width":"","neve_meta_content_width":0,"neve_meta_title_alignment":"","neve_meta_author_avatar":"","neve_post_elements_order":"","neve_meta_disable_header":"","neve_meta_disable_footer":"","neve_meta_disable_title":"","_themeisle_gutenberg_block_has_review":false},"product_brand":[],"product_cat":[746,745,733],"product_tag":[275],"class_list":{"0":"post-1818889","1":"product","2":"type-product","3":"status-publish","4":"has-post-thumbnail","6":"product_cat-czyszczenie-felg","7":"product_cat-kola-i-opony","8":"product_cat-na-zewnatrz","9":"product_tag-carpro","11":"first","12":"instock","13":"taxable","14":"shipping-taxable","15":"purchasable","16":"product-type-simple"},"_links":{"self":[{"href":"https:\/\/liquidmaster.pl\/en\/wp-json\/wp\/v2\/product\/1818889","targetHints":{"allow":["GET"]}}],"collection":[{"href":"https:\/\/liquidmaster.pl\/en\/wp-json\/wp\/v2\/product"}],"about":[{"href":"https:\/\/liquidmaster.pl\/en\/wp-json\/wp\/v2\/types\/product"}],"replies":[{"embeddable":true,"href":"https:\/\/liquidmaster.pl\/en\/wp-json\/wp\/v2\/comments?post=1818889"}],"wp:featuredmedia":[{"embeddable":true,"href":"https:\/\/liquidmaster.pl\/en\/wp-json\/wp\/v2\/media\/1850996"}],"wp:attachment":[{"href":"https:\/\/liquidmaster.pl\/en\/wp-json\/wp\/v2\/media?parent=1818889"}],"wp:term":[{"taxonomy":"product_brand","embeddable":true,"href":"https:\/\/liquidmaster.pl\/en\/wp-json\/wp\/v2\/product_brand?post=1818889"},{"taxonomy":"product_cat","embeddable":true,"href":"https:\/\/liquidmaster.pl\/en\/wp-json\/wp\/v2\/product_cat?post=1818889"},{"taxonomy":"product_tag","embeddable":true,"href":"https:\/\/liquidmaster.pl\/en\/wp-json\/wp\/v2\/product_tag?post=1818889"}],"curies":[{"name":"wp","href":"https:\/\/api.w.org\/{rel}","templated":true}]}}