{"id":1818126,"date":"2025-04-18T08:18:05","date_gmt":"2025-04-18T06:18:05","guid":{"rendered":"https:\/\/liquidmaster.pl\/benbow-wiadro-20l-biale-wiadro-z-czarnym-separatorem\/"},"modified":"2026-04-18T04:41:37","modified_gmt":"2026-04-18T02:41:37","slug":"benbow-wiadro-20l-biale-wiadro-z-czarnym-separatorem","status":"publish","type":"product","link":"https:\/\/liquidmaster.pl\/en\/benbow-000782-biale-wiadro-detailingowe-20l-z-czarnym-separatorem\/","title":{"rendered":"Benbow 000782 \u2013 20L white detailing bucket with black separator"},"content":{"rendered":"<p>Wiadro detalingowe o pojemno\u015bci 20 litr\u00f3w, wykonane z wytrzyma\u0142ego, grubego plastiku, idealne do profesjonalnego i domowego u\u017cytku.<\/p>\n<ul>\n<li>Wytrzyma\u0142e wykonanie: Solidny plastik zapewnia d\u0142ug\u0105 \u017cywotno\u015b\u0107 produktu.<\/li>\n<li>Czysto\u015b\u0107: Czarny separator utrzymuje brud na dnie wiadra, zapobiegaj\u0105c zadrapaniom i uszkodzeniom lakieru.<\/li>\n<\/ul>\n<p>Bia\u0142e wiadro 20L z czarnym separatorem od Benbow to niezawodne narz\u0119dzie, kt\u00f3re zapewnia komfort i bezpiecze\u0144stwo pracy przy myciu pojazd\u00f3w.<\/p>","protected":false},"excerpt":{"rendered":"<p>Wiadro detalingowe o pojemno\u015bci 20 litr\u00f3w, wykonane z wytrzyma\u0142ego, grubego plastiku, idealne do profesjonalnego i domowego u\u017cytku. Wytrzyma\u0142e wykonanie: Solidny plastik zapewnia d\u0142ug\u0105 \u017cywotno\u015b\u0107 produktu. Czysto\u015b\u0107: Czarny separator utrzymuje brud na dnie wiadra, zapobiegaj\u0105c zadrapaniom i uszkodzeniom lakieru. Bia\u0142e wiadro 20L z czarnym separatorem od Benbow to niezawodne narz\u0119dzie, kt\u00f3re zapewnia komfort i bezpiecze\u0144stwo pracy&hellip;&nbsp;<a href=\"https:\/\/liquidmaster.pl\/en\/benbow-000782-biale-wiadro-detailingowe-20l-z-czarnym-separatorem\/\" rel=\"bookmark\">Read More \u00bb<span class=\"screen-reader-text\">Benbow 000782 \u2013 20L white detailing bucket with black separator<\/span><\/a><\/p>","protected":false},"featured_media":1850838,"comment_status":"open","ping_status":"open","template":"","meta":{"neve_meta_sidebar":"","neve_meta_container":"","neve_meta_enable_content_width":"","neve_meta_content_width":0,"neve_meta_title_alignment":"","neve_meta_author_avatar":"","neve_post_elements_order":"","neve_meta_disable_header":"","neve_meta_disable_footer":"","neve_meta_disable_title":"","_themeisle_gutenberg_block_has_review":false},"product_brand":[],"product_cat":[734,733,782],"product_tag":[268],"class_list":{"0":"post-1818126","1":"product","2":"type-product","3":"status-publish","4":"has-post-thumbnail","6":"product_cat-mycie-i-osuszanie","7":"product_cat-na-zewnatrz","8":"product_cat-wiadra-i-separatory","9":"product_tag-benbow","11":"first","12":"instock","13":"taxable","14":"shipping-taxable","15":"purchasable","16":"product-type-simple"},"_links":{"self":[{"href":"https:\/\/liquidmaster.pl\/en\/wp-json\/wp\/v2\/product\/1818126","targetHints":{"allow":["GET"]}}],"collection":[{"href":"https:\/\/liquidmaster.pl\/en\/wp-json\/wp\/v2\/product"}],"about":[{"href":"https:\/\/liquidmaster.pl\/en\/wp-json\/wp\/v2\/types\/product"}],"replies":[{"embeddable":true,"href":"https:\/\/liquidmaster.pl\/en\/wp-json\/wp\/v2\/comments?post=1818126"}],"wp:featuredmedia":[{"embeddable":true,"href":"https:\/\/liquidmaster.pl\/en\/wp-json\/wp\/v2\/media\/1850838"}],"wp:attachment":[{"href":"https:\/\/liquidmaster.pl\/en\/wp-json\/wp\/v2\/media?parent=1818126"}],"wp:term":[{"taxonomy":"product_brand","embeddable":true,"href":"https:\/\/liquidmaster.pl\/en\/wp-json\/wp\/v2\/product_brand?post=1818126"},{"taxonomy":"product_cat","embeddable":true,"href":"https:\/\/liquidmaster.pl\/en\/wp-json\/wp\/v2\/product_cat?post=1818126"},{"taxonomy":"product_tag","embeddable":true,"href":"https:\/\/liquidmaster.pl\/en\/wp-json\/wp\/v2\/product_tag?post=1818126"}],"curies":[{"name":"wp","href":"https:\/\/api.w.org\/{rel}","templated":true}]}}