{"id":1818124,"date":"2025-04-18T08:18:05","date_gmt":"2025-04-18T06:18:05","guid":{"rendered":"https:\/\/liquidmaster.pl\/benbow-blue-storm-pro-101-pistolet-czyszczacy-z-metalowa-tuba\/"},"modified":"2026-04-20T08:21:56","modified_gmt":"2026-04-20T06:21:56","slug":"benbow-blue-storm-pro-101-pistolet-czyszczacy-z-metalowa-tuba","status":"publish","type":"product","link":"https:\/\/liquidmaster.pl\/en\/benbow-000101-blue-storm-pistolet-czyszczacy-z-metalowa-tuba\/","title":{"rendered":"Benbow 000101 Blue Storm \u2013 Cleaning Gun with Metal Tube"},"content":{"rendered":"<p>BenBow Metall PRO washing gun with dispenser - reinforced nozzle version<br \/>\nA professional cleaning gun that uses compressed air to effectively remove stubborn dirt from the car&#039;s body and interior. Ideal for interior detailing, it can tackle vents, air conditioning, upholstery, carpets, and hard-to-reach crevices.<\/p>\n<p>Equipped with a rotating nozzle and a blue BenBow hose, it guarantees long life and thorough cleaning with minimal water and chemical consumption. The PRO version has a swivel joint for increased comfort.<\/p>\n<p>Advantages:<\/p>\n<ul>\n<li>Effective cleaning of even the toughest stains<\/li>\n<li>Low consumption of water and cleaning agents<\/li>\n<li>Swivel joint in the PRO version for greater freedom of movement<\/li>\n<li>Durable metal construction<\/li>\n<\/ul>","protected":false},"excerpt":{"rendered":"<p>Pistolet pior\u0105cy BenBow Metall PRO z dozownikiem \u2013 wersja ze wzmocnion\u0105 dysz\u0105 Profesjonalny pistolet czyszcz\u0105cy, kt\u00f3ry dzi\u0119ki spr\u0119\u017conemu powietrzu skutecznie usuwa uporczywe zabrudzenia z karoserii i wn\u0119trza auta. Idealny do detailingu wn\u0119trz \u2013 radzi sobie z nawiewami, klimatyzacj\u0105, tapicerk\u0105, dywanikami i trudno dost\u0119pnymi szczelinami. Wyposa\u017cony w wiruj\u0105c\u0105 dysz\u0119 z niebieskim w\u0119\u017cykiem BenBow \u2013 gwarancj\u0119 d\u0142ugiej&hellip;&nbsp;<a href=\"https:\/\/liquidmaster.pl\/en\/benbow-000101-blue-storm-pistolet-czyszczacy-z-metalowa-tuba\/\" rel=\"bookmark\">Read More \u00bb<span class=\"screen-reader-text\">Benbow 000101 Blue Storm \u2013 Cleaning Gun with Metal Tube<\/span><\/a><\/p>","protected":false},"featured_media":1850837,"comment_status":"open","ping_status":"open","template":"","meta":{"neve_meta_sidebar":"","neve_meta_container":"","neve_meta_enable_content_width":"","neve_meta_content_width":0,"neve_meta_title_alignment":"","neve_meta_author_avatar":"","neve_post_elements_order":"","neve_meta_disable_header":"","neve_meta_disable_footer":"","neve_meta_disable_title":"","_themeisle_gutenberg_block_has_review":false},"product_brand":[],"product_cat":[757,942,846],"product_tag":[268],"class_list":{"0":"post-1818124","1":"product","2":"type-product","3":"status-publish","4":"has-post-thumbnail","6":"product_cat-akcesoria","7":"product_cat-pneumatyczne-pistolety-czyszczace","8":"product_cat-reszta","9":"product_tag-benbow","11":"first","12":"instock","13":"taxable","14":"shipping-taxable","15":"purchasable","16":"product-type-simple"},"_links":{"self":[{"href":"https:\/\/liquidmaster.pl\/en\/wp-json\/wp\/v2\/product\/1818124","targetHints":{"allow":["GET"]}}],"collection":[{"href":"https:\/\/liquidmaster.pl\/en\/wp-json\/wp\/v2\/product"}],"about":[{"href":"https:\/\/liquidmaster.pl\/en\/wp-json\/wp\/v2\/types\/product"}],"replies":[{"embeddable":true,"href":"https:\/\/liquidmaster.pl\/en\/wp-json\/wp\/v2\/comments?post=1818124"}],"wp:featuredmedia":[{"embeddable":true,"href":"https:\/\/liquidmaster.pl\/en\/wp-json\/wp\/v2\/media\/1850837"}],"wp:attachment":[{"href":"https:\/\/liquidmaster.pl\/en\/wp-json\/wp\/v2\/media?parent=1818124"}],"wp:term":[{"taxonomy":"product_brand","embeddable":true,"href":"https:\/\/liquidmaster.pl\/en\/wp-json\/wp\/v2\/product_brand?post=1818124"},{"taxonomy":"product_cat","embeddable":true,"href":"https:\/\/liquidmaster.pl\/en\/wp-json\/wp\/v2\/product_cat?post=1818124"},{"taxonomy":"product_tag","embeddable":true,"href":"https:\/\/liquidmaster.pl\/en\/wp-json\/wp\/v2\/product_tag?post=1818124"}],"curies":[{"name":"wp","href":"https:\/\/api.w.org\/{rel}","templated":true}]}}