{"id":1818118,"date":"2025-04-18T08:16:40","date_gmt":"2025-04-18T06:16:40","guid":{"rendered":"https:\/\/liquidmaster.pl\/gyeon-q2m-totalremover-500ml-skuteczne-usuwanie-powlok-i-sealantow\/"},"modified":"2026-04-19T03:29:04","modified_gmt":"2026-04-19T01:29:04","slug":"gyeon-q2m-totalremover-500ml-skuteczne-usuwanie-powlok-i-sealantow","status":"publish","type":"product","link":"https:\/\/liquidmaster.pl\/en\/gyeon-q2m-totalremover-500ml-skuteczne-usuwanie-powlok-i-sealantow\/","title":{"rendered":"Gyeon Q2M TotalRemover 500ml \u2013 effective removal of coatings and sealants"},"content":{"rendered":"<p>EFFECTIVE REMOVAL OF COATINGS AND SEALANTS<br \/>\nQ\u00b2M TotalRemover has been designed to remove everything from the exterior surfaces of vehicles without damaging them. Starting from sealants, old coatings, and ending with factory maintenance. Perfect for preparing the paint of brand new cars before applying the coating or for removing old coatings without the need for intensive polishing.<\/p>\n<p>START FRESH<br \/>\nQ\u00b2M TotalRemover will help you chemically weaken any coating, allowing you to properly apply a new coating or any paint protection product without the risk of weakening the bond to the paint surface. Particularly helpful in the case of matte varnishes or streaks appearing during the application of coatings.<\/p>\n<p>TIPS AND TRICKS FROM YVES HEYLEN<br \/>\nQ\u00b2M TotalRemover should be used on clean, wet bodywork. I recommend using it during pre-wash. Spray the panel generously and, to achieve maximum efficiency, spread the product with a glove, e.g. Q\u00b2M SilkMitt EVO. Leave for 30 seconds and rinse the item. Work panel by panel.<\/p>\n<p>Capacity: 500 ml<\/p>\n<p>\u00a0<\/p>","protected":false},"excerpt":{"rendered":"<p>SKUTECZNE USUWANIE POW\u0141OK I SEALANT\u00d3W Q\u00b2M TotalRemover zosta\u0142 opracowany tak, aby usuwa\u0107 wszystko z zewn\u0119trznych powierzchni pojazd\u00f3w, nie uszkadzaj\u0105c ich. Pocz\u0105wszy od sealant\u00f3w, starych pow\u0142ok, a na fabrycznej konserwacji ko\u0144cz\u0105c. Idealny do przygotowania lakieru fabrycznie nowych samochod\u00f3w przed aplikacj\u0105 pow\u0142oki lub do usuwania starych pow\u0142ok bez konieczno\u015bci intensywnego polerowania. ZACZNIJ NA \u015aWIE\u017bO Q\u00b2M TotalRemover pomo\u017ce&hellip;&nbsp;<a href=\"https:\/\/liquidmaster.pl\/en\/gyeon-q2m-totalremover-500ml-skuteczne-usuwanie-powlok-i-sealantow\/\" rel=\"bookmark\">Read More \u00bb<span class=\"screen-reader-text\">Gyeon Q2M TotalRemover 500ml \u2013 effective removal of coatings and sealants<\/span><\/a><\/p>","protected":false},"featured_media":1850834,"comment_status":"open","ping_status":"open","template":"","meta":{"neve_meta_sidebar":"","neve_meta_container":"","neve_meta_enable_content_width":"","neve_meta_content_width":0,"neve_meta_title_alignment":"","neve_meta_author_avatar":"","neve_post_elements_order":"","neve_meta_disable_header":"","neve_meta_disable_footer":"","neve_meta_disable_title":"","_themeisle_gutenberg_block_has_review":false},"product_brand":[],"product_cat":[820,733,808],"product_tag":[302],"class_list":{"0":"post-1818118","1":"product","2":"type-product","3":"status-publish","4":"has-post-thumbnail","6":"product_cat-cleanery-pre-wax","7":"product_cat-na-zewnatrz","8":"product_cat-przygotowanie-lakieru","9":"product_tag-gyeon","11":"first","12":"instock","13":"taxable","14":"shipping-taxable","15":"purchasable","16":"product-type-simple"},"_links":{"self":[{"href":"https:\/\/liquidmaster.pl\/en\/wp-json\/wp\/v2\/product\/1818118","targetHints":{"allow":["GET"]}}],"collection":[{"href":"https:\/\/liquidmaster.pl\/en\/wp-json\/wp\/v2\/product"}],"about":[{"href":"https:\/\/liquidmaster.pl\/en\/wp-json\/wp\/v2\/types\/product"}],"replies":[{"embeddable":true,"href":"https:\/\/liquidmaster.pl\/en\/wp-json\/wp\/v2\/comments?post=1818118"}],"wp:featuredmedia":[{"embeddable":true,"href":"https:\/\/liquidmaster.pl\/en\/wp-json\/wp\/v2\/media\/1850834"}],"wp:attachment":[{"href":"https:\/\/liquidmaster.pl\/en\/wp-json\/wp\/v2\/media?parent=1818118"}],"wp:term":[{"taxonomy":"product_brand","embeddable":true,"href":"https:\/\/liquidmaster.pl\/en\/wp-json\/wp\/v2\/product_brand?post=1818118"},{"taxonomy":"product_cat","embeddable":true,"href":"https:\/\/liquidmaster.pl\/en\/wp-json\/wp\/v2\/product_cat?post=1818118"},{"taxonomy":"product_tag","embeddable":true,"href":"https:\/\/liquidmaster.pl\/en\/wp-json\/wp\/v2\/product_tag?post=1818118"}],"curies":[{"name":"wp","href":"https:\/\/api.w.org\/{rel}","templated":true}]}}