{"id":1818112,"date":"2025-04-18T08:16:05","date_gmt":"2025-04-18T06:16:05","guid":{"rendered":"https:\/\/liquidmaster.pl\/gyeon-q2-tire-500ml-dressing-do-opon-z-dodatkiem-kwarcu\/"},"modified":"2026-04-20T08:21:52","modified_gmt":"2026-04-20T06:21:52","slug":"gyeon-q2-tire-500ml-dressing-do-opon-z-dodatkiem-kwarcu","status":"publish","type":"product","link":"https:\/\/liquidmaster.pl\/en\/gyeon-q2-tire-500ml-dressing-do-opon-z-dodatkiem-kwarcu\/","title":{"rendered":"Gyeon Q2 Tire 500ml \u2013 tire dressing with added quartz"},"content":{"rendered":"<p>The world&#039;s first tire preparation with SiO2, now in new packaging and capacity!<\/p>\n<p>Advanced user-friendly silicon technologies Q\u00b2 Tire is the first and only tire coating based on SiO\u2082. It guarantees not only durability, but also a great visual effect. The product can be layered and heated to achieve even greater durability.<\/p>\n<p>DURABLE Q\u00b2 Tire is extremely efficient at repelling dirt and is a product that will last at least several washes.<\/p>\n<p>It remains on the surface even during pressure washing, and its ability to penetrate rubber guarantees a long-lasting visual effect. Q\u00b2 Tire not only protects tires, but also improves their appearance, making the walls look like brand new with a clearly saturated color. This effect continues even after the hydrophobic properties deteriorate.<\/p>\n<p>Capacity: 500 ml<\/p>\n<p>\u00a0<\/p>","protected":false},"excerpt":{"rendered":"<p>Pierwszy na \u015bwiecie preparat do opon z SiO2, teraz w nowym opakowaniu i pojemno\u015bci! Zaawansowane technologie krzemowe przyjazne u\u017cytkownikowi Q\u00b2 Tire to pierwsza i jedyna pow\u0142oka do opon bazuj\u0105ca na SiO\u2082. Gwarantuje nie tylko trwa\u0142o\u015b\u0107, ale te\u017c \u015bwietny efekt wizualny. Produkt mo\u017ce by\u0107 warstwowany i podgrzewany, aby osi\u0105gn\u0105\u0107 jeszcze wi\u0119ksz\u0105 \u017cywotno\u015b\u0107. TRWA\u0141Y Q\u00b2 Tire jest&hellip;&nbsp;<a href=\"https:\/\/liquidmaster.pl\/en\/gyeon-q2-tire-500ml-dressing-do-opon-z-dodatkiem-kwarcu\/\" rel=\"bookmark\">Read More \u00bb<span class=\"screen-reader-text\">Gyeon Q2 Tire 500ml \u2013 tire dressing with added quartz<\/span><\/a><\/p>","protected":false},"featured_media":1850831,"comment_status":"open","ping_status":"open","template":"","meta":{"neve_meta_sidebar":"","neve_meta_container":"","neve_meta_enable_content_width":"","neve_meta_content_width":0,"neve_meta_title_alignment":"","neve_meta_author_avatar":"","neve_post_elements_order":"","neve_meta_disable_header":"","neve_meta_disable_footer":"","neve_meta_disable_title":"","_themeisle_gutenberg_block_has_review":false},"product_brand":[],"product_cat":[765,745,733],"product_tag":[302],"class_list":{"0":"post-1818112","1":"product","2":"type-product","3":"status-publish","4":"has-post-thumbnail","6":"product_cat-dressingi","7":"product_cat-kola-i-opony","8":"product_cat-na-zewnatrz","9":"product_tag-gyeon","11":"first","12":"instock","13":"taxable","14":"shipping-taxable","15":"purchasable","16":"product-type-simple"},"_links":{"self":[{"href":"https:\/\/liquidmaster.pl\/en\/wp-json\/wp\/v2\/product\/1818112","targetHints":{"allow":["GET"]}}],"collection":[{"href":"https:\/\/liquidmaster.pl\/en\/wp-json\/wp\/v2\/product"}],"about":[{"href":"https:\/\/liquidmaster.pl\/en\/wp-json\/wp\/v2\/types\/product"}],"replies":[{"embeddable":true,"href":"https:\/\/liquidmaster.pl\/en\/wp-json\/wp\/v2\/comments?post=1818112"}],"wp:featuredmedia":[{"embeddable":true,"href":"https:\/\/liquidmaster.pl\/en\/wp-json\/wp\/v2\/media\/1850831"}],"wp:attachment":[{"href":"https:\/\/liquidmaster.pl\/en\/wp-json\/wp\/v2\/media?parent=1818112"}],"wp:term":[{"taxonomy":"product_brand","embeddable":true,"href":"https:\/\/liquidmaster.pl\/en\/wp-json\/wp\/v2\/product_brand?post=1818112"},{"taxonomy":"product_cat","embeddable":true,"href":"https:\/\/liquidmaster.pl\/en\/wp-json\/wp\/v2\/product_cat?post=1818112"},{"taxonomy":"product_tag","embeddable":true,"href":"https:\/\/liquidmaster.pl\/en\/wp-json\/wp\/v2\/product_tag?post=1818112"}],"curies":[{"name":"wp","href":"https:\/\/api.w.org\/{rel}","templated":true}]}}