{"id":1818108,"date":"2025-04-18T08:14:44","date_gmt":"2025-04-18T06:14:44","guid":{"rendered":"https:\/\/liquidmaster.pl\/gyeon-q2m-tar-redefined-4l-usuwa-smole-i-zanieczyszczenia-organiczne\/"},"modified":"2026-04-21T07:28:02","modified_gmt":"2026-04-21T05:28:02","slug":"gyeon-q2m-tar-redefined-4l-usuwa-smole-i-zanieczyszczenia-organiczne","status":"publish","type":"product","link":"https:\/\/liquidmaster.pl\/en\/gyeon-q2m-tar-redefined-4l-usuwa-smole-i-zanieczyszczenia-organiczne\/","title":{"rendered":"Gyeon Q2M Tar Redefined 4L \u2013 removes tar and organic impurities"},"content":{"rendered":"<p>REMOVES TAR AND ORGANIC CONTAMINATIONS<br \/>\nUnlike most tar removal products, Q\u00b2M Tar does not affect any external surfaces and is safe for the bodywork. It can be used on paint, glass, unpainted plastics, lamp shades and headlights. Due to its neutral pH, it can be used to remove tar traces even on polished aluminum, e.g. polished rim edges.<\/p>\n<p>CONSUMPTION: 100 ml \/ car<br \/>\nNEUTRAL PH: YES<\/p>\n<p>SPEE UP YOUR DETAILING PROCESS, SAFELY<br \/>\nDuring everyday use, vehicles inevitably accumulate pollution in the form of tar and asphalt. This problem is particularly acute in the case of powerful, dynamically driven cars. This is where Q\u00b2M Tar Redefined comes in handy and offers a unique solution. Thanks to the new LOW VOC formula (low content of volatile organic compounds), it speeds up the decontamination process and minimizes time-consuming activities such as claying. It is also a healthier product for the user. By effectively dissolving most contaminants, it allows you to achieve a smooth surface in record time.<\/p>\n<p>REDEFINED<br \/>\nIntroducing the REDFINED line. At GYEON, we have taken our outstanding chemical formulas to a whole new level. We have modified them to perfection to achieve unrivaled performance, exceptional durability and excellent ease of use. We are committed to providing our customers with the best possible user experience.<\/p>\n<p>TIPS AND TRICKS FROM YVES HEYLEN<br \/>\nQ\u00b2M Tar REDEFINED is not only a tar remover, but also effectively dissolves organic contaminants and glue. Work element by element so that the product does not dry out.<br \/>\nTip: Prepare a bucket of hot water and use a well-soaked Q\u00b2M SilkMitt to help remove dirt. Wash your car after you finish working.<\/p>\n<p>Capacity: 4L<\/p>\n<p>\u00a0<\/p>","protected":false},"excerpt":{"rendered":"<p>USUWA SMO\u0141\u0118 I ZANIECZYSZCZENIA ORGANICZNE W przeciwie\u0144stwie do wi\u0119kszo\u015bci produkt\u00f3w do usuwania smo\u0142y Q\u00b2M Tar nie ma wp\u0142ywu na \u017cadne powierzchnie zewn\u0119trzne i jest bezpieczny dla karoserii. Mo\u017cna go stosowa\u0107 na lakierze, szkle, nielakierowanych tworzywach sztucznych, kloszach lamp i reflektor\u00f3w. Z racji neutralnego pH, mo\u017cna go u\u017cywa\u0107 do usuwania \u015blad\u00f3w smo\u0142y nawet na polerowanym aluminium,&hellip;&nbsp;<a href=\"https:\/\/liquidmaster.pl\/en\/gyeon-q2m-tar-redefined-4l-usuwa-smole-i-zanieczyszczenia-organiczne\/\" rel=\"bookmark\">Read More \u00bb<span class=\"screen-reader-text\">Gyeon Q2M Tar Redefined 4L \u2013 removes tar and organic impurities<\/span><\/a><\/p>","protected":false},"featured_media":1850829,"comment_status":"open","ping_status":"open","template":"","meta":{"neve_meta_sidebar":"","neve_meta_container":"","neve_meta_enable_content_width":"","neve_meta_content_width":0,"neve_meta_title_alignment":"","neve_meta_author_avatar":"","neve_post_elements_order":"","neve_meta_disable_header":"","neve_meta_disable_footer":"","neve_meta_disable_title":"","_themeisle_gutenberg_block_has_review":false},"product_brand":[],"product_cat":[743,733,793],"product_tag":[302],"class_list":{"0":"post-1818108","1":"product","2":"type-product","3":"status-publish","4":"has-post-thumbnail","6":"product_cat-dekontaminacja","7":"product_cat-na-zewnatrz","8":"product_cat-usuwanie-smoly-i-kleju","9":"product_tag-gyeon","11":"first","12":"instock","13":"taxable","14":"shipping-taxable","15":"purchasable","16":"product-type-simple"},"_links":{"self":[{"href":"https:\/\/liquidmaster.pl\/en\/wp-json\/wp\/v2\/product\/1818108","targetHints":{"allow":["GET"]}}],"collection":[{"href":"https:\/\/liquidmaster.pl\/en\/wp-json\/wp\/v2\/product"}],"about":[{"href":"https:\/\/liquidmaster.pl\/en\/wp-json\/wp\/v2\/types\/product"}],"replies":[{"embeddable":true,"href":"https:\/\/liquidmaster.pl\/en\/wp-json\/wp\/v2\/comments?post=1818108"}],"wp:featuredmedia":[{"embeddable":true,"href":"https:\/\/liquidmaster.pl\/en\/wp-json\/wp\/v2\/media\/1850829"}],"wp:attachment":[{"href":"https:\/\/liquidmaster.pl\/en\/wp-json\/wp\/v2\/media?parent=1818108"}],"wp:term":[{"taxonomy":"product_brand","embeddable":true,"href":"https:\/\/liquidmaster.pl\/en\/wp-json\/wp\/v2\/product_brand?post=1818108"},{"taxonomy":"product_cat","embeddable":true,"href":"https:\/\/liquidmaster.pl\/en\/wp-json\/wp\/v2\/product_cat?post=1818108"},{"taxonomy":"product_tag","embeddable":true,"href":"https:\/\/liquidmaster.pl\/en\/wp-json\/wp\/v2\/product_tag?post=1818108"}],"curies":[{"name":"wp","href":"https:\/\/api.w.org\/{rel}","templated":true}]}}