{"id":1818104,"date":"2025-04-18T08:14:06","date_gmt":"2025-04-18T06:14:06","guid":{"rendered":"https:\/\/liquidmaster.pl\/gyeon-q2m-softdryer-evo-60x80-miekki-i-puszysty-recznik-do-wycierania-bez-smug\/"},"modified":"2026-04-18T04:41:31","modified_gmt":"2026-04-18T02:41:31","slug":"gyeon-q2m-softdryer-evo-60x80-miekki-i-puszysty-recznik-do-wycierania-bez-smug","status":"publish","type":"product","link":"https:\/\/liquidmaster.pl\/en\/gyeon-q2m-softdryer-evo-60x80-miekki-i-puszysty-recznik-do-wycierania-bez-smug\/","title":{"rendered":"Gyeon Q2M SoftDryer EVO 60\u00d780 \u2013 soft and fluffy towel for streak-free wiping"},"content":{"rendered":"<p>All of our microfibers are designed to work with the formulations in our range. Depending on the surface, Q\u00b2M Microfibers are great for applying Q\u00b2 CanCoat, finishing off Q\u00b2M Cure or drying your vehicle. All towels provide maximum performance and the highest durability.<\/p>\n<p>SOFT AND GENTLE WIPING<\/p>\n<p>Q\u00b2M SoftDryer EVO is our idea for an alternative to Q\u00b2M WaffleDryer EVO. It is very safe and effective, absorbing huge amounts of water. The biggest advantage of Q\u00b2M SoftDryer EVO is its extreme softness - it provides great performance by gliding over the paint surface. Thanks to laser cutting technology, it has an edgeless finish, which reduces the risk of scratching the paint. We are very proud to present you the softest and most effective way to dry car paint so far.<\/p>\n<p>CARE ADVICE<\/p>\n<p>Machine wash, maximum 30&#039;C. Do not tumble dry. Do not iron. Do not bleach.<\/p>\n<p>Dimensions: 60 x 80 cm<\/p>","protected":false},"excerpt":{"rendered":"<p>Wszystkie nasze mikrofibry s\u0105 zaprojektowane, aby pracowa\u0107 z preparatami z naszej oferty. Zale\u017cnie od powierzchni, Q\u00b2M Microfibers s\u0105 \u015bwietne do aplikacji Q\u00b2 CanCoat, finalnego przetarcia Q\u00b2M Cure czy suszenia Twojego pojazdu. Wszystkie r\u0119czniki zapewniaj\u0105 maksymalne osi\u0105gi i najwy\u017csz\u0105 trwa\u0142o\u015b\u0107. MI\u0118KKIE I DELIKATNE WYCIERANIE Q\u00b2M SoftDryer EVO to nasz pomys\u0142 na alternatyw\u0119 dla Q\u00b2M WaffleDryer EVO.&hellip;&nbsp;<a href=\"https:\/\/liquidmaster.pl\/en\/gyeon-q2m-softdryer-evo-60x80-miekki-i-puszysty-recznik-do-wycierania-bez-smug\/\" rel=\"bookmark\">Read More \u00bb<span class=\"screen-reader-text\">Gyeon Q2M SoftDryer EVO 60\u00d780 \u2013 soft and fluffy towel for streak-free wiping<\/span><\/a><\/p>","protected":false},"featured_media":1850827,"comment_status":"open","ping_status":"open","template":"","meta":{"neve_meta_sidebar":"","neve_meta_container":"","neve_meta_enable_content_width":"","neve_meta_content_width":0,"neve_meta_title_alignment":"","neve_meta_author_avatar":"","neve_post_elements_order":"","neve_meta_disable_header":"","neve_meta_disable_footer":"","neve_meta_disable_title":"","_themeisle_gutenberg_block_has_review":false},"product_brand":[],"product_cat":[734,733,781],"product_tag":[302],"class_list":{"0":"post-1818104","1":"product","2":"type-product","3":"status-publish","4":"has-post-thumbnail","6":"product_cat-mycie-i-osuszanie","7":"product_cat-na-zewnatrz","8":"product_cat-reczniki-do-osuszania","9":"product_tag-gyeon","11":"first","12":"instock","13":"taxable","14":"shipping-taxable","15":"purchasable","16":"product-type-simple"},"_links":{"self":[{"href":"https:\/\/liquidmaster.pl\/en\/wp-json\/wp\/v2\/product\/1818104","targetHints":{"allow":["GET"]}}],"collection":[{"href":"https:\/\/liquidmaster.pl\/en\/wp-json\/wp\/v2\/product"}],"about":[{"href":"https:\/\/liquidmaster.pl\/en\/wp-json\/wp\/v2\/types\/product"}],"replies":[{"embeddable":true,"href":"https:\/\/liquidmaster.pl\/en\/wp-json\/wp\/v2\/comments?post=1818104"}],"wp:featuredmedia":[{"embeddable":true,"href":"https:\/\/liquidmaster.pl\/en\/wp-json\/wp\/v2\/media\/1850827"}],"wp:attachment":[{"href":"https:\/\/liquidmaster.pl\/en\/wp-json\/wp\/v2\/media?parent=1818104"}],"wp:term":[{"taxonomy":"product_brand","embeddable":true,"href":"https:\/\/liquidmaster.pl\/en\/wp-json\/wp\/v2\/product_brand?post=1818104"},{"taxonomy":"product_cat","embeddable":true,"href":"https:\/\/liquidmaster.pl\/en\/wp-json\/wp\/v2\/product_cat?post=1818104"},{"taxonomy":"product_tag","embeddable":true,"href":"https:\/\/liquidmaster.pl\/en\/wp-json\/wp\/v2\/product_tag?post=1818104"}],"curies":[{"name":"wp","href":"https:\/\/api.w.org\/{rel}","templated":true}]}}