{"id":1818100,"date":"2025-04-18T08:14:06","date_gmt":"2025-04-18T06:14:06","guid":{"rendered":"https:\/\/liquidmaster.pl\/gyeon-q2m-quickdetailer-500ml-szybki-i-latwy-w-aplikacji-quick-detailer\/"},"modified":"2026-04-20T08:21:49","modified_gmt":"2026-04-20T06:21:49","slug":"gyeon-q2m-quickdetailer-500ml-szybki-i-latwy-w-aplikacji-quick-detailer","status":"publish","type":"product","link":"https:\/\/liquidmaster.pl\/en\/gyeon-q2m-quickdetailer-500ml-szybki-i-latwy-w-aplikacji-quick-detailer\/","title":{"rendered":"Gyeon Q2M QuickDetailer 500ml \u2013 quick and easy to apply quick detailer"},"content":{"rendered":"<p>Q\u00b2M QuickDetailer is now available in new packaging and capacity! It is the answer to the needs of enthusiasts looking for the most versatile, everyday detailing product on the go. Improves shine and adds slipperiness, removing stains, smudges and fingerprints. It is absolutely safe for both coatings and traditional waxes.<\/p>\n<p>EASY TO USE<br \/>\nQ\u00b2M QuickDetailer is the easiest to use product in its category. Polishing it is a piece of cake, even if you let it dry on the surface. It can be used on both dry and wet paint as a drying aid. This product is a reference in terms of surface slipperiness. Its universal nature allows it to be used on all body surfaces.<\/p>\n<p>Capacity: 500 ml<\/p>\n<p>\u00a0<\/p>","protected":false},"excerpt":{"rendered":"<p>Q\u00b2M QuickDetailer jest ju\u017c dost\u0119pny w nowym opakowaniu i pojemno\u015bci! Jest to odpowied\u017a na potrzeby entuzjast\u00f3w szukaj\u0105cych najbardziej wszechstronnego, codziennego produktu do detailingu w biegu. Poprawia po\u0142ysk i dodaje \u015blisko\u015bci, usuwaj\u0105c zacieki, smugi i odciski palc\u00f3w. Jest absolutnie bezpieczny zar\u00f3wno dla pow\u0142ok jak i tradycyjnych wosk\u00f3w. \u0141ATWY W U\u017bYCIU Q\u00b2M QuickDetailer to naj\u0142atwiejszy w u\u017cyciu&hellip;&nbsp;<a href=\"https:\/\/liquidmaster.pl\/en\/gyeon-q2m-quickdetailer-500ml-szybki-i-latwy-w-aplikacji-quick-detailer\/\" rel=\"bookmark\">Read More \u00bb<span class=\"screen-reader-text\">Gyeon Q2M QuickDetailer 500ml \u2013 quick and easy to apply quick detailer<\/span><\/a><\/p>","protected":false},"featured_media":1850825,"comment_status":"open","ping_status":"open","template":"","meta":{"neve_meta_sidebar":"","neve_meta_container":"","neve_meta_enable_content_width":"","neve_meta_content_width":0,"neve_meta_title_alignment":"","neve_meta_author_avatar":"","neve_post_elements_order":"","neve_meta_disable_header":"","neve_meta_disable_footer":"","neve_meta_disable_title":"","_themeisle_gutenberg_block_has_review":false},"product_brand":[],"product_cat":[733,766,767],"product_tag":[302],"class_list":{"0":"post-1818100","1":"product","2":"type-product","3":"status-publish","4":"has-post-thumbnail","6":"product_cat-na-zewnatrz","7":"product_cat-ochrona-lakieru","8":"product_cat-quick-detailery","9":"product_tag-gyeon","11":"first","12":"instock","13":"taxable","14":"shipping-taxable","15":"purchasable","16":"product-type-simple"},"_links":{"self":[{"href":"https:\/\/liquidmaster.pl\/en\/wp-json\/wp\/v2\/product\/1818100","targetHints":{"allow":["GET"]}}],"collection":[{"href":"https:\/\/liquidmaster.pl\/en\/wp-json\/wp\/v2\/product"}],"about":[{"href":"https:\/\/liquidmaster.pl\/en\/wp-json\/wp\/v2\/types\/product"}],"replies":[{"embeddable":true,"href":"https:\/\/liquidmaster.pl\/en\/wp-json\/wp\/v2\/comments?post=1818100"}],"wp:featuredmedia":[{"embeddable":true,"href":"https:\/\/liquidmaster.pl\/en\/wp-json\/wp\/v2\/media\/1850825"}],"wp:attachment":[{"href":"https:\/\/liquidmaster.pl\/en\/wp-json\/wp\/v2\/media?parent=1818100"}],"wp:term":[{"taxonomy":"product_brand","embeddable":true,"href":"https:\/\/liquidmaster.pl\/en\/wp-json\/wp\/v2\/product_brand?post=1818100"},{"taxonomy":"product_cat","embeddable":true,"href":"https:\/\/liquidmaster.pl\/en\/wp-json\/wp\/v2\/product_cat?post=1818100"},{"taxonomy":"product_tag","embeddable":true,"href":"https:\/\/liquidmaster.pl\/en\/wp-json\/wp\/v2\/product_tag?post=1818100"}],"curies":[{"name":"wp","href":"https:\/\/api.w.org\/{rel}","templated":true}]}}