{"id":1810547,"date":"2025-04-16T05:46:05","date_gmt":"2025-04-16T03:46:05","guid":{"rendered":"https:\/\/liquidmaster.pl\/honey-talerz-oporowy-sandwich-150-20mm\/"},"modified":"2026-04-20T08:01:22","modified_gmt":"2026-04-20T06:01:22","slug":"honey-talerz-oporowy-sandwich-150-20mm","status":"publish","type":"product","link":"https:\/\/liquidmaster.pl\/en\/honey-talerz-oporowy-sandwich-15020mm\/","title":{"rendered":"Honey Sandwich Support Plate 150\/20mm"},"content":{"rendered":"<p data-end=\"57\" data-start=\"28\">Sandwich backing plate<\/p>\n<p data-end=\"177\" data-start=\"59\">Modern \u201cSandwich\u201d spacer technology with an innovative 3D construction combining layers of rubber and foam.<\/p>\n<p data-end=\"270\" data-start=\"179\">Thanks to the smooth pressure surface, it is possible to avoid damage during polishing.<\/p>\n<p data-end=\"284\" data-start=\"272\">Dimensions:<\/p>\n<ul data-end=\"325\" data-start=\"285\">\n<li data-end=\"325\" data-start=\"312\">\n<p data-end=\"325\" data-start=\"314\">150 x 20 mm<\/p>\n<\/li>\n<\/ul>\n<p data-end=\"370\" data-start=\"327\">Machine: rotary<br data-end=\"352\" data-start=\"349\" \/><br \/>\nMounting: M14<\/p>","protected":false},"excerpt":{"rendered":"<p>Talerz oporowy \u201eSandwich\u201d Nowoczesna technologia przek\u0142adki dystansowej \u201eSandwich\u201d z innowacyjn\u0105 konstrukcj\u0105 3D, \u0142\u0105cz\u0105c\u0105 warstwy gumy i pianki. Dzi\u0119ki g\u0142adkiej powierzchni docisku, mo\u017cliwe jest unikni\u0119cie uszkodze\u0144 podczas polerowania. Wymiary: 150 x 20 mm Maszyna: rotacyjna Mocowanie: M14<\/p>","protected":false},"featured_media":1844560,"comment_status":"open","ping_status":"open","template":"","meta":{"neve_meta_sidebar":"","neve_meta_container":"","neve_meta_enable_content_width":"","neve_meta_content_width":0,"neve_meta_title_alignment":"","neve_meta_author_avatar":"","neve_post_elements_order":"","neve_meta_disable_header":"","neve_meta_disable_footer":"","neve_meta_disable_title":"","_themeisle_gutenberg_block_has_review":false},"product_brand":[],"product_cat":[748,873,842],"product_tag":[304],"class_list":{"0":"post-1810547","1":"product","2":"type-product","3":"status-publish","4":"has-post-thumbnail","6":"product_cat-polerowanie","7":"product_cat-talerze-rotacja","8":"product_cat-talerze-mocujace","9":"product_tag-honey","11":"first","12":"outofstock","13":"taxable","14":"shipping-taxable","15":"purchasable","16":"product-type-simple"},"_links":{"self":[{"href":"https:\/\/liquidmaster.pl\/en\/wp-json\/wp\/v2\/product\/1810547","targetHints":{"allow":["GET"]}}],"collection":[{"href":"https:\/\/liquidmaster.pl\/en\/wp-json\/wp\/v2\/product"}],"about":[{"href":"https:\/\/liquidmaster.pl\/en\/wp-json\/wp\/v2\/types\/product"}],"replies":[{"embeddable":true,"href":"https:\/\/liquidmaster.pl\/en\/wp-json\/wp\/v2\/comments?post=1810547"}],"wp:featuredmedia":[{"embeddable":true,"href":"https:\/\/liquidmaster.pl\/en\/wp-json\/wp\/v2\/media\/1844560"}],"wp:attachment":[{"href":"https:\/\/liquidmaster.pl\/en\/wp-json\/wp\/v2\/media?parent=1810547"}],"wp:term":[{"taxonomy":"product_brand","embeddable":true,"href":"https:\/\/liquidmaster.pl\/en\/wp-json\/wp\/v2\/product_brand?post=1810547"},{"taxonomy":"product_cat","embeddable":true,"href":"https:\/\/liquidmaster.pl\/en\/wp-json\/wp\/v2\/product_cat?post=1810547"},{"taxonomy":"product_tag","embeddable":true,"href":"https:\/\/liquidmaster.pl\/en\/wp-json\/wp\/v2\/product_tag?post=1810547"}],"curies":[{"name":"wp","href":"https:\/\/api.w.org\/{rel}","templated":true}]}}