{"id":1810381,"date":"2025-04-14T02:22:05","date_gmt":"2025-04-14T00:22:05","guid":{"rendered":"https:\/\/liquidmaster.pl\/hyper-wet-seal-500ml-sealant-bez-wosku\/"},"modified":"2026-04-20T08:28:31","modified_gmt":"2026-04-20T06:28:31","slug":"hyper-wet-seal-500ml-sealant-bez-wosku","status":"publish","type":"product","link":"https:\/\/liquidmaster.pl\/en\/hyper-wet-seal-500ml-sealant-bez-wosku\/","title":{"rendered":"Hyper Wet Seal 500ml \u2013 wax-free sealant"},"content":{"rendered":"<p>WET SEAL is an ultra-efficient, next-generation sealant\u2014waxless, yet with a powerful dose of protection, slipperiness, and hydrophobic properties. Thanks to dual-polymer technology, it works in two phases: it instantly binds to the surface and then creates a durable, resistant protective layer on paint, glass, rims, and plastics.<\/p>\n<p>Advantages:<\/p>\n<ul>\n<li>Hydrophobic effect \u2013 water and dirt run off in the blink of an eye<\/li>\n<li>Turbo protection \u2013 works long and effectively, without the need for frequent applications<\/li>\n<li>Shiny and slippery \u2013 a salon-quality surface, silky to the touch<\/li>\n<li>Versatile \u2013 wet and dry application<\/li>\n<li>No wax \u2013 modern formula, greater durability<\/li>\n<\/ul>\n<p>Perfect for both quick applications after washing and precise dry application with PrepX.<\/p>\n<p>Usage:<\/p>\n<p>Wet application<\/p>\n<li>After washing your car, do not dry the surface.<\/li>\n<li>Spray WET SEAL evenly onto wet paint, glass, rims or plastics.<\/li>\n<li>Rinse with pressurized water to activate the product.<\/li>\n<li>Dry the vehicle with a microfiber towel.<\/li>\n<p>Dry application<\/p>\n<li>Make sure the surface is clean and dry.<\/li>\n<li>Before applying WET SEAL, use PrepX to thoroughly degrease the paint and other surfaces. This will ensure better product bonding and maximum protection.<\/li>\n<li>Spray WET SEAL onto a clean microfiber cloth (2-3 sprays) or directly onto the paint surface.<\/li>\n<li>Spread the product evenly over the surface using a microfiber cloth.<\/li>\n<li>After waiting 30-60 seconds, buff the surface dry with a second, clean microfiber cloth to achieve a flawless shine and silky smoothness.<\/li>\n<p>Capacity: 500 ml<\/p>","protected":false},"excerpt":{"rendered":"<p>WET SEAL to ultrawydajny sealant nowej generacji \u2013 bez wosku, za to z pot\u0119\u017cn\u0105 dawk\u0105 ochrony, \u015blisko\u015bci i efektu hydrofobowego. Dzi\u0119ki technologii podw\u00f3jnych polimer\u00f3w dzia\u0142a dwufazowo: b\u0142yskawicznie wi\u0105\u017ce si\u0119 z powierzchni\u0105, a nast\u0119pnie tworzy trwa\u0142\u0105, odporn\u0105 warstw\u0119 ochronn\u0105 na lakierze, szkle, felgach i plastikach. Zalety: Efekt hydrofobowy \u2013 woda i brud sp\u0142ywaj\u0105 w mgnieniu oka&hellip;&nbsp;<a href=\"https:\/\/liquidmaster.pl\/en\/hyper-wet-seal-500ml-sealant-bez-wosku\/\" rel=\"bookmark\">Read More \u00bb<span class=\"screen-reader-text\">Hyper Wet Seal 500ml \u2013 wax-free sealant<\/span><\/a><\/p>","protected":false},"featured_media":1850990,"comment_status":"open","ping_status":"open","template":"","meta":{"neve_meta_sidebar":"","neve_meta_container":"","neve_meta_enable_content_width":"","neve_meta_content_width":0,"neve_meta_title_alignment":"","neve_meta_author_avatar":"","neve_post_elements_order":"","neve_meta_disable_header":"","neve_meta_disable_footer":"","neve_meta_disable_title":"","_themeisle_gutenberg_block_has_review":false},"product_brand":[],"product_cat":[805,733,766],"product_tag":[593],"class_list":{"0":"post-1810381","1":"product","2":"type-product","3":"status-publish","4":"has-post-thumbnail","6":"product_cat-hydrowoski","7":"product_cat-na-zewnatrz","8":"product_cat-ochrona-lakieru","9":"product_tag-hyper","11":"first","12":"instock","13":"taxable","14":"shipping-taxable","15":"purchasable","16":"product-type-simple"},"_links":{"self":[{"href":"https:\/\/liquidmaster.pl\/en\/wp-json\/wp\/v2\/product\/1810381","targetHints":{"allow":["GET"]}}],"collection":[{"href":"https:\/\/liquidmaster.pl\/en\/wp-json\/wp\/v2\/product"}],"about":[{"href":"https:\/\/liquidmaster.pl\/en\/wp-json\/wp\/v2\/types\/product"}],"replies":[{"embeddable":true,"href":"https:\/\/liquidmaster.pl\/en\/wp-json\/wp\/v2\/comments?post=1810381"}],"wp:featuredmedia":[{"embeddable":true,"href":"https:\/\/liquidmaster.pl\/en\/wp-json\/wp\/v2\/media\/1850990"}],"wp:attachment":[{"href":"https:\/\/liquidmaster.pl\/en\/wp-json\/wp\/v2\/media?parent=1810381"}],"wp:term":[{"taxonomy":"product_brand","embeddable":true,"href":"https:\/\/liquidmaster.pl\/en\/wp-json\/wp\/v2\/product_brand?post=1810381"},{"taxonomy":"product_cat","embeddable":true,"href":"https:\/\/liquidmaster.pl\/en\/wp-json\/wp\/v2\/product_cat?post=1810381"},{"taxonomy":"product_tag","embeddable":true,"href":"https:\/\/liquidmaster.pl\/en\/wp-json\/wp\/v2\/product_tag?post=1810381"}],"curies":[{"name":"wp","href":"https:\/\/api.w.org\/{rel}","templated":true}]}}