{"id":1810375,"date":"2025-04-14T02:22:05","date_gmt":"2025-04-14T00:22:05","guid":{"rendered":"https:\/\/liquidmaster.pl\/optimum-dozownik-500ml-1l\/"},"modified":"2026-04-21T08:30:00","modified_gmt":"2026-04-21T06:30:00","slug":"optimum-dozownik-500ml-1l","status":"publish","type":"product","link":"https:\/\/liquidmaster.pl\/en\/optimum-dozownik-500ml1l\/","title":{"rendered":"Optimum Dispenser 500ml\/1L"},"content":{"rendered":"<p data-end=\"82\" data-start=\"27\">Bottle dispenser<\/p>\n<p data-end=\"123\" data-start=\"84\">Easy to use, fast and precise.<\/p>\n<p data-end=\"149\" data-start=\"125\">Pasuje do gwintu 28\/400.<\/p>\n<p data-end=\"169\" data-start=\"151\">Usage:<\/p>\n<p data-end=\"242\" data-start=\"171\">Set the appropriate amount, squeeze the dispenser and pour out the required amount of liquid.<\/p>","protected":false},"excerpt":{"rendered":"<p>Dozownik do butelek Prosty w obs\u0142udze, szybki i precyzyjny. Pasuje do gwintu 28\/400. Spos\u00f3b u\u017cycia: Ustaw odpowiedni\u0105 ilo\u015b\u0107, \u015bci\u015bnij dozownik i wylej wymagan\u0105 ilo\u015b\u0107 p\u0142ynu.<\/p>","protected":false},"featured_media":1850986,"comment_status":"open","ping_status":"open","template":"","meta":{"neve_meta_sidebar":"","neve_meta_container":"","neve_meta_enable_content_width":"","neve_meta_content_width":0,"neve_meta_title_alignment":"","neve_meta_author_avatar":"","neve_post_elements_order":"","neve_meta_disable_header":"","neve_meta_disable_footer":"","neve_meta_disable_title":"","_themeisle_gutenberg_block_has_review":false},"product_brand":[],"product_cat":[757,811],"product_tag":[338],"class_list":{"0":"post-1810375","1":"product","2":"type-product","3":"status-publish","4":"has-post-thumbnail","6":"product_cat-akcesoria","7":"product_cat-pozostale-akcesoria","8":"product_tag-optimum","10":"first","11":"instock","12":"taxable","13":"shipping-taxable","14":"purchasable","15":"product-type-simple"},"_links":{"self":[{"href":"https:\/\/liquidmaster.pl\/en\/wp-json\/wp\/v2\/product\/1810375","targetHints":{"allow":["GET"]}}],"collection":[{"href":"https:\/\/liquidmaster.pl\/en\/wp-json\/wp\/v2\/product"}],"about":[{"href":"https:\/\/liquidmaster.pl\/en\/wp-json\/wp\/v2\/types\/product"}],"replies":[{"embeddable":true,"href":"https:\/\/liquidmaster.pl\/en\/wp-json\/wp\/v2\/comments?post=1810375"}],"wp:featuredmedia":[{"embeddable":true,"href":"https:\/\/liquidmaster.pl\/en\/wp-json\/wp\/v2\/media\/1850986"}],"wp:attachment":[{"href":"https:\/\/liquidmaster.pl\/en\/wp-json\/wp\/v2\/media?parent=1810375"}],"wp:term":[{"taxonomy":"product_brand","embeddable":true,"href":"https:\/\/liquidmaster.pl\/en\/wp-json\/wp\/v2\/product_brand?post=1810375"},{"taxonomy":"product_cat","embeddable":true,"href":"https:\/\/liquidmaster.pl\/en\/wp-json\/wp\/v2\/product_cat?post=1810375"},{"taxonomy":"product_tag","embeddable":true,"href":"https:\/\/liquidmaster.pl\/en\/wp-json\/wp\/v2\/product_tag?post=1810375"}],"curies":[{"name":"wp","href":"https:\/\/api.w.org\/{rel}","templated":true}]}}