{"id":1810290,"date":"2025-04-11T07:22:35","date_gmt":"2025-04-11T05:22:35","guid":{"rendered":"https:\/\/liquidmaster.pl\/gyeon-q2m-purify-maintain-4l-antybakteryjny-spray-o-wysokiej-trwalosci\/"},"modified":"2026-04-20T08:21:47","modified_gmt":"2026-04-20T06:21:47","slug":"gyeon-q2m-purify-maintain-4l-antybakteryjny-spray-o-wysokiej-trwalosci","status":"publish","type":"product","link":"https:\/\/liquidmaster.pl\/en\/gyeon-q2m-purify-maintain-4l-antybakteryjny-spray-o-wysokiej-trwalosci\/","title":{"rendered":"Gyeon Q2M Purify Maintain 4L \u2013 antibacterial spray with high durability"},"content":{"rendered":"<p>Q\u00b2M PURIFY MAINTAIN<\/p>\n<p>ANTIBACTERIAL SPRAY FOR ONGOING CARE<br \/>\nUsing the same technology as Q\u00b2 Purify Coat, Q\u00b2M Purify Maintain is designed to help maintain the antibacterial performance of the coating. It extends the durability of the coating, but also provides antibacterial properties. Use it as a means of ongoing interior care or to maintain the coating. Removes dust and light dirt, providing antibacterial protection for 3 to 6 months.<\/p>\n<p>SPRAY &amp; WIPE UP<br \/>\nSecuring your interior has never been so easy. Q\u00b2M Purify Maintenain is as easy to use as our Q\u00b2M InteriorDetailer. Just spray your favorite Q\u00b2M InteriorWipe microfiber and wipe the most frequently touched surfaces to protect them for many weeks in just a few seconds. \u200c<\/p>\n<p>CREATE A SAFER ENVIRONMENT<br \/>\nThe Purify line allows you to effectively control the growth of bacteria and biological threats, without negative impact on your health and the environment, thanks to the use of a formula composed of natural ingredients in 100%. Moreover, the use is not limited to the interior of the vehicle - it can also be an effective solution at home, office, company and many other places. The unique technology, first used in the automotive industry, sets a new standard for antibacterial surface protection and creates a completely new group of products that can expand the portfolio of detailing studios or car washes. This is the essence of Purify.<\/p>\n<p>BEST PRACTICES AND ADVICE FROM YVES HEYLEN<br \/>\nAs you know, Q\u00b2M Purify Maintenance can be used as a maintenance spray for Q\u00b2 Purify Coat, but also as a stand-alone product. I like to use it after thoroughly cleaning the interior each month with a dedicated surface cleaner. Two sprays on my favorite Q\u00b2M InteriorWipe microfiber are enough to properly cover, for example, the dashboard. No streaks, no sticky feeling, clean and protected surface.<\/p>\n<p>Capacity: 4L<\/p>","protected":false},"excerpt":{"rendered":"<p>Q\u00b2M PURIFY MAINTAIN ANTYBAKTERYJNY SPRAY DO BIE\u017b\u0104CEJ PIEL\u0118GNACJI Wykorzystuj\u0105c t\u0119 sam\u0105 technologi\u0119, co Q\u00b2 Purify Coat, Q\u00b2M Purify Maintain zosta\u0142 zaprojektowany, aby pom\u00f3c w utrzymaniu antybakteryjnego dzia\u0142ania pow\u0142oki. Wyd\u0142u\u017ca trwa\u0142o\u015b\u0107 pow\u0142oki, ale sam r\u00f3wnie\u017c nadaje w\u0142a\u015bciwo\u015bci antybakteryjnych. U\u017cywaj go jako \u015brodka do bie\u017c\u0105cej piel\u0119gnacji wn\u0119trza lub do konserwacji pow\u0142oki. Usuwa kurz i lekkie zabrudzenia, zapewniaj\u0105c&hellip;&nbsp;<a href=\"https:\/\/liquidmaster.pl\/en\/gyeon-q2m-purify-maintain-4l-antybakteryjny-spray-o-wysokiej-trwalosci\/\" rel=\"bookmark\">Read More \u00bb<span class=\"screen-reader-text\">Gyeon Q2M Purify Maintain 4L \u2013 antibacterial spray with high durability<\/span><\/a><\/p>","protected":false},"featured_media":1850822,"comment_status":"open","ping_status":"open","template":"","meta":{"neve_meta_sidebar":"","neve_meta_container":"","neve_meta_enable_content_width":"","neve_meta_content_width":0,"neve_meta_title_alignment":"","neve_meta_author_avatar":"","neve_post_elements_order":"","neve_meta_disable_header":"","neve_meta_disable_footer":"","neve_meta_disable_title":"","_themeisle_gutenberg_block_has_review":false},"product_brand":[],"product_cat":[804,795,768],"product_tag":[302],"class_list":{"0":"post-1810290","1":"product","2":"type-product","3":"status-publish","4":"has-post-thumbnail","6":"product_cat-czyszczenie-plastikow-wewnetrznych","7":"product_cat-plastiki-wewnetrzne","8":"product_cat-wnetrze-auta","9":"product_tag-gyeon","10":"pa_promocja-promocje","12":"first","13":"outofstock","14":"taxable","15":"shipping-taxable","16":"purchasable","17":"product-type-simple"},"_links":{"self":[{"href":"https:\/\/liquidmaster.pl\/en\/wp-json\/wp\/v2\/product\/1810290","targetHints":{"allow":["GET"]}}],"collection":[{"href":"https:\/\/liquidmaster.pl\/en\/wp-json\/wp\/v2\/product"}],"about":[{"href":"https:\/\/liquidmaster.pl\/en\/wp-json\/wp\/v2\/types\/product"}],"replies":[{"embeddable":true,"href":"https:\/\/liquidmaster.pl\/en\/wp-json\/wp\/v2\/comments?post=1810290"}],"wp:featuredmedia":[{"embeddable":true,"href":"https:\/\/liquidmaster.pl\/en\/wp-json\/wp\/v2\/media\/1850822"}],"wp:attachment":[{"href":"https:\/\/liquidmaster.pl\/en\/wp-json\/wp\/v2\/media?parent=1810290"}],"wp:term":[{"taxonomy":"product_brand","embeddable":true,"href":"https:\/\/liquidmaster.pl\/en\/wp-json\/wp\/v2\/product_brand?post=1810290"},{"taxonomy":"product_cat","embeddable":true,"href":"https:\/\/liquidmaster.pl\/en\/wp-json\/wp\/v2\/product_cat?post=1810290"},{"taxonomy":"product_tag","embeddable":true,"href":"https:\/\/liquidmaster.pl\/en\/wp-json\/wp\/v2\/product_tag?post=1810290"}],"curies":[{"name":"wp","href":"https:\/\/api.w.org\/{rel}","templated":true}]}}