{"id":1810288,"date":"2025-04-11T07:22:04","date_gmt":"2025-04-11T05:22:04","guid":{"rendered":"https:\/\/liquidmaster.pl\/gyeon-q2-purifycoat-100ml-antybakteryjna-powloka-ochronna\/"},"modified":"2026-04-18T04:41:28","modified_gmt":"2026-04-18T02:41:28","slug":"gyeon-q2-purifycoat-100ml-antybakteryjna-powloka-ochronna","status":"publish","type":"product","link":"https:\/\/liquidmaster.pl\/en\/gyeon-q2-purifycoat-100ml-antybakteryjna-powloka-ochronna\/","title":{"rendered":"Gyeon Q2 PurifyCoat 100ml \u2013 antibacterial protective coating"},"content":{"rendered":"<p>ANTIBACTERIAL COATING<\/p>\n<p>Q\u00b2 Purify Coat uses a unique technology that prevents the growth of bacteria and microorganisms on any indoor surface. Leaves a natural, matte finish. Can be used on finishing elements, leather and fabrics.<\/p>\n<p>PACKAGE CONTAINS: Q\u00b2 Purify Coat 100ml \/ set of applicators \/ Instructions<\/p>\n<p>UNIQUE TECHNOLOGY<\/p>\n<p>Q\u00b2 Purify Coat creates an antibacterial coating on any surface, providing protection in cars, boats and homes. Unlike alcohol-based products, the natural formula in 100% ensures durability for up to 12 months. We have refined silicon dioxide (SiO2) particles at the atomic level. The minimal addition of copper (Cu2+) as an active ingredient allows you to achieve a long-lasting effect that is completely safe for the user.<\/p>\n<p>CREATE A SAFER ENVIRONMENT<\/p>\n<p>The Purify line allows you to effectively control the growth of bacteria and biological threats, without negative impact on your health and the environment, thanks to the use of a formula composed of natural ingredients in 100%. Moreover, the use is not limited to the interior of the vehicle - it can also be an effective solution at home, office, company and many other places. The unique technology, first used in the automotive industry, sets a new standard for antibacterial surface protection and creates a completely new group of products that can expand the portfolio of detailing studios or car washes. This is the essence of Purify.<\/p>\n<p>TIPS AND TRICKS FROM YVES HEYLEN<\/p>\n<p>When applying Q\u00b2 Purify Coat, spread the product as evenly as possible - there is no need to use much force. I like to apply it, starting with circular movements and ending with straight ones. Allow the coating to dry before final dry finishing. If you notice slight color unevenness, re-coat and wipe off immediately. To extend the durability of Q\u00b2 Purify Coat, use Q\u00b2M Purify Maintain as an ongoing care spray.<\/p>\n<p>Capacity: 100 ml<\/p>","protected":false},"excerpt":{"rendered":"<p>POW\u0141OKA ANTYBAKTERYJNA Q\u00b2 Purify Coat wykorzystuje unikaln\u0105 technologi\u0119, kt\u00f3ra zapobiega rozwojowi bakterii i drobnoustroj\u00f3w na dowolnej powierzchni we wn\u0119trzach. Pozostawia naturalne, matowe wyko\u0144czenie. Mo\u017cliwo\u015b\u0107 stosowania na elementach wyko\u0144czenia, sk\u00f3rze i tkaninach. OPAKOWANIE ZAWIERA: Q\u00b2 Purify Coat 100ml \/ zestaw aplikator\u00f3w \/ Instrukcja UNIKALNA TECHNOLOGIA Q\u00b2 Purify Coat tworzy pow\u0142ok\u0119 antybakteryjn\u0105 na dowolnej powierzchni, zapewniaj\u0105c ochron\u0119&hellip;&nbsp;<a href=\"https:\/\/liquidmaster.pl\/en\/gyeon-q2-purifycoat-100ml-antybakteryjna-powloka-ochronna\/\" rel=\"bookmark\">Read More \u00bb<span class=\"screen-reader-text\">Gyeon Q2 PurifyCoat 100ml \u2013 antibacterial protective coating<\/span><\/a><\/p>","protected":false},"featured_media":1850821,"comment_status":"open","ping_status":"open","template":"","meta":{"neve_meta_sidebar":"","neve_meta_container":"","neve_meta_enable_content_width":"","neve_meta_content_width":0,"neve_meta_title_alignment":"","neve_meta_author_avatar":"","neve_post_elements_order":"","neve_meta_disable_header":"","neve_meta_disable_footer":"","neve_meta_disable_title":"","_themeisle_gutenberg_block_has_review":false},"product_brand":[],"product_cat":[796,795,768],"product_tag":[302],"class_list":{"0":"post-1810288","1":"product","2":"type-product","3":"status-publish","4":"has-post-thumbnail","6":"product_cat-ochrona-plastikow-wewnetrznych","7":"product_cat-plastiki-wewnetrzne","8":"product_cat-wnetrze-auta","9":"product_tag-gyeon","10":"pa_promocja-promocje","12":"first","13":"instock","14":"taxable","15":"shipping-taxable","16":"purchasable","17":"product-type-simple"},"_links":{"self":[{"href":"https:\/\/liquidmaster.pl\/en\/wp-json\/wp\/v2\/product\/1810288","targetHints":{"allow":["GET"]}}],"collection":[{"href":"https:\/\/liquidmaster.pl\/en\/wp-json\/wp\/v2\/product"}],"about":[{"href":"https:\/\/liquidmaster.pl\/en\/wp-json\/wp\/v2\/types\/product"}],"replies":[{"embeddable":true,"href":"https:\/\/liquidmaster.pl\/en\/wp-json\/wp\/v2\/comments?post=1810288"}],"wp:featuredmedia":[{"embeddable":true,"href":"https:\/\/liquidmaster.pl\/en\/wp-json\/wp\/v2\/media\/1850821"}],"wp:attachment":[{"href":"https:\/\/liquidmaster.pl\/en\/wp-json\/wp\/v2\/media?parent=1810288"}],"wp:term":[{"taxonomy":"product_brand","embeddable":true,"href":"https:\/\/liquidmaster.pl\/en\/wp-json\/wp\/v2\/product_brand?post=1810288"},{"taxonomy":"product_cat","embeddable":true,"href":"https:\/\/liquidmaster.pl\/en\/wp-json\/wp\/v2\/product_cat?post=1810288"},{"taxonomy":"product_tag","embeddable":true,"href":"https:\/\/liquidmaster.pl\/en\/wp-json\/wp\/v2\/product_tag?post=1810288"}],"curies":[{"name":"wp","href":"https:\/\/api.w.org\/{rel}","templated":true}]}}