{"id":1810284,"date":"2025-04-11T07:22:04","date_gmt":"2025-04-11T05:22:04","guid":{"rendered":"https:\/\/liquidmaster.pl\/gyeon-q2m-odorremover-pads-4-szt-pady-efektywnie-eliminujace-zapachy\/"},"modified":"2026-04-18T04:41:27","modified_gmt":"2026-04-18T02:41:27","slug":"gyeon-q2m-odorremover-pads-4-szt-pady-efektywnie-eliminujace-zapachy","status":"publish","type":"product","link":"https:\/\/liquidmaster.pl\/en\/gyeon-q2m-odorremover-pads-4-szt-pady-efektywnie-eliminujace-zapachy\/","title":{"rendered":"Gyeon Q2M OdorRemover Pads 4 pcs - pads that effectively eliminate odors"},"content":{"rendered":"<p>Q\u00b2M ODOR REMOVER PADS<\/p>\n<p>PADS THAT EFFECTIVELY ELIMINATE ODORS.<br \/>\nQ\u00b2M OdorRemover Pads use unique technology to permanently absorb and remove unpleasant odors from any interior. Whether it&#039;s a car, yacht, plane or home, their power will remove odor for months.<\/p>\n<p>NO MASKING THE SMELL!<br \/>\nQ\u00b2M OdorRemover Pad does not mask unpleasant odors like most air fresheners. Using the active molecules of our Q\u00b2M OdorRemover, the Pad absorbs and eliminates odors while remaining completely neutral to the interior. This makes it ideal for cars with children or pets, as well as for any enclosed space such as a home, office, boat, plane and many others.<\/p>\n<p>MAKE YOUR ENVIRONMENT SAFER<br \/>\nLinia Purify pozwala skutecznie kontrolowa\u0107 rozw\u00f3j bakterii i zagro\u017cenia biologiczne, bez negatywnego wp\u0142ywu na Twoje zdrowie i otoczenie, dzi\u0119ki zastosowaniu formu\u0142y z\u0142o\u017conej w 100% z naturalnych sk\u0142adnik\u00f3w. Ponadto, zastosowanie nie ogranicza si\u0119 do wn\u0119trza pojazdu &#8211; mo\u017ce by\u0107 r\u00f3wnie\u017c skutecznym rozwi\u0105zaniem w domu, biurze, sklepie i wielu innych miejscach. Unikalna technologia, po raz pierwszy zastosowana w bran\u017cy motoryzacyjnej, wyznacza nowy standard antybakteryjnej ochrony powierzchni i tworzy zupe\u0142nie now\u0105 grup\u0119 produkt\u00f3w, kt\u00f3ra mo\u017ce rozszerzy\u0107 portfolio studi\u00f3w detailingowych lub myjni samochodowych. To w\u0142a\u015bnie najwa\u017cniejsza cecha linii Purify.<\/p>\n<p>BEST PRACTICES AND ADVICE<br \/>\nAs with Q\u00b2M OdorRemover, we recommend cleaning the inside first before using the pads. Place the pad in the area with the strongest odor. Place or hang it as close to the unpleasant-smelling surface as possible.<\/p>","protected":false},"excerpt":{"rendered":"<p>Q\u00b2M ODOR REMOVER PADS PADY EFEKTYWNIE ELIMINUJ\u0104CE ZAPACHY. Q\u00b2M OdorRemover Pad wykorzystuj\u0105 unikaln\u0105 technologi\u0119, aby trwale wch\u0142on\u0105\u0107 i usun\u0105\u0107 nieprzyjemne zapachy z dowolnego wn\u0119trza. Niezale\u017cnie od tego, czy jest to samoch\u00f3d, jacht, samolot czy dom, ich moc usunie zapach na wiele miesi\u0119cy. \u017bADNEGO MASKOWANIA ZAPACHU! Q\u00b2M OdorRemover Pad nie maskuje nieprzyjemnych zapach\u00f3w jak wi\u0119kszo\u015b\u0107 od\u015bwie\u017caczy&hellip;&nbsp;<a href=\"https:\/\/liquidmaster.pl\/en\/gyeon-q2m-odorremover-pads-4-szt-pady-efektywnie-eliminujace-zapachy\/\" rel=\"bookmark\">Read More \u00bb<span class=\"screen-reader-text\">Gyeon Q2M OdorRemover Pads 4 pcs - pads that effectively eliminate odors<\/span><\/a><\/p>","protected":false},"featured_media":1850819,"comment_status":"open","ping_status":"open","template":"","meta":{"neve_meta_sidebar":"","neve_meta_container":"","neve_meta_enable_content_width":"","neve_meta_content_width":0,"neve_meta_title_alignment":"","neve_meta_author_avatar":"","neve_post_elements_order":"","neve_meta_disable_header":"","neve_meta_disable_footer":"","neve_meta_disable_title":"","_themeisle_gutenberg_block_has_review":false},"product_brand":[],"product_cat":[810,801,768],"product_tag":[302],"class_list":{"0":"post-1810284","1":"product","2":"type-product","3":"status-publish","4":"has-post-thumbnail","6":"product_cat-neutralizatory-zapachow","7":"product_cat-odswiezacze-powietrza","8":"product_cat-wnetrze-auta","9":"product_tag-gyeon","11":"first","12":"instock","13":"taxable","14":"shipping-taxable","15":"purchasable","16":"product-type-simple"},"_links":{"self":[{"href":"https:\/\/liquidmaster.pl\/en\/wp-json\/wp\/v2\/product\/1810284","targetHints":{"allow":["GET"]}}],"collection":[{"href":"https:\/\/liquidmaster.pl\/en\/wp-json\/wp\/v2\/product"}],"about":[{"href":"https:\/\/liquidmaster.pl\/en\/wp-json\/wp\/v2\/types\/product"}],"replies":[{"embeddable":true,"href":"https:\/\/liquidmaster.pl\/en\/wp-json\/wp\/v2\/comments?post=1810284"}],"wp:featuredmedia":[{"embeddable":true,"href":"https:\/\/liquidmaster.pl\/en\/wp-json\/wp\/v2\/media\/1850819"}],"wp:attachment":[{"href":"https:\/\/liquidmaster.pl\/en\/wp-json\/wp\/v2\/media?parent=1810284"}],"wp:term":[{"taxonomy":"product_brand","embeddable":true,"href":"https:\/\/liquidmaster.pl\/en\/wp-json\/wp\/v2\/product_brand?post=1810284"},{"taxonomy":"product_cat","embeddable":true,"href":"https:\/\/liquidmaster.pl\/en\/wp-json\/wp\/v2\/product_cat?post=1810284"},{"taxonomy":"product_tag","embeddable":true,"href":"https:\/\/liquidmaster.pl\/en\/wp-json\/wp\/v2\/product_tag?post=1810284"}],"curies":[{"name":"wp","href":"https:\/\/api.w.org\/{rel}","templated":true}]}}