{"id":1810282,"date":"2025-04-11T07:20:36","date_gmt":"2025-04-11T05:20:36","guid":{"rendered":"https:\/\/liquidmaster.pl\/gyeon-q2m-iron-redefined-4l-najszybciej-reagujacy-deironizer\/"},"modified":"2026-04-20T08:21:45","modified_gmt":"2026-04-20T06:21:45","slug":"gyeon-q2m-iron-redefined-4l-najszybciej-reagujacy-deironizer","status":"publish","type":"product","link":"https:\/\/liquidmaster.pl\/en\/gyeon-q2m-iron-redefined-4l-najszybciej-reagujacy-deironizer\/","title":{"rendered":"Gyeon Q2M Iron Redefined 4L \u2013 the fastest reacting deironizer"},"content":{"rendered":"<p>EFFECTIVE REMOVAL OF METAL DEPOSITS FROM ALL SURFACE<br \/>\nQ\u00b2M Iron Redefined is the most efficient and most responsive metal deposit removal product on the market. It has been specially designed to decontaminate iron-derived contaminants such as brake pad dust or metallic filings, making efficient cleaning very easy for both professionals and detailing enthusiasts.<\/p>\n<p>CONSUMPTION: 150 ml \/ car<br \/>\nPH LEVEL: NEUTRAL<\/p>\n<p>SAFE, PH-NEUTRAL AND NO ODOR<br \/>\nThe reactivity of this product did not change its pH. Our efforts were aimed at designing the most comprehensive spectrum of use of this product, while maintaining its neutral pH. We managed to achieve this, so it can be used even on the most delicate surfaces and polished aluminum. It&#039;s not everything! We have completely replaced the pungent smell of the previous version with the amazing aroma of banana candies, making the decontamination process now a pleasant experience.<\/p>\n<p>REDEFINED<br \/>\nIntroducing the REDFINED line. At GYEON, we have taken our outstanding chemical formulas to a whole new level. We have modified them to perfection to achieve unrivaled performance, exceptional durability and excellent ease of use. We are committed to providing our customers with the best possible user experience.<\/p>\n<p>TIPS AND TRICKS FROM YVES HEYLEN<br \/>\nUse Q\u00b2M Iron Redefined during chemical decontamination immediately before pre-washing. Always work on a cool surface and avoid direct sunlight. On hot days, work in stages, not allowing the product to dry out. Tip: Q\u00b2M Iron Redefined is very slippery and can be used with clay to speed up the process.<\/p>\n<p>Capacity: 4L<\/p>\n<p>\u00a0<\/p>","protected":false},"excerpt":{"rendered":"<p>EFEKTYWNE USUWANIE OSAD\u00d3W METALICZNYCH ZE WSZYSTKICH POWIERZCHNI Q\u00b2M Iron Redefined to najbardziej wydajny i najszybciej reaguj\u0105cy produkt do usuwania osad\u00f3w metalicznych na rynku. Zosta\u0142 specjalnie zaprojektowany to dekontaminacji zanieczyszcze\u0144 \u017celazo-pochodnych takich jak py\u0142 z klock\u00f3w hamulcowych czy opi\u0142ki metaliczne, dzi\u0119ki czemu wydajne oczyszczanie jest banalnie proste zar\u00f3wno dla profesjonalist\u00f3w jak i entuzjast\u00f3w detailingu. ZU\u017bYCIE: 150&hellip;&nbsp;<a href=\"https:\/\/liquidmaster.pl\/en\/gyeon-q2m-iron-redefined-4l-najszybciej-reagujacy-deironizer\/\" rel=\"bookmark\">Read More \u00bb<span class=\"screen-reader-text\">Gyeon Q2M Iron Redefined 4L \u2013 the fastest reacting deironizer<\/span><\/a><\/p>","protected":false},"featured_media":1850818,"comment_status":"open","ping_status":"open","template":"","meta":{"neve_meta_sidebar":"","neve_meta_container":"","neve_meta_enable_content_width":"","neve_meta_content_width":0,"neve_meta_title_alignment":"","neve_meta_author_avatar":"","neve_post_elements_order":"","neve_meta_disable_header":"","neve_meta_disable_footer":"","neve_meta_disable_title":"","_themeisle_gutenberg_block_has_review":false},"product_brand":[],"product_cat":[744,743,733],"product_tag":[302],"class_list":{"0":"post-1810282","1":"product","2":"type-product","3":"status-publish","4":"has-post-thumbnail","6":"product_cat-deironizacja","7":"product_cat-dekontaminacja","8":"product_cat-na-zewnatrz","9":"product_tag-gyeon","11":"first","12":"instock","13":"taxable","14":"shipping-taxable","15":"purchasable","16":"product-type-simple"},"_links":{"self":[{"href":"https:\/\/liquidmaster.pl\/en\/wp-json\/wp\/v2\/product\/1810282","targetHints":{"allow":["GET"]}}],"collection":[{"href":"https:\/\/liquidmaster.pl\/en\/wp-json\/wp\/v2\/product"}],"about":[{"href":"https:\/\/liquidmaster.pl\/en\/wp-json\/wp\/v2\/types\/product"}],"replies":[{"embeddable":true,"href":"https:\/\/liquidmaster.pl\/en\/wp-json\/wp\/v2\/comments?post=1810282"}],"wp:featuredmedia":[{"embeddable":true,"href":"https:\/\/liquidmaster.pl\/en\/wp-json\/wp\/v2\/media\/1850818"}],"wp:attachment":[{"href":"https:\/\/liquidmaster.pl\/en\/wp-json\/wp\/v2\/media?parent=1810282"}],"wp:term":[{"taxonomy":"product_brand","embeddable":true,"href":"https:\/\/liquidmaster.pl\/en\/wp-json\/wp\/v2\/product_brand?post=1810282"},{"taxonomy":"product_cat","embeddable":true,"href":"https:\/\/liquidmaster.pl\/en\/wp-json\/wp\/v2\/product_cat?post=1810282"},{"taxonomy":"product_tag","embeddable":true,"href":"https:\/\/liquidmaster.pl\/en\/wp-json\/wp\/v2\/product_tag?post=1810282"}],"curies":[{"name":"wp","href":"https:\/\/api.w.org\/{rel}","templated":true}]}}