{"id":1810278,"date":"2025-04-11T07:20:36","date_gmt":"2025-04-11T05:20:36","guid":{"rendered":"https:\/\/liquidmaster.pl\/gyeon-q2m-interiordetailer-4l-produkt-do-pielegnacji-wnetrza\/"},"modified":"2026-04-20T08:21:44","modified_gmt":"2026-04-20T06:21:44","slug":"gyeon-q2m-interiordetailer-4l-produkt-do-pielegnacji-wnetrza","status":"publish","type":"product","link":"https:\/\/liquidmaster.pl\/en\/gyeon-q2m-interiordetailer-4l-produkt-do-pielegnacji-wnetrza\/","title":{"rendered":"Gyeon Q2M InteriorDetailer 4L \u2013 interior care product"},"content":{"rendered":"<p>Q\u00b2M InteriorDetailer is an ideal product for ongoing interior care, removing light dirt and contamination and leaving the interior looking fresh.<\/p>\n<p>The alcohol-based formula (60%) allows you to remove most organic contaminants from any surface while disinfecting them.<\/p>\n<p>A GENTLE PRODUCT FOR QUICKLY REFRESHING THE INTERIOR APPEARANCE<\/p>\n<p>Mo\u017cna go bezpiecznie stosowa\u0107 na wszystkich powierzchniach wewn\u0119trznych, w tym na sk\u00f3rze, plastiku, drewnie czy Alcantarze. Pozostawia matowe wyko\u0144czenie bez uczucia &#8222;lepko\u015bci&#8221;.<\/p>\n<p>Q\u00b2M InteriorDetailer does not replace Q\u00b2M VinylCleaner or Q\u00b2M LeatherCleaner, but complements them. Perfect for everyday use.<\/p>\n<p>Capacity: 4L<\/p>\n<p>\u00a0<\/p>","protected":false},"excerpt":{"rendered":"<p>Q\u00b2M InteriorDetailer to idealny produkt do bie\u017c\u0105cej piel\u0119gnacji wn\u0119trz, usuwaj\u0105cy lekkie zabrudzenia i zanieczyszczenia oraz pozostawiaj\u0105cy \u015bwie\u017cy wygl\u0105d wn\u0119trza. Formu\u0142a na bazie alkoholu (60%) pozwala na usuni\u0119cie wi\u0119kszo\u015bci zanieczyszcze\u0144 organicznych z ka\u017cdej powierzchni przy jednoczesnej ich dezynfekcji. DELIKATNY PRODUKT DO SZYBKIEGO OD\u015aWIE\u017bANIA WYGL\u0104DU WN\u0118TRZA Mo\u017cna go bezpiecznie stosowa\u0107 na wszystkich powierzchniach wewn\u0119trznych, w tym na&hellip;&nbsp;<a href=\"https:\/\/liquidmaster.pl\/en\/gyeon-q2m-interiordetailer-4l-produkt-do-pielegnacji-wnetrza\/\" rel=\"bookmark\">Read More \u00bb<span class=\"screen-reader-text\">Gyeon Q2M InteriorDetailer 4L \u2013 interior care product<\/span><\/a><\/p>","protected":false},"featured_media":1850816,"comment_status":"open","ping_status":"open","template":"","meta":{"neve_meta_sidebar":"","neve_meta_container":"","neve_meta_enable_content_width":"","neve_meta_content_width":0,"neve_meta_title_alignment":"","neve_meta_author_avatar":"","neve_post_elements_order":"","neve_meta_disable_header":"","neve_meta_disable_footer":"","neve_meta_disable_title":"","_themeisle_gutenberg_block_has_review":false},"product_brand":[],"product_cat":[803,795,768],"product_tag":[302],"class_list":{"0":"post-1810278","1":"product","2":"type-product","3":"status-publish","4":"has-post-thumbnail","6":"product_cat-interior-qd","7":"product_cat-plastiki-wewnetrzne","8":"product_cat-wnetrze-auta","9":"product_tag-gyeon","10":"pa_promocja-promocje","12":"first","13":"instock","14":"taxable","15":"shipping-taxable","16":"purchasable","17":"product-type-simple"},"_links":{"self":[{"href":"https:\/\/liquidmaster.pl\/en\/wp-json\/wp\/v2\/product\/1810278","targetHints":{"allow":["GET"]}}],"collection":[{"href":"https:\/\/liquidmaster.pl\/en\/wp-json\/wp\/v2\/product"}],"about":[{"href":"https:\/\/liquidmaster.pl\/en\/wp-json\/wp\/v2\/types\/product"}],"replies":[{"embeddable":true,"href":"https:\/\/liquidmaster.pl\/en\/wp-json\/wp\/v2\/comments?post=1810278"}],"wp:featuredmedia":[{"embeddable":true,"href":"https:\/\/liquidmaster.pl\/en\/wp-json\/wp\/v2\/media\/1850816"}],"wp:attachment":[{"href":"https:\/\/liquidmaster.pl\/en\/wp-json\/wp\/v2\/media?parent=1810278"}],"wp:term":[{"taxonomy":"product_brand","embeddable":true,"href":"https:\/\/liquidmaster.pl\/en\/wp-json\/wp\/v2\/product_brand?post=1810278"},{"taxonomy":"product_cat","embeddable":true,"href":"https:\/\/liquidmaster.pl\/en\/wp-json\/wp\/v2\/product_cat?post=1810278"},{"taxonomy":"product_tag","embeddable":true,"href":"https:\/\/liquidmaster.pl\/en\/wp-json\/wp\/v2\/product_tag?post=1810278"}],"curies":[{"name":"wp","href":"https:\/\/api.w.org\/{rel}","templated":true}]}}