{"id":1810274,"date":"2025-04-11T07:20:05","date_gmt":"2025-04-11T05:20:05","guid":{"rendered":"https:\/\/liquidmaster.pl\/gyeon-q2m-ecowash-4l-skoncentrowany-szampon-do-mycia-bezwodnego\/"},"modified":"2026-04-18T04:41:25","modified_gmt":"2026-04-18T02:41:25","slug":"gyeon-q2m-ecowash-4l-skoncentrowany-szampon-do-mycia-bezwodnego","status":"publish","type":"product","link":"https:\/\/liquidmaster.pl\/en\/gyeon-q2m-ecowash-4l-skoncentrowany-szampon-do-mycia-bezwodnego\/","title":{"rendered":"Gyeon Q2M ECOWash 4L \u2013 concentrated shampoo for waterless washing"},"content":{"rendered":"<p>CONCENTRATED SHAMPOO FOR WASHING WITHOUT WATER OR RINSEON. DRYING AID, MAKES SLIPPERY AND GLOSS.<br \/>\nQ\u00b2M ECOWash allows you to wash your car quickly and safely without the need to use running water, a drainage system or the risk of detergents getting into the soil. The product can be used in three ways: as waterless washing, washing without rinsing and as a drying aid. The concentrated formula allows you to test different degrees of dilution to adapt the product to the method of use, climatic conditions and personal preferences.<\/p>\n<p>ENRICHED WITH SiO2<br \/>\nQ\u00b2M ECOWash contains the addition of SiO2, which provides slipperiness, high gloss, hydrophobicity and self-cleaning properties. This makes the product perfect for washing ceramic-coated cars in regions where regular washing is impossible or prohibited by law. The slipperiness of the product reduces the risk of scratches during washing.<\/p>\n<p>3 in 1<br \/>\nRegardless of which method of using Q\u00b2M ECOWash you prefer, we are sure that you will wash your car easily and, above all, safely.<\/p>\n<p>Waterless washing: dilution 1:15 \u2013 1:10<br \/>\nWashing without rinsing: dilution 1:256 \u2013 1:150<br \/>\nDesiccant: dilution 1:20<\/p>\n<p>TIPS AND TRICKS FROM YVES HEYLEN<br \/>\nIn Belgium, we do not have drastic restrictions on water use (except in summer). That&#039;s why my favorite way to use Q\u00b2M ECOwash is to help dry the car after washing. 5 sprays on my favorite Q\u00b2M SilkDryer EVO towel will provide perfect glide for 2-3 elements. It does not leave streaks and provides a pleasant, slippery effect.<\/p>\n<p>Capacity: 4L<\/p>\n<p>\u00a0<\/p>","protected":false},"excerpt":{"rendered":"<p>SKONCENTROWANY SZAMPON DO MYCIA BEZWODNEGO LUB BEZ SP\u0141UKIWANIA. \u015aRODEK WSPOMAGAJ\u0104CY OSUSZANIE, NADAJ\u0104CY \u015aLISKO\u015a\u0106 I PO\u0141YSK. Q\u00b2M ECOWash umo\u017cliwia szybkie i bezpieczne mycie samochodu bez konieczno\u015bci u\u017cywania bie\u017c\u0105cej wody, instalacji odp\u0142ywowej oraz ryzyka przedostania si\u0119 detergent\u00f3w do gleby. Produkt mo\u017cna stosowa\u0107 na trzy sposoby: jako mycie bezwodne, mycie bez sp\u0142ukiwania i jako \u015brodek u\u0142atwiaj\u0105cy osuszanie. Skoncentrowana&hellip;&nbsp;<a href=\"https:\/\/liquidmaster.pl\/en\/gyeon-q2m-ecowash-4l-skoncentrowany-szampon-do-mycia-bezwodnego\/\" rel=\"bookmark\">Read More \u00bb<span class=\"screen-reader-text\">Gyeon Q2M ECOWash 4L \u2013 concentrated shampoo for waterless washing<\/span><\/a><\/p>","protected":false},"featured_media":1851203,"comment_status":"open","ping_status":"closed","template":"","meta":{"neve_meta_sidebar":"","neve_meta_container":"","neve_meta_enable_content_width":"off","neve_meta_content_width":100,"neve_meta_title_alignment":"","neve_meta_author_avatar":"","neve_post_elements_order":"","neve_meta_disable_header":"","neve_meta_disable_footer":"","neve_meta_disable_title":"","_themeisle_gutenberg_block_has_review":false},"product_brand":[],"product_cat":[734,733,907],"product_tag":[302],"class_list":{"0":"post-1810274","1":"product","2":"type-product","3":"status-publish","4":"has-post-thumbnail","6":"product_cat-mycie-i-osuszanie","7":"product_cat-na-zewnatrz","8":"product_cat-szampon-do-bezwodnego-mycia","9":"product_tag-gyeon","11":"first","12":"outofstock","13":"taxable","14":"shipping-taxable","15":"purchasable","16":"product-type-simple"},"_links":{"self":[{"href":"https:\/\/liquidmaster.pl\/en\/wp-json\/wp\/v2\/product\/1810274","targetHints":{"allow":["GET"]}}],"collection":[{"href":"https:\/\/liquidmaster.pl\/en\/wp-json\/wp\/v2\/product"}],"about":[{"href":"https:\/\/liquidmaster.pl\/en\/wp-json\/wp\/v2\/types\/product"}],"replies":[{"embeddable":true,"href":"https:\/\/liquidmaster.pl\/en\/wp-json\/wp\/v2\/comments?post=1810274"}],"wp:featuredmedia":[{"embeddable":true,"href":"https:\/\/liquidmaster.pl\/en\/wp-json\/wp\/v2\/media\/1851203"}],"wp:attachment":[{"href":"https:\/\/liquidmaster.pl\/en\/wp-json\/wp\/v2\/media?parent=1810274"}],"wp:term":[{"taxonomy":"product_brand","embeddable":true,"href":"https:\/\/liquidmaster.pl\/en\/wp-json\/wp\/v2\/product_brand?post=1810274"},{"taxonomy":"product_cat","embeddable":true,"href":"https:\/\/liquidmaster.pl\/en\/wp-json\/wp\/v2\/product_cat?post=1810274"},{"taxonomy":"product_tag","embeddable":true,"href":"https:\/\/liquidmaster.pl\/en\/wp-json\/wp\/v2\/product_tag?post=1810274"}],"curies":[{"name":"wp","href":"https:\/\/api.w.org\/{rel}","templated":true}]}}