{"id":1810268,"date":"2025-04-11T07:18:34","date_gmt":"2025-04-11T05:18:34","guid":{"rendered":"https:\/\/liquidmaster.pl\/gyeon-q2m-defrost-500ml-blyskawiczny-odmrazacz-do-szyb\/"},"modified":"2026-04-20T08:21:41","modified_gmt":"2026-04-20T06:21:41","slug":"gyeon-q2m-defrost-500ml-blyskawiczny-odmrazacz-do-szyb","status":"publish","type":"product","link":"https:\/\/liquidmaster.pl\/en\/gyeon-q2m-defrost-500ml-blyskawiczny-odmrazacz-do-szyb\/","title":{"rendered":"Gyeon Q2M DeFrost 500ml \u2013 instant window defroster"},"content":{"rendered":"<p>INSTANT WINDOW DEFROSTER<br \/>\nQ\u00b2M DeFrost will help you melt frost and ice on any car glass in a few seconds. You don&#039;t have to scrape and risk damaging the windows. Spray, let it react and watch the ice slide off.<\/p>\n<p>-40\u2103<br \/>\nQ\u00b2M Defrost has been extensively tested in extremely cold climates to confirm its effectiveness in all possible conditions and to ensure maximum comfort and safety when it comes to visibility.<\/p>\n<p>TOUCHLESS, SAFE OPERATION<br \/>\nThanks to its extremely fast action, all you need to do is spray the surface generously and you will see the ice melt almost immediately. Although it is extremely aggressive towards frost and ice, Q\u00b2M Defrost is completely safe on any glass surface, whether or not protected by a coating, but also on other finishing elements around the glass.<\/p>\n<p>TIPS AND TRICKS FROM YVES HEYLEN<br \/>\nHere in Belgium we have to deal with frosted windows at least 60 days a year. I always have a bottle of Q\u00b2M Defrost in my car in winter - just spray it on the surface, wait 30 seconds for it to react, one wipe with the wipers and the ice disappears.<\/p>","protected":false},"excerpt":{"rendered":"<p>B\u0141YSKAWICZNY ODMRA\u017bACZ DO SZYB Q\u00b2M DeFrost pomo\u017ce Ci roztopi\u0107 szron i l\u00f3d na ka\u017cdym przeszkleniu samochodu w ci\u0105gu kilku sekund. Nie musisz skroba\u0107 i ryzykowa\u0107 uszkodzenia szyb. Spryskaj, pozw\u00f3l mu zareagowa\u0107 i obserwuj, jak l\u00f3d sp\u0142ywa. -40\u2103 Q\u00b2M Defrost zosta\u0142 gruntownie przetestowany w ekstremalnie zimnym klimacie, aby potwierdzi\u0107 jego skuteczno\u015b\u0107 we wszystkich mo\u017cliwych warunkach oraz&hellip;&nbsp;<a href=\"https:\/\/liquidmaster.pl\/en\/gyeon-q2m-defrost-500ml-blyskawiczny-odmrazacz-do-szyb\/\" rel=\"bookmark\">Read More \u00bb<span class=\"screen-reader-text\">Gyeon Q2M DeFrost 500ml \u2013 instant window defroster<\/span><\/a><\/p>","protected":false},"featured_media":1850811,"comment_status":"open","ping_status":"open","template":"","meta":{"neve_meta_sidebar":"","neve_meta_container":"","neve_meta_enable_content_width":"","neve_meta_content_width":0,"neve_meta_title_alignment":"","neve_meta_author_avatar":"","neve_post_elements_order":"","neve_meta_disable_header":"","neve_meta_disable_footer":"","neve_meta_disable_title":"","_themeisle_gutenberg_block_has_review":false},"product_brand":[],"product_cat":[733,784,773],"product_tag":[302],"class_list":{"0":"post-1810268","1":"product","2":"type-product","3":"status-publish","4":"has-post-thumbnail","6":"product_cat-na-zewnatrz","7":"product_cat-odmrazacze-do-szyb","8":"product_cat-szyby","9":"product_tag-gyeon","11":"first","12":"instock","13":"taxable","14":"shipping-taxable","15":"purchasable","16":"product-type-simple"},"_links":{"self":[{"href":"https:\/\/liquidmaster.pl\/en\/wp-json\/wp\/v2\/product\/1810268","targetHints":{"allow":["GET"]}}],"collection":[{"href":"https:\/\/liquidmaster.pl\/en\/wp-json\/wp\/v2\/product"}],"about":[{"href":"https:\/\/liquidmaster.pl\/en\/wp-json\/wp\/v2\/types\/product"}],"replies":[{"embeddable":true,"href":"https:\/\/liquidmaster.pl\/en\/wp-json\/wp\/v2\/comments?post=1810268"}],"wp:featuredmedia":[{"embeddable":true,"href":"https:\/\/liquidmaster.pl\/en\/wp-json\/wp\/v2\/media\/1850811"}],"wp:attachment":[{"href":"https:\/\/liquidmaster.pl\/en\/wp-json\/wp\/v2\/media?parent=1810268"}],"wp:term":[{"taxonomy":"product_brand","embeddable":true,"href":"https:\/\/liquidmaster.pl\/en\/wp-json\/wp\/v2\/product_brand?post=1810268"},{"taxonomy":"product_cat","embeddable":true,"href":"https:\/\/liquidmaster.pl\/en\/wp-json\/wp\/v2\/product_cat?post=1810268"},{"taxonomy":"product_tag","embeddable":true,"href":"https:\/\/liquidmaster.pl\/en\/wp-json\/wp\/v2\/product_tag?post=1810268"}],"curies":[{"name":"wp","href":"https:\/\/api.w.org\/{rel}","templated":true}]}}