{"id":1810266,"date":"2025-04-11T07:18:34","date_gmt":"2025-04-11T05:18:34","guid":{"rendered":"https:\/\/liquidmaster.pl\/gyeon-q2m-cure-matte-redefined-500ml-sealant-ceramiczny-do-lakierow-matowych\/"},"modified":"2026-04-20T08:21:40","modified_gmt":"2026-04-20T06:21:40","slug":"gyeon-q2m-cure-matte-redefined-500ml-sealant-ceramiczny-do-lakierow-matowych","status":"publish","type":"product","link":"https:\/\/liquidmaster.pl\/en\/gyeon-q2m-cure-matte-redefined-500ml-sealant-ceramiczny-do-lakierow-matowych\/","title":{"rendered":"Gyeon Q2M Cure Matte Redefined 500ml \u2013 ceramic sealant for matte varnishes"},"content":{"rendered":"<p>MATTE CERAMIC SPRAY SEALANT<br \/>\nQ\u00b2M Cure Matte Redefined is a unique silicon-based sealant in an atomizer intended for matte varnishes. It is both a stand-alone product offering lasting protection and self-cleaning properties, and a detailer for ceramic coatings. Increases the depth and intensity of color without changing the matte finish. With regular use, you can extend the excellent hydrophobic effect by up to 90% compared to the base coating, while protecting the surface from water marks.<\/p>\n<p>CONSUMPTION: 30 ml \/ car<br \/>\nPH TOLERANCE: 4-9<br \/>\nDURABILITY: &gt;6 weeks<\/p>\n<p>UNIQUE<br \/>\nQ\u00b2M Cure Matte Redefined is a unique silicon-based sealant in an atomizer intended for matte varnishes and foils. It is both a stand-alone product offering lasting protection and self-cleaning properties, as well as a preservative for ceramic coatings. Increases the depth and intensity of color without changing the matte finish.<\/p>\n<p>REDEFINED<br \/>\nIntroducing the REDFINED line. At GYEON, we have taken our outstanding chemical formulas to a whole new level. We have modified them to perfection to achieve unrivaled performance, exceptional durability and excellent ease of use. We are committed to providing our customers with the best possible user experience.<\/p>\n<p>TIPS AND TRICKS FROM YVES HEYLEN<br \/>\nUse Q\u00b2M Cure Matte Redefined to care for a protected matte or satin surface, including color change foils, varnish and matte protective films. Tip: You can use the product on both wet and dry varnish. It will improve the appearance, extend the life of the coating and help with drying and removing streaks.<\/p>\n<p>Capacity: 500 ml<\/p>","protected":false},"excerpt":{"rendered":"<p>MATTE CERAMIC SPRAY SEALANT Q\u00b2M Cure Matte Redefined to unikalny sealant w atomizerze bazuj\u0105cy na krzemie przeznaczony do lakier\u00f3w matowych. Jest zar\u00f3wno samodzielnym produktem oferuj\u0105cym trwa\u0142\u0105 ochron\u0119 i w\u0142a\u015bciwo\u015bci samooczyszczaj\u0105ce, jak i detailerem do pow\u0142ok ceramicznych. Zwi\u0119ksza g\u0142\u0119bi\u0119 i intensywno\u015b\u0107 koloru nie zmieniaj\u0105c matowego wyko\u0144czenia. Dzi\u0119ki regularnemu u\u017cyciu mo\u017cesz uzyska\u0107 wyd\u0142u\u017cenie rewelacyjnego efektu hydrofobowego nawet&hellip;&nbsp;<a href=\"https:\/\/liquidmaster.pl\/en\/gyeon-q2m-cure-matte-redefined-500ml-sealant-ceramiczny-do-lakierow-matowych\/\" rel=\"bookmark\">Read More \u00bb<span class=\"screen-reader-text\">Gyeon Q2M Cure Matte Redefined 500ml \u2013 ceramic sealant for matte varnishes<\/span><\/a><\/p>","protected":false},"featured_media":1850810,"comment_status":"open","ping_status":"open","template":"","meta":{"neve_meta_sidebar":"","neve_meta_container":"","neve_meta_enable_content_width":"","neve_meta_content_width":0,"neve_meta_title_alignment":"","neve_meta_author_avatar":"","neve_post_elements_order":"","neve_meta_disable_header":"","neve_meta_disable_footer":"","neve_meta_disable_title":"","_themeisle_gutenberg_block_has_review":false},"product_brand":[],"product_cat":[733,766,788],"product_tag":[302],"class_list":{"0":"post-1810266","1":"product","2":"type-product","3":"status-publish","4":"has-post-thumbnail","6":"product_cat-na-zewnatrz","7":"product_cat-ochrona-lakieru","8":"product_cat-woski","9":"product_tag-gyeon","11":"first","12":"instock","13":"taxable","14":"shipping-taxable","15":"purchasable","16":"product-type-simple"},"_links":{"self":[{"href":"https:\/\/liquidmaster.pl\/en\/wp-json\/wp\/v2\/product\/1810266","targetHints":{"allow":["GET"]}}],"collection":[{"href":"https:\/\/liquidmaster.pl\/en\/wp-json\/wp\/v2\/product"}],"about":[{"href":"https:\/\/liquidmaster.pl\/en\/wp-json\/wp\/v2\/types\/product"}],"replies":[{"embeddable":true,"href":"https:\/\/liquidmaster.pl\/en\/wp-json\/wp\/v2\/comments?post=1810266"}],"wp:featuredmedia":[{"embeddable":true,"href":"https:\/\/liquidmaster.pl\/en\/wp-json\/wp\/v2\/media\/1850810"}],"wp:attachment":[{"href":"https:\/\/liquidmaster.pl\/en\/wp-json\/wp\/v2\/media?parent=1810266"}],"wp:term":[{"taxonomy":"product_brand","embeddable":true,"href":"https:\/\/liquidmaster.pl\/en\/wp-json\/wp\/v2\/product_brand?post=1810266"},{"taxonomy":"product_cat","embeddable":true,"href":"https:\/\/liquidmaster.pl\/en\/wp-json\/wp\/v2\/product_cat?post=1810266"},{"taxonomy":"product_tag","embeddable":true,"href":"https:\/\/liquidmaster.pl\/en\/wp-json\/wp\/v2\/product_tag?post=1810266"}],"curies":[{"name":"wp","href":"https:\/\/api.w.org\/{rel}","templated":true}]}}