{"id":1810264,"date":"2025-04-11T07:18:05","date_gmt":"2025-04-11T05:18:05","guid":{"rendered":"https:\/\/liquidmaster.pl\/gyeon-q2m-compound-redefined-250ml-silnie-tnaca-pasta-polerska\/"},"modified":"2026-04-18T04:41:22","modified_gmt":"2026-04-18T02:41:22","slug":"gyeon-q2m-compound-redefined-250ml-silnie-tnaca-pasta-polerska","status":"publish","type":"product","link":"https:\/\/liquidmaster.pl\/en\/gyeon-q2m-compound-redefined-250ml-silnie-tnaca-pasta-polerska\/","title":{"rendered":"Gyeon Q2M Compound+ Redefined 250ml \u2013 strong cutting polishing paste"},"content":{"rendered":"<p>TN\u0104CA PASTA POLERSKA &#8211; UDOSKONALONA<br \/>\nQ\u00b2M Compound+ Redefined is a highly cutting polishing paste that combines increased ability to remove strong scratches and high abrasiveness with low dusting and limited secondary paint defects. The light hologram left behind can be easily removed in one step using Q\u00b2M Polish.<\/p>\n<p>CONSUMPTION: 15-40 ml\/PANEL<\/p>\n<p>HIGH CUTTING FORCE AND GLOSSY FINISH<br \/>\nQ\u00b2M Compound+ Redefined provides increased cutting power without the cost of increased paint defects. The water-based formula contains high-quality abrasive from Japan, which allows for quick and easy removal of serious paint defects. The lack of silicone and fillers makes subsequent preparation of the varnish for coating application faster and easier.<\/p>\n<p>REDEFINED<br \/>\nIntroducing the REDFINED line. At GYEON, we have taken our outstanding chemical formulas to a whole new level. We have modified them to perfection to achieve unrivaled performance, exceptional durability and excellent ease of use. We are committed to providing our customers with the best possible user experience.<\/p>\n<p>TIPS AND TRICKS FROM YVES HEYLEN<br \/>\nQ\u00b2M Compound+ Redefined is different from other cutting polishing pastes. Due to the water base, the speed and revolutions of the machine should be lower to achieve the best results. Work in small areas by moving the machine slowly.<br \/>\nTip: Compared to the previous version, Q\u00b2M Compound+ Redefined maintains high cutting power, ensuring a longer working life without drying out. Perfect for use in high temperature and humidity conditions.<\/p>\n<p>Capacity: 250 ml<\/p>\n<p>\u00a0<\/p>","protected":false},"excerpt":{"rendered":"<p>TN\u0104CA PASTA POLERSKA &#8211; UDOSKONALONA Q\u00b2M Compound+ Redefined to silnie tn\u0105ca pasta polerska, kt\u00f3ra \u0142\u0105czy zwi\u0119kszon\u0105 zdolno\u015b\u0107 do usuwania mocnych rys i du\u017c\u0105 \u015bcieralno\u015b\u0107 z niskim poziomem pylenia i ograniczonym powstawaniem wt\u00f3rnych defekt\u00f3w lakieru. Pozostawiony lekki hologram mo\u017cna z \u0142atwo\u015bci\u0105 usun\u0105\u0107 w jednym kroku przy u\u017cyciu Q\u00b2M Polish. ZU\u017bYCIE: 15-40 ml\/PANEL WYSOKA SI\u0141A CI\u0118CIA I&hellip;&nbsp;<a href=\"https:\/\/liquidmaster.pl\/en\/gyeon-q2m-compound-redefined-250ml-silnie-tnaca-pasta-polerska\/\" rel=\"bookmark\">Read More \u00bb<span class=\"screen-reader-text\">Gyeon Q2M Compound+ Redefined 250ml \u2013 strong cutting polishing paste<\/span><\/a><\/p>","protected":false},"featured_media":1850809,"comment_status":"open","ping_status":"open","template":"","meta":{"neve_meta_sidebar":"","neve_meta_container":"","neve_meta_enable_content_width":"","neve_meta_content_width":0,"neve_meta_title_alignment":"","neve_meta_author_avatar":"","neve_post_elements_order":"","neve_meta_disable_header":"","neve_meta_disable_footer":"","neve_meta_disable_title":"","_themeisle_gutenberg_block_has_review":false},"product_brand":[],"product_cat":[790,789,748],"product_tag":[302],"class_list":{"0":"post-1810264","1":"product","2":"type-product","3":"status-publish","4":"has-post-thumbnail","6":"product_cat-pasty-cuttingowe","7":"product_cat-pasty-polerskie","8":"product_cat-polerowanie","9":"product_tag-gyeon","11":"first","12":"instock","13":"taxable","14":"shipping-taxable","15":"purchasable","16":"product-type-simple"},"_links":{"self":[{"href":"https:\/\/liquidmaster.pl\/en\/wp-json\/wp\/v2\/product\/1810264","targetHints":{"allow":["GET"]}}],"collection":[{"href":"https:\/\/liquidmaster.pl\/en\/wp-json\/wp\/v2\/product"}],"about":[{"href":"https:\/\/liquidmaster.pl\/en\/wp-json\/wp\/v2\/types\/product"}],"replies":[{"embeddable":true,"href":"https:\/\/liquidmaster.pl\/en\/wp-json\/wp\/v2\/comments?post=1810264"}],"wp:featuredmedia":[{"embeddable":true,"href":"https:\/\/liquidmaster.pl\/en\/wp-json\/wp\/v2\/media\/1850809"}],"wp:attachment":[{"href":"https:\/\/liquidmaster.pl\/en\/wp-json\/wp\/v2\/media?parent=1810264"}],"wp:term":[{"taxonomy":"product_brand","embeddable":true,"href":"https:\/\/liquidmaster.pl\/en\/wp-json\/wp\/v2\/product_brand?post=1810264"},{"taxonomy":"product_cat","embeddable":true,"href":"https:\/\/liquidmaster.pl\/en\/wp-json\/wp\/v2\/product_cat?post=1810264"},{"taxonomy":"product_tag","embeddable":true,"href":"https:\/\/liquidmaster.pl\/en\/wp-json\/wp\/v2\/product_tag?post=1810264"}],"curies":[{"name":"wp","href":"https:\/\/api.w.org\/{rel}","templated":true}]}}