{"id":1810262,"date":"2025-04-11T07:18:05","date_gmt":"2025-04-11T05:18:05","guid":{"rendered":"https:\/\/liquidmaster.pl\/gyeon-q2m-clay-mild-evo-glinka-do-regularnej-pielegnacji\/"},"modified":"2026-04-20T08:21:39","modified_gmt":"2026-04-20T06:21:39","slug":"gyeon-q2m-clay-mild-evo-glinka-do-regularnej-pielegnacji","status":"publish","type":"product","link":"https:\/\/liquidmaster.pl\/en\/gyeon-q2m-clay-mild-evo-glinka-do-regularnej-pielegnacji\/","title":{"rendered":"Gyeon Q2M Clay Mild EVO \u2013 clay for regular care"},"content":{"rendered":"<p>Q\u00b2M Clay Mild EVO clay<\/p>\n<p>Traditional clay remains the most effective solution in detailing for removing heavy dirt that is strongly bonded to the paint. Gyeon presents two types of clay with different dirt-removing power - Q\u00b2M Clay Coarse for heavily polluted surfaces and Q\u00b2M Clay Mild for regular care. Both Gyeon clays are extremely resistant to chemicals, so they can be used with Q\u00b2M Iron and Q\u00b2M Tar as well as our concentrated Q\u00b2M ClayLube.<\/p>\n<p>Q\u00b2M Clay Mild is designed for complete safety on all types of paint, effectively removing dirt even from the softest paints. Its light color allows you to easily see dirt on the surface and crush it in time to obtain a surface ready for work.<\/p>\n<p>\u00a0<\/p>","protected":false},"excerpt":{"rendered":"<p>Glinka Q\u00b2M Clay Mild EVO Tradycyjna glinka pozostaje najskuteczniejszym rozwi\u0105zaniem w detailingu w zakresie usuwania ci\u0119\u017ckich, silnie zespolonych z lakierem zabrudze\u0144. Gyeon prezentuje dwa rodzaje glinki o r\u00f3\u017cnej sile usuwania zanieczyszcze\u0144 \u2013 Q\u00b2M Clay Coarse dla silnie zanieczyszczonych powierzchni i Q\u00b2M Clay Mild dla regularnej piel\u0119gnacji. Obie glinki Gyeon s\u0105 wybitnie odporne na chemi\u0119, dzi\u0119ki&hellip;&nbsp;<a href=\"https:\/\/liquidmaster.pl\/en\/gyeon-q2m-clay-mild-evo-glinka-do-regularnej-pielegnacji\/\" rel=\"bookmark\">Read More \u00bb<span class=\"screen-reader-text\">Gyeon Q2M Clay Mild EVO \u2013 clay for regular care<\/span><\/a><\/p>","protected":false},"featured_media":1850808,"comment_status":"open","ping_status":"open","template":"","meta":{"neve_meta_sidebar":"","neve_meta_container":"","neve_meta_enable_content_width":"","neve_meta_content_width":0,"neve_meta_title_alignment":"","neve_meta_author_avatar":"","neve_post_elements_order":"","neve_meta_disable_header":"","neve_meta_disable_footer":"","neve_meta_disable_title":"","_themeisle_gutenberg_block_has_review":false},"product_brand":[],"product_cat":[743,763,733],"product_tag":[302],"class_list":{"0":"post-1810262","1":"product","2":"type-product","3":"status-publish","4":"has-post-thumbnail","6":"product_cat-dekontaminacja","7":"product_cat-glinki-i-lubrykanty","8":"product_cat-na-zewnatrz","9":"product_tag-gyeon","11":"first","12":"outofstock","13":"taxable","14":"shipping-taxable","15":"purchasable","16":"product-type-simple"},"_links":{"self":[{"href":"https:\/\/liquidmaster.pl\/en\/wp-json\/wp\/v2\/product\/1810262","targetHints":{"allow":["GET"]}}],"collection":[{"href":"https:\/\/liquidmaster.pl\/en\/wp-json\/wp\/v2\/product"}],"about":[{"href":"https:\/\/liquidmaster.pl\/en\/wp-json\/wp\/v2\/types\/product"}],"replies":[{"embeddable":true,"href":"https:\/\/liquidmaster.pl\/en\/wp-json\/wp\/v2\/comments?post=1810262"}],"wp:featuredmedia":[{"embeddable":true,"href":"https:\/\/liquidmaster.pl\/en\/wp-json\/wp\/v2\/media\/1850808"}],"wp:attachment":[{"href":"https:\/\/liquidmaster.pl\/en\/wp-json\/wp\/v2\/media?parent=1810262"}],"wp:term":[{"taxonomy":"product_brand","embeddable":true,"href":"https:\/\/liquidmaster.pl\/en\/wp-json\/wp\/v2\/product_brand?post=1810262"},{"taxonomy":"product_cat","embeddable":true,"href":"https:\/\/liquidmaster.pl\/en\/wp-json\/wp\/v2\/product_cat?post=1810262"},{"taxonomy":"product_tag","embeddable":true,"href":"https:\/\/liquidmaster.pl\/en\/wp-json\/wp\/v2\/product_tag?post=1810262"}],"curies":[{"name":"wp","href":"https:\/\/api.w.org\/{rel}","templated":true}]}}