{"id":1810254,"date":"2025-04-11T02:10:06","date_gmt":"2025-04-11T00:10:06","guid":{"rendered":"https:\/\/liquidmaster.pl\/kwazar-zestaw-serwisowy-venus-solvent-line\/"},"modified":"2026-04-20T08:12:54","modified_gmt":"2026-04-20T06:12:54","slug":"kwazar-zestaw-serwisowy-venus-solvent-line","status":"publish","type":"product","link":"https:\/\/liquidmaster.pl\/en\/kwazar-zestaw-serwisowy-venus-solvent-line-2\/","title":{"rendered":"KWAZAR Venus Solvent Line service kit"},"content":{"rendered":"<p data-end=\"76\" data-start=\"28\">Venus Super HD Solvent Line Service Kit<\/p>\n<p data-end=\"314\" data-start=\"78\">The kit includes key seals essential for proper sprayer operation, as well as silicone oil for seal maintenance and lubrication. It is intended for both service centers and individual users.<\/p>\n<p data-end=\"333\" data-start=\"316\">Parts list:<\/p>\n<ul data-end=\"544\" data-start=\"334\">\n<li data-end=\"359\" data-start=\"334\">\n<p data-end=\"359\" data-start=\"336\">Piston O-ring 20\u00d72.5 FPM<\/p>\n<\/li>\n<li data-end=\"391\" data-start=\"360\">\n<p data-end=\"391\" data-start=\"362\">Pump body O-ring 28\u00d72 FPM<\/p>\n<\/li>\n<li data-end=\"414\" data-start=\"392\">\n<p data-end=\"414\" data-start=\"394\">Pump valve poppet<\/p>\n<\/li>\n<li data-end=\"452\" data-start=\"415\">\n<p data-end=\"452\" data-start=\"417\">Valve Stem O-Ring 4.4\u00d72.4 FPM<\/p>\n<\/li>\n<li data-end=\"470\" data-start=\"453\">\n<p data-end=\"470\" data-start=\"455\">Plug seal<\/p>\n<\/li>\n<li data-end=\"524\" data-start=\"471\">\n<p data-end=\"524\" data-start=\"473\">O-ring for safety valve stem 3.8\u00d71.9 FPM<\/p>\n<\/li>\n<li data-end=\"544\" data-start=\"525\">\n<p data-end=\"544\" data-start=\"527\">Silicone oil<\/p>\n<\/li>\n<\/ul>\n<p data-end=\"588\" data-start=\"546\">Fits: Venus Super HD Solvent Line<\/p>","protected":false},"excerpt":{"rendered":"<p>Zestaw serwisowy Venus Super HD Solvent Line Zestaw zawiera kluczowe uszczelnienia, kt\u00f3re s\u0105 niezb\u0119dne do prawid\u0142owego dzia\u0142ania opryskiwacza, oraz olejek silikonowy do konserwacji i smarowania uszczelnie\u0144. Jest przeznaczony zar\u00f3wno dla serwis\u00f3w, jak i u\u017cytkownik\u00f3w indywidualnych. Wykaz cz\u0119\u015bci: O-ring t\u0142oka 20&#215;2,5 FPM O-ring korpusu pompy 28&#215;2 FPM Grzybek zaworu pompy O-ring trzpienia zaworu 4,4&#215;2,4 FPM Uszczelka&hellip;&nbsp;<a href=\"https:\/\/liquidmaster.pl\/en\/kwazar-zestaw-serwisowy-venus-solvent-line-2\/\" rel=\"bookmark\">Read More \u00bb<span class=\"screen-reader-text\">KWAZAR Venus Solvent Line service kit<\/span><\/a><\/p>","protected":false},"featured_media":1847784,"comment_status":"open","ping_status":"open","template":"","meta":{"neve_meta_sidebar":"","neve_meta_container":"","neve_meta_enable_content_width":"","neve_meta_content_width":0,"neve_meta_title_alignment":"","neve_meta_author_avatar":"","neve_post_elements_order":"","neve_meta_disable_header":"","neve_meta_disable_footer":"","neve_meta_disable_title":"","_themeisle_gutenberg_block_has_review":false},"product_brand":[],"product_cat":[757,811],"product_tag":[315],"class_list":{"0":"post-1810254","1":"product","2":"type-product","3":"status-publish","4":"has-post-thumbnail","6":"product_cat-akcesoria","7":"product_cat-pozostale-akcesoria","8":"product_tag-kwazar","10":"first","11":"instock","12":"taxable","13":"shipping-taxable","14":"purchasable","15":"product-type-simple"},"_links":{"self":[{"href":"https:\/\/liquidmaster.pl\/en\/wp-json\/wp\/v2\/product\/1810254","targetHints":{"allow":["GET"]}}],"collection":[{"href":"https:\/\/liquidmaster.pl\/en\/wp-json\/wp\/v2\/product"}],"about":[{"href":"https:\/\/liquidmaster.pl\/en\/wp-json\/wp\/v2\/types\/product"}],"replies":[{"embeddable":true,"href":"https:\/\/liquidmaster.pl\/en\/wp-json\/wp\/v2\/comments?post=1810254"}],"wp:featuredmedia":[{"embeddable":true,"href":"https:\/\/liquidmaster.pl\/en\/wp-json\/wp\/v2\/media\/1847784"}],"wp:attachment":[{"href":"https:\/\/liquidmaster.pl\/en\/wp-json\/wp\/v2\/media?parent=1810254"}],"wp:term":[{"taxonomy":"product_brand","embeddable":true,"href":"https:\/\/liquidmaster.pl\/en\/wp-json\/wp\/v2\/product_brand?post=1810254"},{"taxonomy":"product_cat","embeddable":true,"href":"https:\/\/liquidmaster.pl\/en\/wp-json\/wp\/v2\/product_cat?post=1810254"},{"taxonomy":"product_tag","embeddable":true,"href":"https:\/\/liquidmaster.pl\/en\/wp-json\/wp\/v2\/product_tag?post=1810254"}],"curies":[{"name":"wp","href":"https:\/\/api.w.org\/{rel}","templated":true}]}}