{"id":1810201,"date":"2025-04-09T08:20:44","date_gmt":"2025-04-09T06:20:44","guid":{"rendered":"https:\/\/liquidmaster.pl\/adbl-snake-charmer-narzedzie-zapobiegajace-klinowaniu-sie-przewodow-pod-oponami-2-szt\/"},"modified":"2026-04-18T04:19:37","modified_gmt":"2026-04-18T02:19:37","slug":"adbl-snake-charmer-narzedzie-zapobiegajace-klinowaniu-sie-przewodow-pod-oponami-2-szt","status":"publish","type":"product","link":"https:\/\/liquidmaster.pl\/en\/adbl-snake-charmer-narzedzie-zapobiegajace-klinowaniu-sie-przewodow-pod-oponami-2-szt\/","title":{"rendered":"ADBL Snake Charmer - a tool that prevents wires from getting stuck under tires - 2 pcs."},"content":{"rendered":"<p>ADBL Snake Charmer \u2013 a very useful tool that prevents the hose or cables from getting stuck under the tires during work. This inconspicuous item, made of durable materials, will prove invaluable both in the studio and in the garage. Additionally, it includes a roller that allows the hose to move without any resistance.<\/p>\n<p>Additional information:<\/p>\n<ul>\n<li>2 pieces (set for one axle)<\/li>\n<\/ul>\n<p>\u00a0<\/p>","protected":false},"excerpt":{"rendered":"<p>ADBL Snake Charmer \u2013 to bardzo przydatne narz\u0119dzie, kt\u00f3re zapobiega klinowaniu si\u0119 w\u0119\u017ca lub przewod\u00f3w pod oponami podczas pracy. Ten niepozorny przedmiot, wyprodukowany z trwa\u0142ych materia\u0142\u00f3w oka\u017ce si\u0119 nieoceniony zar\u00f3wno w studiu jak i gara\u017cu. Dodatkowo zawiera rolk\u0119, kt\u00f3ra pozwala na ruch w\u0119\u017ca bez \u017cadnych opor\u00f3w. Dodatkowe informacje: 2 sztuki (zestaw na jedn\u0105 o\u015b) \u00a0<\/p>","protected":false},"featured_media":1846933,"comment_status":"open","ping_status":"open","template":"","meta":{"neve_meta_sidebar":"","neve_meta_container":"","neve_meta_enable_content_width":"","neve_meta_content_width":0,"neve_meta_title_alignment":"","neve_meta_author_avatar":"","neve_post_elements_order":"","neve_meta_disable_header":"","neve_meta_disable_footer":"","neve_meta_disable_title":"","_themeisle_gutenberg_block_has_review":false},"product_brand":[],"product_cat":[757,862,811],"product_tag":[258],"class_list":{"0":"post-1810201","1":"product","2":"type-product","3":"status-publish","4":"has-post-thumbnail","6":"product_cat-akcesoria","7":"product_cat-gadzety","8":"product_cat-pozostale-akcesoria","9":"product_tag-adbl","11":"first","12":"instock","13":"taxable","14":"shipping-taxable","15":"purchasable","16":"product-type-simple"},"_links":{"self":[{"href":"https:\/\/liquidmaster.pl\/en\/wp-json\/wp\/v2\/product\/1810201","targetHints":{"allow":["GET"]}}],"collection":[{"href":"https:\/\/liquidmaster.pl\/en\/wp-json\/wp\/v2\/product"}],"about":[{"href":"https:\/\/liquidmaster.pl\/en\/wp-json\/wp\/v2\/types\/product"}],"replies":[{"embeddable":true,"href":"https:\/\/liquidmaster.pl\/en\/wp-json\/wp\/v2\/comments?post=1810201"}],"wp:featuredmedia":[{"embeddable":true,"href":"https:\/\/liquidmaster.pl\/en\/wp-json\/wp\/v2\/media\/1846933"}],"wp:attachment":[{"href":"https:\/\/liquidmaster.pl\/en\/wp-json\/wp\/v2\/media?parent=1810201"}],"wp:term":[{"taxonomy":"product_brand","embeddable":true,"href":"https:\/\/liquidmaster.pl\/en\/wp-json\/wp\/v2\/product_brand?post=1810201"},{"taxonomy":"product_cat","embeddable":true,"href":"https:\/\/liquidmaster.pl\/en\/wp-json\/wp\/v2\/product_cat?post=1810201"},{"taxonomy":"product_tag","embeddable":true,"href":"https:\/\/liquidmaster.pl\/en\/wp-json\/wp\/v2\/product_tag?post=1810201"}],"curies":[{"name":"wp","href":"https:\/\/api.w.org\/{rel}","templated":true}]}}