{"id":1810073,"date":"2025-04-06T19:48:06","date_gmt":"2025-04-06T17:48:06","guid":{"rendered":"https:\/\/liquidmaster.pl\/gyeon-q2m-claylube-redefined-500ml-lubrykant-poslizg-do-glinki\/"},"modified":"2026-04-20T08:21:39","modified_gmt":"2026-04-20T06:21:39","slug":"gyeon-q2m-claylube-redefined-500ml-lubrykant-poslizg-do-glinki","status":"publish","type":"product","link":"https:\/\/liquidmaster.pl\/en\/gyeon-q2m-claylube-redefined-500ml-lubrykant-poslizg-do-glinki\/","title":{"rendered":"Gyeon Q2M ClayLube Redefined 500ml \u2013 lubricant, clay glide"},"content":{"rendered":"<p>PERFECT ASSISTANCE IN CLAYING<br \/>\nQ\u00b2M ClayLube Redefined is completely neutral and designed to work with any clay from any manufacturer. It does not affect the clay and remains safe even for the most delicate of them. At the same time, it does not leave any stains on the paint.<\/p>\n<p>pH LEVEL: NEUTRAL<\/p>\n<p>EXTREMELY SLIPPERY AND CONCENTRATED<br \/>\nQ\u00b2M ClayLube Redefined has extreme slipperiness, which reduces friction, preventing clay from sticking and micro-scratches. Instead, the clay glides over the paint, leaving it perfectly smooth. It combines perfectly with Q\u00b2M Clay EVO, but can be used with any type of clay, mat or claying disc. Q\u00b2M ClayLube Redefined can be diluted up to 1:25 with water, which ensures great performance without affecting the properties and perfect slipperiness during work.<\/p>\n<p>REDEFINED<br \/>\nIntroducing the REDFINED line. At GYEON, we have taken our outstanding chemical formulas to a whole new level. We have modified them to perfection to achieve unrivaled performance, exceptional durability and excellent ease of use. We are committed to providing our customers with the best possible user experience.<\/p>\n<p>TIPS AND TRICKS FROM YVES HEYLEN<br \/>\nThe formula of Q\u00b2M ClayLube Redefined allows it to be diluted up to 1:25 without changing the slipperiness. This makes it the perfect choice for professionals and enthusiasts. Tip: Apply generously, working element by element. Rinse the car after the claying process to remove any potential streaks.<\/p>\n<p>Capacity: 500 ml<\/p>\n<p>\u00a0<\/p>","protected":false},"excerpt":{"rendered":"<p>DOSKONA\u0141A POMOC W GLINKOWANIU Q\u00b2M ClayLube Redefined jest totalnie neutralny i zaprojektowany do pracy z ka\u017cd\u0105 glink\u0105 ka\u017cdego producenta. Nie wp\u0142ywa na glink\u0119 i pozostaje bezpieczny nawet dla najdelikatniejszych z nich. Jednocze\u015bnie nie pozostawia \u017cadnych plam na lakierze. POZIOM pH: NEUTRALNY EKSTREMALNIE \u015aLISKI I SKONCENTROWANY Q\u00b2M ClayLube Redefined ma ekstremaln\u0105 \u015blisko\u015b\u0107, kt\u00f3ra redukuje tarcie zapobiegaj\u0105c&hellip;&nbsp;<a href=\"https:\/\/liquidmaster.pl\/en\/gyeon-q2m-claylube-redefined-500ml-lubrykant-poslizg-do-glinki\/\" rel=\"bookmark\">Read More \u00bb<span class=\"screen-reader-text\">Gyeon Q2M ClayLube Redefined 500ml \u2013 lubricant, clay glide<\/span><\/a><\/p>","protected":false},"featured_media":1850807,"comment_status":"open","ping_status":"open","template":"","meta":{"neve_meta_sidebar":"","neve_meta_container":"","neve_meta_enable_content_width":"","neve_meta_content_width":0,"neve_meta_title_alignment":"","neve_meta_author_avatar":"","neve_post_elements_order":"","neve_meta_disable_header":"","neve_meta_disable_footer":"","neve_meta_disable_title":"","_themeisle_gutenberg_block_has_review":false},"product_brand":[],"product_cat":[743,763,733],"product_tag":[302],"class_list":{"0":"post-1810073","1":"product","2":"type-product","3":"status-publish","4":"has-post-thumbnail","6":"product_cat-dekontaminacja","7":"product_cat-glinki-i-lubrykanty","8":"product_cat-na-zewnatrz","9":"product_tag-gyeon","11":"first","12":"instock","13":"taxable","14":"shipping-taxable","15":"purchasable","16":"product-type-simple"},"_links":{"self":[{"href":"https:\/\/liquidmaster.pl\/en\/wp-json\/wp\/v2\/product\/1810073","targetHints":{"allow":["GET"]}}],"collection":[{"href":"https:\/\/liquidmaster.pl\/en\/wp-json\/wp\/v2\/product"}],"about":[{"href":"https:\/\/liquidmaster.pl\/en\/wp-json\/wp\/v2\/types\/product"}],"replies":[{"embeddable":true,"href":"https:\/\/liquidmaster.pl\/en\/wp-json\/wp\/v2\/comments?post=1810073"}],"wp:featuredmedia":[{"embeddable":true,"href":"https:\/\/liquidmaster.pl\/en\/wp-json\/wp\/v2\/media\/1850807"}],"wp:attachment":[{"href":"https:\/\/liquidmaster.pl\/en\/wp-json\/wp\/v2\/media?parent=1810073"}],"wp:term":[{"taxonomy":"product_brand","embeddable":true,"href":"https:\/\/liquidmaster.pl\/en\/wp-json\/wp\/v2\/product_brand?post=1810073"},{"taxonomy":"product_cat","embeddable":true,"href":"https:\/\/liquidmaster.pl\/en\/wp-json\/wp\/v2\/product_cat?post=1810073"},{"taxonomy":"product_tag","embeddable":true,"href":"https:\/\/liquidmaster.pl\/en\/wp-json\/wp\/v2\/product_tag?post=1810073"}],"curies":[{"name":"wp","href":"https:\/\/api.w.org\/{rel}","templated":true}]}}