{"id":1810038,"date":"2025-04-05T22:36:37","date_gmt":"2025-04-05T20:36:37","guid":{"rendered":"https:\/\/liquidmaster.pl\/cleantle-tfr-prewash2-500ml-produkt-do-mycia-wstepnego\/"},"modified":"2026-04-18T04:47:34","modified_gmt":"2026-04-18T02:47:34","slug":"cleantle-tfr-prewash2-500ml-produkt-do-mycia-wstepnego","status":"publish","type":"product","link":"https:\/\/liquidmaster.pl\/en\/cleantle-tfr-prewash2-500ml-produkt-do-mycia-wstepnego\/","title":{"rendered":"Cleantle TFR PreWash2 500ml \u2013 pre-wash product"},"content":{"rendered":"<\/p>\n<p>TFR PreWash2 is a highly concentrated product designed to remove stubborn road grime, ideal as a spray before the actual car wash. Its new, refreshed formula with a neutral pH (7.5 in the concentrate) provides effective cleaning comparable to highly alkaline products while also protecting surfaces. The product is enriched with non-toxic ingredients and chelating agents that facilitate dirt separation, even in hard water. The product is safe for bodywork, rims, waxes, and coatings; it does not contain sodium or potassium hydroxide, has low foaming, and is readily biodegradable. An additional advantage is the pleasant Black Cherry scent.<\/p>\n<p>Capacity: 500 ml<\/p>","protected":false},"excerpt":{"rendered":"<p>TFR PreWash2 to silnie skoncentrowany \u015brodek przeznaczony do usuwania trudnych zabrudze\u0144 drogowych, idealny jako oprysk przed w\u0142a\u015bciwym myciem auta. Jego nowa, od\u015bwie\u017cona formu\u0142a o neutralnym pH (7,5 w koncentracie) zapewnia skuteczne domywanie por\u00f3wnywalne z mocno zasadowymi preparatami, jednocze\u015bnie dbaj\u0105c o bezpiecze\u0144stwo powierzchni. Preparat wzbogacono o nietoksyczne sk\u0142adniki oraz substancje chelatuj\u0105ce, kt\u00f3re u\u0142atwiaj\u0105 separacj\u0119 brudu, nawet&hellip;&nbsp;<a href=\"https:\/\/liquidmaster.pl\/en\/cleantle-tfr-prewash2-500ml-produkt-do-mycia-wstepnego\/\" rel=\"bookmark\">Read More \u00bb<span class=\"screen-reader-text\">Cleantle TFR PreWash2 500ml \u2013 pre-wash product<\/span><\/a><\/p>","protected":false},"featured_media":1850976,"comment_status":"open","ping_status":"open","template":"","meta":{"neve_meta_sidebar":"","neve_meta_container":"","neve_meta_enable_content_width":"","neve_meta_content_width":0,"neve_meta_title_alignment":"","neve_meta_author_avatar":"","neve_post_elements_order":"","neve_meta_disable_header":"","neve_meta_disable_footer":"","neve_meta_disable_title":"","_themeisle_gutenberg_block_has_review":false},"product_brand":[],"product_cat":[734,733],"product_tag":[280],"class_list":{"0":"post-1810038","1":"product","2":"type-product","3":"status-publish","4":"has-post-thumbnail","6":"product_cat-mycie-i-osuszanie","7":"product_cat-na-zewnatrz","8":"product_tag-cleantech-cleantle","10":"first","11":"instock","12":"taxable","13":"shipping-taxable","14":"purchasable","15":"product-type-simple"},"_links":{"self":[{"href":"https:\/\/liquidmaster.pl\/en\/wp-json\/wp\/v2\/product\/1810038","targetHints":{"allow":["GET"]}}],"collection":[{"href":"https:\/\/liquidmaster.pl\/en\/wp-json\/wp\/v2\/product"}],"about":[{"href":"https:\/\/liquidmaster.pl\/en\/wp-json\/wp\/v2\/types\/product"}],"replies":[{"embeddable":true,"href":"https:\/\/liquidmaster.pl\/en\/wp-json\/wp\/v2\/comments?post=1810038"}],"wp:featuredmedia":[{"embeddable":true,"href":"https:\/\/liquidmaster.pl\/en\/wp-json\/wp\/v2\/media\/1850976"}],"wp:attachment":[{"href":"https:\/\/liquidmaster.pl\/en\/wp-json\/wp\/v2\/media?parent=1810038"}],"wp:term":[{"taxonomy":"product_brand","embeddable":true,"href":"https:\/\/liquidmaster.pl\/en\/wp-json\/wp\/v2\/product_brand?post=1810038"},{"taxonomy":"product_cat","embeddable":true,"href":"https:\/\/liquidmaster.pl\/en\/wp-json\/wp\/v2\/product_cat?post=1810038"},{"taxonomy":"product_tag","embeddable":true,"href":"https:\/\/liquidmaster.pl\/en\/wp-json\/wp\/v2\/product_tag?post=1810038"}],"curies":[{"name":"wp","href":"https:\/\/api.w.org\/{rel}","templated":true}]}}