{"id":1810027,"date":"2025-04-05T18:48:07","date_gmt":"2025-04-05T16:48:07","guid":{"rendered":"https:\/\/liquidmaster.pl\/gyeon-q2m-ceramicdetailer-500ml-sliski-detailer-sio2\/"},"modified":"2026-04-18T04:41:21","modified_gmt":"2026-04-18T02:41:21","slug":"gyeon-q2m-ceramicdetailer-500ml-sliski-detailer-sio2","status":"publish","type":"product","link":"https:\/\/liquidmaster.pl\/en\/gyeon-q2m-ceramicdetailer-500ml-sliski-detailer-sio2\/","title":{"rendered":"Gyeon Q2M CeramicDetailer 500ml \u2013 slippery SIO2 detailer"},"content":{"rendered":"<p>Q\u00b2M CeramicDetailer is the ideal product for maintaining ceramic-coated cars, combining the best of both worlds - spray sealants and regular quick detailers. This is where its name comes from.<\/p>\n<p>EASY TO USE<br \/>\nQ\u00b2M CeramicDetailer is no different from our famous Q\u00b2M QuickDetailer in terms of ease of use. It can be used on both dry and wet varnish, where it shows its potential as a drying aid. It can be used on any external surface, both protected and unprotected.<\/p>\n<p>Capacity: 500 ml<\/p>\n<p>\u00a0<\/p>","protected":false},"excerpt":{"rendered":"<p>Q\u00b2M CeramicDetailer to idealny produkt do konserwacji samochod\u00f3w pokrytych ceramik\u0105, \u0142\u0105cz\u0105cy to, co najlepsze z dw\u00f3ch \u015bwiat\u00f3w \u2013 sealant\u00f3w w sprayu i zwyk\u0142ych quick detailer\u00f3w. St\u0105d te\u017c pochodzi jego nazwa. \u0141ATWY W U\u017bYCIU Q\u00b2M CeramicDetailer nie r\u00f3\u017cni si\u0119 od naszego s\u0142ynnego Q\u00b2M QuickDetailer pod wzgl\u0119dem \u0142atwo\u015bci u\u017cytkowania. Mo\u017ce by\u0107 stosowany zar\u00f3wno na suchy, jak i&hellip;&nbsp;<a href=\"https:\/\/liquidmaster.pl\/en\/gyeon-q2m-ceramicdetailer-500ml-sliski-detailer-sio2\/\" rel=\"bookmark\">Read More \u00bb<span class=\"screen-reader-text\">Gyeon Q2M CeramicDetailer 500ml \u2013 slippery SIO2 detailer<\/span><\/a><\/p>","protected":false},"featured_media":1850806,"comment_status":"open","ping_status":"open","template":"","meta":{"neve_meta_sidebar":"","neve_meta_container":"","neve_meta_enable_content_width":"","neve_meta_content_width":0,"neve_meta_title_alignment":"","neve_meta_author_avatar":"","neve_post_elements_order":"","neve_meta_disable_header":"","neve_meta_disable_footer":"","neve_meta_disable_title":"","_themeisle_gutenberg_block_has_review":false},"product_brand":[],"product_cat":[733,766,767],"product_tag":[302],"class_list":{"0":"post-1810027","1":"product","2":"type-product","3":"status-publish","4":"has-post-thumbnail","6":"product_cat-na-zewnatrz","7":"product_cat-ochrona-lakieru","8":"product_cat-quick-detailery","9":"product_tag-gyeon","11":"first","12":"instock","13":"taxable","14":"shipping-taxable","15":"purchasable","16":"product-type-simple"},"_links":{"self":[{"href":"https:\/\/liquidmaster.pl\/en\/wp-json\/wp\/v2\/product\/1810027","targetHints":{"allow":["GET"]}}],"collection":[{"href":"https:\/\/liquidmaster.pl\/en\/wp-json\/wp\/v2\/product"}],"about":[{"href":"https:\/\/liquidmaster.pl\/en\/wp-json\/wp\/v2\/types\/product"}],"replies":[{"embeddable":true,"href":"https:\/\/liquidmaster.pl\/en\/wp-json\/wp\/v2\/comments?post=1810027"}],"wp:featuredmedia":[{"embeddable":true,"href":"https:\/\/liquidmaster.pl\/en\/wp-json\/wp\/v2\/media\/1850806"}],"wp:attachment":[{"href":"https:\/\/liquidmaster.pl\/en\/wp-json\/wp\/v2\/media?parent=1810027"}],"wp:term":[{"taxonomy":"product_brand","embeddable":true,"href":"https:\/\/liquidmaster.pl\/en\/wp-json\/wp\/v2\/product_brand?post=1810027"},{"taxonomy":"product_cat","embeddable":true,"href":"https:\/\/liquidmaster.pl\/en\/wp-json\/wp\/v2\/product_cat?post=1810027"},{"taxonomy":"product_tag","embeddable":true,"href":"https:\/\/liquidmaster.pl\/en\/wp-json\/wp\/v2\/product_tag?post=1810027"}],"curies":[{"name":"wp","href":"https:\/\/api.w.org\/{rel}","templated":true}]}}