{"id":1810023,"date":"2025-04-05T18:47:00","date_gmt":"2025-04-05T16:47:00","guid":{"rendered":"https:\/\/liquidmaster.pl\/work-stuff-sizeer-measuring-cup-500ml-miarka-odporna-na-chemie\/"},"modified":"2026-04-18T04:41:20","modified_gmt":"2026-04-18T02:41:20","slug":"work-stuff-sizeer-measuring-cup-500ml-miarka-odporna-na-chemie","status":"publish","type":"product","link":"https:\/\/liquidmaster.pl\/en\/work-stuff-sizeer-measuring-cup-500ml-miarka-odporna-na-chemie\/","title":{"rendered":"Work Stuff Sizeer Measuring Cup 500ml \u2013 chemical-resistant measuring cup"},"content":{"rendered":"<p>Measuring Cup is a measuring cup made of chemically resistant polypropylene. The printed scale allows precise measurement of solutions. It has a lid that protects chemicals from spilling, and a strainer stops any impurities during pouring.<\/p>\n<p>MAIN FEATURES:<\/p>\n<ul>\n<li>Made of polypropylene<\/li>\n<li>Printed scale<\/li>\n<li>Lid with strainer<\/li>\n<li>CAPACITY: 500ml<\/li>\n<\/ul>\n<p>\u00a0<\/p>","protected":false},"excerpt":{"rendered":"<p>Measuring Cup to miarka wykonana z odpornego na chemie polipropylenu. Nadrukowana skala umo\u017cliwia precyzyjne odmierzanie roztwor\u00f3w. Posiada pokrywk\u0119, kt\u00f3ra zabezpiecza chemikalia przed rozlaniem, a sitko zatrzymuje wszelkie zanieczyszczenia podczas przelewania. G\u0141\u00d3WNE CECHY: Wykonana z polipropylenu Nadrukowana skala Pokrywka z sitkiem POJEMNO\u015a\u0106: 500ml \u00a0<\/p>","protected":false},"featured_media":1850804,"comment_status":"open","ping_status":"open","template":"","meta":{"neve_meta_sidebar":"","neve_meta_container":"","neve_meta_enable_content_width":"","neve_meta_content_width":0,"neve_meta_title_alignment":"","neve_meta_author_avatar":"","neve_post_elements_order":"","neve_meta_disable_header":"","neve_meta_disable_footer":"","neve_meta_disable_title":"","_themeisle_gutenberg_block_has_review":false},"product_brand":[],"product_cat":[757,811],"product_tag":[381],"class_list":{"0":"post-1810023","1":"product","2":"type-product","3":"status-publish","4":"has-post-thumbnail","6":"product_cat-akcesoria","7":"product_cat-pozostale-akcesoria","8":"product_tag-work-stuff","10":"first","11":"instock","12":"taxable","13":"shipping-taxable","14":"purchasable","15":"product-type-simple"},"_links":{"self":[{"href":"https:\/\/liquidmaster.pl\/en\/wp-json\/wp\/v2\/product\/1810023","targetHints":{"allow":["GET"]}}],"collection":[{"href":"https:\/\/liquidmaster.pl\/en\/wp-json\/wp\/v2\/product"}],"about":[{"href":"https:\/\/liquidmaster.pl\/en\/wp-json\/wp\/v2\/types\/product"}],"replies":[{"embeddable":true,"href":"https:\/\/liquidmaster.pl\/en\/wp-json\/wp\/v2\/comments?post=1810023"}],"wp:featuredmedia":[{"embeddable":true,"href":"https:\/\/liquidmaster.pl\/en\/wp-json\/wp\/v2\/media\/1850804"}],"wp:attachment":[{"href":"https:\/\/liquidmaster.pl\/en\/wp-json\/wp\/v2\/media?parent=1810023"}],"wp:term":[{"taxonomy":"product_brand","embeddable":true,"href":"https:\/\/liquidmaster.pl\/en\/wp-json\/wp\/v2\/product_brand?post=1810023"},{"taxonomy":"product_cat","embeddable":true,"href":"https:\/\/liquidmaster.pl\/en\/wp-json\/wp\/v2\/product_cat?post=1810023"},{"taxonomy":"product_tag","embeddable":true,"href":"https:\/\/liquidmaster.pl\/en\/wp-json\/wp\/v2\/product_tag?post=1810023"}],"curies":[{"name":"wp","href":"https:\/\/api.w.org\/{rel}","templated":true}]}}