{"id":1810016,"date":"2025-04-05T05:42:33","date_gmt":"2025-04-05T03:42:33","guid":{"rendered":"https:\/\/liquidmaster.pl\/adbl-puffy-towel-puszysta-mikrofibra-o-dlugim-wloknie-41x41-cm-840-gsm\/"},"modified":"2026-04-18T04:19:36","modified_gmt":"2026-04-18T02:19:36","slug":"adbl-puffy-towel-puszysta-mikrofibra-o-dlugim-wloknie-41x41-cm-840-gsm","status":"publish","type":"product","link":"https:\/\/liquidmaster.pl\/en\/adbl-puffy-towel-puszysta-mikrofibra-o-dlugim-wloknie-41x41-cm-840-gsm\/","title":{"rendered":"ADBL Puffy Towel - Fluffy Long Pile Microfiber - 41\u00d741 cm 840 gsm"},"content":{"rendered":"<p>ADBL Puffy Towel \u2013 extremely fluffy microfiber with a long, fleshy fiber. Perfect for lapping all types of waxes on the most delicate varnishes. It will work wherever you need absolute delicacy. Thanks to the special structure of the ADBL fibers, Puffy Towel is perfect for use in the interior of a car when applying dressings to plastics or during polishing work when removing excess pastes from the paint between subsequent polishing stages.<\/p>\n<p>Additional information:<\/p>\n<ul>\n<li>Dimensions: 41 cm x 41 cm<\/li>\n<li>Weight: 840 gsm<\/li>\n<\/ul>\n<p>\u00a0<\/p><\/p>","protected":false},"excerpt":{"rendered":"<p>ADBL Puffy Towel \u2013 niezwykle puszysta mikrofibra o d\u0142ugim, mi\u0119sistym w\u0142\u00f3knie. Idealna do docierania wszelkiego rodzaju wosk\u00f3w na najdelikatniejszych lakierach. Sprawdzi si\u0119 wsz\u0119dzie tam, gdzie potrzebujesz absolutnej delikatno\u015bci. Dzi\u0119ki specjalnej strukturze w\u0142\u00f3kien ADBL Puffy Towel \u015bwietnie si\u0119 sprawdzi we wn\u0119trzu auta podczas docierania dressing\u00f3w do tworzyw sztucznych lub podczas prac polerskich przy usuwaniu nadmiaru past&hellip;&nbsp;<a href=\"https:\/\/liquidmaster.pl\/en\/adbl-puffy-towel-puszysta-mikrofibra-o-dlugim-wloknie-41x41-cm-840-gsm\/\" rel=\"bookmark\">Read More \u00bb<span class=\"screen-reader-text\">ADBL Puffy Towel - Fluffy Long Pile Microfiber - 41\u00d741 cm 840 gsm<\/span><\/a><\/p>","protected":false},"featured_media":1846927,"comment_status":"open","ping_status":"open","template":"","meta":{"neve_meta_sidebar":"","neve_meta_container":"","neve_meta_enable_content_width":"","neve_meta_content_width":0,"neve_meta_title_alignment":"","neve_meta_author_avatar":"","neve_post_elements_order":"","neve_meta_disable_header":"","neve_meta_disable_footer":"","neve_meta_disable_title":"","_themeisle_gutenberg_block_has_review":false},"product_brand":[],"product_cat":[734,733,781],"product_tag":[258],"class_list":{"0":"post-1810016","1":"product","2":"type-product","3":"status-publish","4":"has-post-thumbnail","6":"product_cat-mycie-i-osuszanie","7":"product_cat-na-zewnatrz","8":"product_cat-reczniki-do-osuszania","9":"product_tag-adbl","11":"first","12":"instock","13":"taxable","14":"shipping-taxable","15":"purchasable","16":"product-type-simple"},"_links":{"self":[{"href":"https:\/\/liquidmaster.pl\/en\/wp-json\/wp\/v2\/product\/1810016","targetHints":{"allow":["GET"]}}],"collection":[{"href":"https:\/\/liquidmaster.pl\/en\/wp-json\/wp\/v2\/product"}],"about":[{"href":"https:\/\/liquidmaster.pl\/en\/wp-json\/wp\/v2\/types\/product"}],"replies":[{"embeddable":true,"href":"https:\/\/liquidmaster.pl\/en\/wp-json\/wp\/v2\/comments?post=1810016"}],"wp:featuredmedia":[{"embeddable":true,"href":"https:\/\/liquidmaster.pl\/en\/wp-json\/wp\/v2\/media\/1846927"}],"wp:attachment":[{"href":"https:\/\/liquidmaster.pl\/en\/wp-json\/wp\/v2\/media?parent=1810016"}],"wp:term":[{"taxonomy":"product_brand","embeddable":true,"href":"https:\/\/liquidmaster.pl\/en\/wp-json\/wp\/v2\/product_brand?post=1810016"},{"taxonomy":"product_cat","embeddable":true,"href":"https:\/\/liquidmaster.pl\/en\/wp-json\/wp\/v2\/product_cat?post=1810016"},{"taxonomy":"product_tag","embeddable":true,"href":"https:\/\/liquidmaster.pl\/en\/wp-json\/wp\/v2\/product_tag?post=1810016"}],"curies":[{"name":"wp","href":"https:\/\/api.w.org\/{rel}","templated":true}]}}