{"id":1809963,"date":"2025-04-03T21:04:05","date_gmt":"2025-04-03T19:04:05","guid":{"rendered":"https:\/\/liquidmaster.pl\/cartec-motor-fresh-5l-odswieza-plastiki-i-elementy-gumowe-w-komorze-silnika\/"},"modified":"2026-04-18T04:47:33","modified_gmt":"2026-04-18T02:47:33","slug":"cartec-motor-fresh-5l-odswieza-plastiki-i-elementy-gumowe-w-komorze-silnika","status":"publish","type":"product","link":"https:\/\/liquidmaster.pl\/en\/cartec-motor-fresh-6\/","title":{"rendered":"Cartec Motor Fresh 5L \u2013 refreshes plastics and rubber elements in the engine compartment"},"content":{"rendered":"<p>Cartec Motor Fresh to innowacyjny, bezrozpuszczalnikowy preparat, kt\u00f3ry przywraca \u015bwie\u017cy, naturalny wygl\u0105d elementom plastikowym i gumowym w komorze silnika. Jego wyj\u0105tkowa formu\u0142a sprawia, \u017ce aplikacja jest niezwykle prosta, a efekt utrzymuje si\u0119 nawet do 6 miesi\u0119cy.<\/p>\n<p>Benefits:<\/p>\n<ul>\n<li>Szybka i \u0142atwa aplikacja, kt\u00f3ra natychmiast od\u015bwie\u017ca wygl\u0105d element\u00f3w.<\/li>\n<li>Przywraca plastikowe i gumowe cz\u0119\u015bci do stanu \u201ejak nowe\u201d, bez pozostawiania t\u0142ustych \u015blad\u00f3w.<\/li>\n<li>Formu\u0142a bezrozpuszczalnikowa, przyjazna dla \u015brodowiska.<\/li>\n<li>Preparat r\u00f3wnomiernie si\u0119 rozprowadza, co pozwala na osi\u0105gni\u0119cie idealnego efektu bez zb\u0119dnego wysi\u0142ku.<\/li>\n<\/ul>\n<p>Usage:<\/p>\n<li>Przed u\u017cyciem dok\u0142adnie wyczy\u015b\u0107 komor\u0119 silnika przy u\u017cyciu Cartec Engine Cleaner MV40.<\/li>\n<li>Pozw\u00f3l wn\u0119trzu silnika wyschn\u0105\u0107 lub osusz je r\u0119cznikiem, a nast\u0119pnie r\u00f3wnomiernie spryskaj preparatem wszystkie elementy komory, u\u017cywaj\u0105c opryskiwacza ci\u015bnieniowego lub r\u0119cznego rozpylacza.<\/li>\n<li>Preparat samoczynnie si\u0119 rozprowadza, nie wymagaj\u0105c dodatkowego wcierania. Po zamkni\u0119ciu maski, w zale\u017cno\u015bci od temperatury otoczenia, pozostaw produkt do wyschni\u0119cia na 20-30 minut.<\/li>\n<li>Nadmiar preparatu usu\u0144 czyst\u0105 szmatk\u0105.<\/li>\n<p>Tips:<\/p>\n<ul>\n<li>Stosuj Motor Fresh po wyczyszczeniu komory silnika, a przed przyst\u0105pieniem do polerowania lub czyszczenia pozosta\u0142ych element\u00f3w zewn\u0119trznych.<\/li>\n<li>Aby unikn\u0105\u0107 rozpryskiwania preparatu na lakier lub szyby, zachowaj ostro\u017cno\u015b\u0107 podczas aplikacji.<\/li>\n<li>Je\u015bli chcesz od\u015bwie\u017cy\u0107 r\u00f3wnie\u017c gumowe wyk\u0142adziny, najpierw oczy\u015b\u0107 je za pomoc\u0105 Cartec Interior Cleaner, a nast\u0119pnie nanie\u015b Motor Fresh.<\/li>\n<\/ul>\n<p>Cartec Motor Fresh to doskona\u0142e rozwi\u0105zanie dla tych, kt\u00f3rzy chc\u0105 nada\u0107 komorze silnika nowy, zadbany wygl\u0105d, bez konieczno\u015bci skomplikowanych zabieg\u00f3w piel\u0119gnacyjnych.<\/p>\n<p>Capacity: 5L<\/p>\n<p>\u00a0<\/p>","protected":false},"excerpt":{"rendered":"<p>Cartec Motor Fresh to innowacyjny, bezrozpuszczalnikowy preparat, kt\u00f3ry przywraca \u015bwie\u017cy, naturalny wygl\u0105d elementom plastikowym i gumowym w komorze silnika. Jego wyj\u0105tkowa formu\u0142a sprawia, \u017ce aplikacja jest niezwykle prosta, a efekt utrzymuje si\u0119 nawet do 6 miesi\u0119cy. Korzy\u015bci: Szybka i \u0142atwa aplikacja, kt\u00f3ra natychmiast od\u015bwie\u017ca wygl\u0105d element\u00f3w. Przywraca plastikowe i gumowe cz\u0119\u015bci do stanu \u201ejak nowe\u201d,&hellip;&nbsp;<a href=\"https:\/\/liquidmaster.pl\/en\/cartec-motor-fresh-6\/\" rel=\"bookmark\">Read More \u00bb<span class=\"screen-reader-text\">Cartec Motor Fresh 5L \u2013 refreshes plastics and rubber elements in the engine compartment<\/span><\/a><\/p>","protected":false},"featured_media":1850972,"comment_status":"open","ping_status":"open","template":"","meta":{"neve_meta_sidebar":"","neve_meta_container":"","neve_meta_enable_content_width":"","neve_meta_content_width":0,"neve_meta_title_alignment":"","neve_meta_author_avatar":"","neve_post_elements_order":"","neve_meta_disable_header":"","neve_meta_disable_footer":"","neve_meta_disable_title":"","_themeisle_gutenberg_block_has_review":false},"product_brand":[],"product_cat":[755,847,733],"product_tag":[276],"class_list":{"0":"post-1809963","1":"product","2":"type-product","3":"status-publish","4":"has-post-thumbnail","6":"product_cat-komora-silnika","7":"product_cat-konserwacja-silnika","8":"product_cat-na-zewnatrz","9":"product_tag-cartec","11":"first","12":"instock","13":"taxable","14":"shipping-taxable","15":"purchasable","16":"product-type-simple"},"_links":{"self":[{"href":"https:\/\/liquidmaster.pl\/en\/wp-json\/wp\/v2\/product\/1809963","targetHints":{"allow":["GET"]}}],"collection":[{"href":"https:\/\/liquidmaster.pl\/en\/wp-json\/wp\/v2\/product"}],"about":[{"href":"https:\/\/liquidmaster.pl\/en\/wp-json\/wp\/v2\/types\/product"}],"replies":[{"embeddable":true,"href":"https:\/\/liquidmaster.pl\/en\/wp-json\/wp\/v2\/comments?post=1809963"}],"wp:featuredmedia":[{"embeddable":true,"href":"https:\/\/liquidmaster.pl\/en\/wp-json\/wp\/v2\/media\/1850972"}],"wp:attachment":[{"href":"https:\/\/liquidmaster.pl\/en\/wp-json\/wp\/v2\/media?parent=1809963"}],"wp:term":[{"taxonomy":"product_brand","embeddable":true,"href":"https:\/\/liquidmaster.pl\/en\/wp-json\/wp\/v2\/product_brand?post=1809963"},{"taxonomy":"product_cat","embeddable":true,"href":"https:\/\/liquidmaster.pl\/en\/wp-json\/wp\/v2\/product_cat?post=1809963"},{"taxonomy":"product_tag","embeddable":true,"href":"https:\/\/liquidmaster.pl\/en\/wp-json\/wp\/v2\/product_tag?post=1809963"}],"curies":[{"name":"wp","href":"https:\/\/api.w.org\/{rel}","templated":true}]}}