{"id":1809957,"date":"2025-04-03T21:04:05","date_gmt":"2025-04-03T19:04:05","guid":{"rendered":"https:\/\/liquidmaster.pl\/cartec-all-purpose-cleaner-20l-uniwersalny-srodek-czyszczacy-apc\/"},"modified":"2026-04-20T08:28:24","modified_gmt":"2026-04-20T06:28:24","slug":"cartec-all-purpose-cleaner-20l-uniwersalny-srodek-czyszczacy-apc","status":"publish","type":"product","link":"https:\/\/liquidmaster.pl\/en\/cartec-all-purpose-cleaner-20l-uniwersalny-srodek-czyszczacy-apc\/","title":{"rendered":"Cartec All Purpose Cleaner 20L \u2013 APC universal cleaner"},"content":{"rendered":"<p>Cartec All-Purpose Cleaner is a universal cleaner, ideal for both the interior and exterior of your vehicle. It removes tough stains like nicotine, oil, grease, insects, and tree resin. The product is biodegradable to over 951 TP3T, making it an environmentally friendly solution.<\/p>\n<p>Benefits:<\/p>\n<ul>\n<li>Effectively removes stubborn stains: nicotine, oil, grease, insects and tree resin.<\/li>\n<li>Does not damage aluminum elements such as window frames or door handles.<\/li>\n<li>Thanks to its high biodegradability, it is an ecological solution for everyday use.<\/li>\n<\/ul>\n<p>Usage:<\/p>\n<li>Dilute the pure preparation in a 1:10 ratio with water, adjusting the dose to the degree of soiling.<\/li>\n<li>Spray evenly on the surfaces to be cleaned.<\/li>\n<li>Leave the preparation for 1-5 minutes to work.<\/li>\n<li>Exterior: After the time has elapsed, rinse off the dirt with high-pressure water \u2013 pre-removing the coarse dirt will make further care easier, e.g. using car shampoo.<\/li>\n<li>Inside: Rub the preparation thoroughly into the dirty area with a microfiber mitt or cloth, then wipe with clean water or use a steam extractor.<\/li>\n<p>Tips:<\/p>\n<ul>\n<li>If the interior is heavily soiled, e.g. nicotine-stained upholstery, it is worth using additional accessories, such as the Cartec Cleaning Gun, to facilitate the removal of difficult stains.<\/li>\n<li>For cleaning hard-to-reach places, such as ventilation grilles, emblems or tank covers, the preparation works perfectly in combination with a brush.<\/li>\n<\/ul>\n<p>Cartec All Purpose Cleaner is a versatile and efficient product that will keep your vehicle clean in all conditions, while protecting delicate components and caring for the environment.<\/p>\n<p>Capacity: 20L<\/p>\n<p>\u00a0<\/p>","protected":false},"excerpt":{"rendered":"<p>Cartec All Purpose Cleaner to uniwersalny \u015brodek czyszcz\u0105cy, idealny zar\u00f3wno do wn\u0119trza, jak i zewn\u0119trznej cz\u0119\u015bci pojazdu. Radzi sobie z usuwaniem trudnych zabrudze\u0144 takich jak nikotyna, olej, t\u0142uszcz, owady czy \u017cywica drzew. Preparat jest biodegradowalny w ponad 95%, dzi\u0119ki czemu stanowi przyjazne \u015brodowisku rozwi\u0105zanie. Korzy\u015bci: Skutecznie usuwa uporczywe zabrudzenia: nikotyn\u0119, olej, t\u0142uszcz, owady oraz \u017cywic\u0119&hellip;&nbsp;<a href=\"https:\/\/liquidmaster.pl\/en\/cartec-all-purpose-cleaner-20l-uniwersalny-srodek-czyszczacy-apc\/\" rel=\"bookmark\">Read More \u00bb<span class=\"screen-reader-text\">Cartec All Purpose Cleaner 20L \u2013 APC universal cleaner<\/span><\/a><\/p>","protected":false},"featured_media":1850968,"comment_status":"open","ping_status":"open","template":"","meta":{"neve_meta_sidebar":"","neve_meta_container":"","neve_meta_enable_content_width":"","neve_meta_content_width":0,"neve_meta_title_alignment":"","neve_meta_author_avatar":"","neve_post_elements_order":"","neve_meta_disable_header":"","neve_meta_disable_footer":"","neve_meta_disable_title":"","_themeisle_gutenberg_block_has_review":false},"product_brand":[],"product_cat":[742,734,733],"product_tag":[276],"class_list":{"0":"post-1809957","1":"product","2":"type-product","3":"status-publish","4":"has-post-thumbnail","6":"product_cat-apc-mycie-i-osuszanie","7":"product_cat-mycie-i-osuszanie","8":"product_cat-na-zewnatrz","9":"product_tag-cartec","10":"pa_promocja-promocje","12":"first","13":"instock","14":"taxable","15":"shipping-taxable","16":"purchasable","17":"product-type-simple"},"_links":{"self":[{"href":"https:\/\/liquidmaster.pl\/en\/wp-json\/wp\/v2\/product\/1809957","targetHints":{"allow":["GET"]}}],"collection":[{"href":"https:\/\/liquidmaster.pl\/en\/wp-json\/wp\/v2\/product"}],"about":[{"href":"https:\/\/liquidmaster.pl\/en\/wp-json\/wp\/v2\/types\/product"}],"replies":[{"embeddable":true,"href":"https:\/\/liquidmaster.pl\/en\/wp-json\/wp\/v2\/comments?post=1809957"}],"wp:featuredmedia":[{"embeddable":true,"href":"https:\/\/liquidmaster.pl\/en\/wp-json\/wp\/v2\/media\/1850968"}],"wp:attachment":[{"href":"https:\/\/liquidmaster.pl\/en\/wp-json\/wp\/v2\/media?parent=1809957"}],"wp:term":[{"taxonomy":"product_brand","embeddable":true,"href":"https:\/\/liquidmaster.pl\/en\/wp-json\/wp\/v2\/product_brand?post=1809957"},{"taxonomy":"product_cat","embeddable":true,"href":"https:\/\/liquidmaster.pl\/en\/wp-json\/wp\/v2\/product_cat?post=1809957"},{"taxonomy":"product_tag","embeddable":true,"href":"https:\/\/liquidmaster.pl\/en\/wp-json\/wp\/v2\/product_tag?post=1809957"}],"curies":[{"name":"wp","href":"https:\/\/api.w.org\/{rel}","templated":true}]}}