{"id":1809943,"date":"2025-04-03T17:42:34","date_gmt":"2025-04-03T15:42:34","guid":{"rendered":"https:\/\/liquidmaster.pl\/deturner-iron-gel-5l-deironizer-w-zelu\/"},"modified":"2026-04-18T04:41:18","modified_gmt":"2026-04-18T02:41:18","slug":"deturner-iron-gel-5l-deironizer-w-zelu","status":"publish","type":"product","link":"https:\/\/liquidmaster.pl\/en\/deturner-iron-gel-5l-deironizer-w-zelu\/","title":{"rendered":"Deturner Iron Gel 5L \u2013 deironizer gel"},"content":{"rendered":"<p>Deturner Expert Line Iron Gel Iron Remover<\/p>\n<p>A gel-based product that removes metallic contaminants. It easily removes ingrained rust and metal particles from the entire bodywork. Its consistency prevents runoff and dries quickly. Its neutral pH makes it safe for all surfaces.<\/p>\n<p>Spray the product directly onto the paint\/rims. Leave for 2-5 minutes. For heavier stains, work the product in with a brush or sponge.<\/p>\n<p>Capacity: 5L<\/p>","protected":false},"excerpt":{"rendered":"<p>Deturner Expert Line Iron Gel Iron Remover \u017belowy produkt usuwaj\u0105cy zanieczyszczenia metaliczne. Bez trudu usuwa w\u017carte cz\u0105steczki rdzy i metalu z ca\u0142ego nadwozia. Dzi\u0119ki odpowiedniej konsystencji nie sp\u0142ywa i nie wysycha zbyt szybko. Neutralne pH sprawia, \u017ce jest bezpieczny dla wszystkich powierzchni. Rozpyl produkt bezpo\u015brednio na lakier\/felgi. Pozostaw preparat na 2-5 minut. W razie wi\u0119kszych&hellip;&nbsp;<a href=\"https:\/\/liquidmaster.pl\/en\/deturner-iron-gel-5l-deironizer-w-zelu\/\" rel=\"bookmark\">Read More \u00bb<span class=\"screen-reader-text\">Deturner Iron Gel 5L \u2013 deironizer gel<\/span><\/a><\/p>","protected":false},"featured_media":1850801,"comment_status":"open","ping_status":"open","template":"","meta":{"neve_meta_sidebar":"","neve_meta_container":"","neve_meta_enable_content_width":"","neve_meta_content_width":0,"neve_meta_title_alignment":"","neve_meta_author_avatar":"","neve_post_elements_order":"","neve_meta_disable_header":"","neve_meta_disable_footer":"","neve_meta_disable_title":"","_themeisle_gutenberg_block_has_review":false},"product_brand":[],"product_cat":[744,743,733],"product_tag":[287],"class_list":{"0":"post-1809943","1":"product","2":"type-product","3":"status-publish","4":"has-post-thumbnail","6":"product_cat-deironizacja","7":"product_cat-dekontaminacja","8":"product_cat-na-zewnatrz","9":"product_tag-deturner","11":"first","12":"instock","13":"taxable","14":"shipping-taxable","15":"purchasable","16":"product-type-simple"},"_links":{"self":[{"href":"https:\/\/liquidmaster.pl\/en\/wp-json\/wp\/v2\/product\/1809943","targetHints":{"allow":["GET"]}}],"collection":[{"href":"https:\/\/liquidmaster.pl\/en\/wp-json\/wp\/v2\/product"}],"about":[{"href":"https:\/\/liquidmaster.pl\/en\/wp-json\/wp\/v2\/types\/product"}],"replies":[{"embeddable":true,"href":"https:\/\/liquidmaster.pl\/en\/wp-json\/wp\/v2\/comments?post=1809943"}],"wp:featuredmedia":[{"embeddable":true,"href":"https:\/\/liquidmaster.pl\/en\/wp-json\/wp\/v2\/media\/1850801"}],"wp:attachment":[{"href":"https:\/\/liquidmaster.pl\/en\/wp-json\/wp\/v2\/media?parent=1809943"}],"wp:term":[{"taxonomy":"product_brand","embeddable":true,"href":"https:\/\/liquidmaster.pl\/en\/wp-json\/wp\/v2\/product_brand?post=1809943"},{"taxonomy":"product_cat","embeddable":true,"href":"https:\/\/liquidmaster.pl\/en\/wp-json\/wp\/v2\/product_cat?post=1809943"},{"taxonomy":"product_tag","embeddable":true,"href":"https:\/\/liquidmaster.pl\/en\/wp-json\/wp\/v2\/product_tag?post=1809943"}],"curies":[{"name":"wp","href":"https:\/\/api.w.org\/{rel}","templated":true}]}}