{"id":1809880,"date":"2025-04-01T21:16:04","date_gmt":"2025-04-01T19:16:04","guid":{"rendered":"https:\/\/liquidmaster.pl\/zvizzer-thermo-nano-wool-pad-130-25-130\/"},"modified":"2026-04-20T12:30:34","modified_gmt":"2026-04-20T10:30:34","slug":"zvizzer-thermo-nano-wool-pad-130-25-130","status":"publish","type":"product","link":"https:\/\/liquidmaster.pl\/en\/zvizzer-thermo-nano-wool-pad-13025130\/","title":{"rendered":"ZviZZer Thermo Nano Wool Pad 130\/25\/130"},"content":{"rendered":"<p>THERMO NANO WOOL PAD to tn\u0105cy pad we\u0142niany zaprojektowany do pracy z rotacyjnymi maszynami polerskimi z serii ZviZZer DETAILING LINE. Wykonany z wysokiej jako\u015bci we\u0142ny przy u\u017cyciu technologii THERMO, doskonale radzi sobie z usuwaniem g\u0142\u0119bokich zarysowa\u0144 i zaawansowanych uszkodze\u0144 lakieru, jednocze\u015bnie minimalizuj\u0105c nagrzewanie powierzchni. Dzi\u0119ki przek\u0142adce z g\u0105bki THERMO, pad szybko oddaje ciep\u0142o, co poprawia komfort i efektywno\u015b\u0107 pracy. Produkt jest idealny w agresywnych kombinacjach polerskich (najlepiej z past\u0105 ZviZZer HC4000) i stanowi nast\u0119pc\u0119 kultowego &#8222;Doodle&#8221; Wool-Pad Black.<\/p>","protected":false},"excerpt":{"rendered":"<p>THERMO NANO WOOL PAD to tn\u0105cy pad we\u0142niany zaprojektowany do pracy z rotacyjnymi maszynami polerskimi z serii ZviZZer DETAILING LINE. Wykonany z wysokiej jako\u015bci we\u0142ny przy u\u017cyciu technologii THERMO, doskonale radzi sobie z usuwaniem g\u0142\u0119bokich zarysowa\u0144 i zaawansowanych uszkodze\u0144 lakieru, jednocze\u015bnie minimalizuj\u0105c nagrzewanie powierzchni. Dzi\u0119ki przek\u0142adce z g\u0105bki THERMO, pad szybko oddaje ciep\u0142o, co poprawia&hellip;&nbsp;<a href=\"https:\/\/liquidmaster.pl\/en\/zvizzer-thermo-nano-wool-pad-13025130\/\" rel=\"bookmark\">Read More \u00bb<span class=\"screen-reader-text\">ZviZZer Thermo Nano Wool Pad 130\/25\/130<\/span><\/a><\/p>","protected":false},"featured_media":1850952,"comment_status":"open","ping_status":"open","template":"","meta":{"neve_meta_sidebar":"","neve_meta_container":"","neve_meta_enable_content_width":"","neve_meta_content_width":0,"neve_meta_title_alignment":"","neve_meta_author_avatar":"","neve_post_elements_order":"","neve_meta_disable_header":"","neve_meta_disable_footer":"","neve_meta_disable_title":"","_themeisle_gutenberg_block_has_review":false},"product_brand":[],"product_cat":[840,822,748],"product_tag":[386],"class_list":{"0":"post-1809880","1":"product","2":"type-product","3":"status-publish","4":"has-post-thumbnail","6":"product_cat-futra-polerskie","7":"product_cat-pady-polerskie","8":"product_cat-polerowanie","9":"product_tag-zvizzer","10":"pa_promocja-promocje","12":"first","13":"instock","14":"taxable","15":"shipping-taxable","16":"purchasable","17":"product-type-simple"},"_links":{"self":[{"href":"https:\/\/liquidmaster.pl\/en\/wp-json\/wp\/v2\/product\/1809880","targetHints":{"allow":["GET"]}}],"collection":[{"href":"https:\/\/liquidmaster.pl\/en\/wp-json\/wp\/v2\/product"}],"about":[{"href":"https:\/\/liquidmaster.pl\/en\/wp-json\/wp\/v2\/types\/product"}],"replies":[{"embeddable":true,"href":"https:\/\/liquidmaster.pl\/en\/wp-json\/wp\/v2\/comments?post=1809880"}],"wp:featuredmedia":[{"embeddable":true,"href":"https:\/\/liquidmaster.pl\/en\/wp-json\/wp\/v2\/media\/1850952"}],"wp:attachment":[{"href":"https:\/\/liquidmaster.pl\/en\/wp-json\/wp\/v2\/media?parent=1809880"}],"wp:term":[{"taxonomy":"product_brand","embeddable":true,"href":"https:\/\/liquidmaster.pl\/en\/wp-json\/wp\/v2\/product_brand?post=1809880"},{"taxonomy":"product_cat","embeddable":true,"href":"https:\/\/liquidmaster.pl\/en\/wp-json\/wp\/v2\/product_cat?post=1809880"},{"taxonomy":"product_tag","embeddable":true,"href":"https:\/\/liquidmaster.pl\/en\/wp-json\/wp\/v2\/product_tag?post=1809880"}],"curies":[{"name":"wp","href":"https:\/\/api.w.org\/{rel}","templated":true}]}}