{"id":1809877,"date":"2025-04-01T21:14:34","date_gmt":"2025-04-01T19:14:34","guid":{"rendered":"https:\/\/liquidmaster.pl\/zvizzer-thermo-microfiber-pad-130-15-130\/"},"modified":"2026-04-21T08:29:50","modified_gmt":"2026-04-21T06:29:50","slug":"zvizzer-thermo-microfiber-pad-130-15-130","status":"publish","type":"product","link":"https:\/\/liquidmaster.pl\/en\/zvizzer-thermo-microfiber-pad-13015130\/","title":{"rendered":"ZviZZer Thermo Microfiber Pad 130\/15\/130"},"content":{"rendered":"<p>Mikrofibrowy pad polerski z serii ZviZZer DETAILING LINE to rozwi\u0105zanie dedykowane dla maszyn DA, stworzone w technologii THERMO. Dzi\u0119ki osadzonym w\u0142\u00f3knom mikrofibry na specjalnej przek\u0142adce oraz innowacyjnej g\u0105bce THERMO, charakteryzuje si\u0119 wysok\u0105 si\u0142\u0105 ci\u0119cia i odporno\u015bci\u0105 na wysok\u0105 temperatur\u0119, co gwarantuje d\u0142ug\u0105 \u017cywotno\u015b\u0107 produktu. Idealny do usuwania mocnych zarysowa\u0144 z powierzchni lakieru \u2013 najlepiej wsp\u00f3\u0142pracuje z past\u0105 ZviZZer HC4000.<\/p>","protected":false},"excerpt":{"rendered":"<p>Mikrofibrowy pad polerski z serii ZviZZer DETAILING LINE to rozwi\u0105zanie dedykowane dla maszyn DA, stworzone w technologii THERMO. Dzi\u0119ki osadzonym w\u0142\u00f3knom mikrofibry na specjalnej przek\u0142adce oraz innowacyjnej g\u0105bce THERMO, charakteryzuje si\u0119 wysok\u0105 si\u0142\u0105 ci\u0119cia i odporno\u015bci\u0105 na wysok\u0105 temperatur\u0119, co gwarantuje d\u0142ug\u0105 \u017cywotno\u015b\u0107 produktu. Idealny do usuwania mocnych zarysowa\u0144 z powierzchni lakieru \u2013 najlepiej wsp\u00f3\u0142pracuje&hellip;&nbsp;<a href=\"https:\/\/liquidmaster.pl\/en\/zvizzer-thermo-microfiber-pad-13015130\/\" rel=\"bookmark\">Read More \u00bb<span class=\"screen-reader-text\">ZviZZer Thermo Microfiber Pad 130\/15\/130<\/span><\/a><\/p>","protected":false},"featured_media":1850950,"comment_status":"open","ping_status":"open","template":"","meta":{"neve_meta_sidebar":"","neve_meta_container":"","neve_meta_enable_content_width":"","neve_meta_content_width":0,"neve_meta_title_alignment":"","neve_meta_author_avatar":"","neve_post_elements_order":"","neve_meta_disable_header":"","neve_meta_disable_footer":"","neve_meta_disable_title":"","_themeisle_gutenberg_block_has_review":false},"product_brand":[],"product_cat":[824,822,748],"product_tag":[386],"class_list":{"0":"post-1809877","1":"product","2":"type-product","3":"status-publish","4":"has-post-thumbnail","6":"product_cat-pady-mikrofibrowe","7":"product_cat-pady-polerskie","8":"product_cat-polerowanie","9":"product_tag-zvizzer","10":"pa_promocja-promocje","12":"first","13":"instock","14":"sale","15":"taxable","16":"shipping-taxable","17":"purchasable","18":"product-type-simple"},"_links":{"self":[{"href":"https:\/\/liquidmaster.pl\/en\/wp-json\/wp\/v2\/product\/1809877","targetHints":{"allow":["GET"]}}],"collection":[{"href":"https:\/\/liquidmaster.pl\/en\/wp-json\/wp\/v2\/product"}],"about":[{"href":"https:\/\/liquidmaster.pl\/en\/wp-json\/wp\/v2\/types\/product"}],"replies":[{"embeddable":true,"href":"https:\/\/liquidmaster.pl\/en\/wp-json\/wp\/v2\/comments?post=1809877"}],"wp:featuredmedia":[{"embeddable":true,"href":"https:\/\/liquidmaster.pl\/en\/wp-json\/wp\/v2\/media\/1850950"}],"wp:attachment":[{"href":"https:\/\/liquidmaster.pl\/en\/wp-json\/wp\/v2\/media?parent=1809877"}],"wp:term":[{"taxonomy":"product_brand","embeddable":true,"href":"https:\/\/liquidmaster.pl\/en\/wp-json\/wp\/v2\/product_brand?post=1809877"},{"taxonomy":"product_cat","embeddable":true,"href":"https:\/\/liquidmaster.pl\/en\/wp-json\/wp\/v2\/product_cat?post=1809877"},{"taxonomy":"product_tag","embeddable":true,"href":"https:\/\/liquidmaster.pl\/en\/wp-json\/wp\/v2\/product_tag?post=1809877"}],"curies":[{"name":"wp","href":"https:\/\/api.w.org\/{rel}","templated":true}]}}