{"id":1809801,"date":"2025-03-30T17:32:30","date_gmt":"2025-03-30T15:32:30","guid":{"rendered":"https:\/\/liquidmaster.pl\/tenzi-kabiny-prysznicowe-5l-plyn-do-mycia\/"},"modified":"2026-04-18T04:41:16","modified_gmt":"2026-04-18T02:41:16","slug":"tenzi-kabiny-prysznicowe-5l-plyn-do-mycia","status":"publish","type":"product","link":"https:\/\/liquidmaster.pl\/en\/tenzi-kabiny-prysznicowe-5l-plyn-do-mycia\/","title":{"rendered":"Tenzi Shower Cabins 5L \u2013 washing liquid"},"content":{"rendered":"<p>A very effective, gentle preparation for daily care of all elements of the shower cabin. Perfectly removes everyday dirt, water infiltration, scale, rust and soap remnants. Recommended for enameled, glass, acrylic and plastic elements of shower cabins, wall ceramics and bathroom fittings. Leaves a long-lasting, fresh scent. Refreshes and gives shine to the washed surface.<\/p>\n<p>Application:<\/p>\n<ul>\n<li>shower cabins<\/li>\n<li>wall ceramics<\/li>\n<li>bathroom fittings<\/li>\n<\/ul>\n<p>Usage methods:<\/p>\n<ul>\n<li>Use without dilution.<\/li>\n<li>Apply the product to the dirty surface,<\/li>\n<li>scrub with a sponge<\/li>\n<li>then rinse with water.<\/li>\n<\/ul>\n<p>Capacity: 5L<\/p>","protected":false},"excerpt":{"rendered":"<p>Bardzo skuteczny, delikatny preparat do codziennej piel\u0119gnacji wszystkich element\u00f3w kabiny natryskowej. Doskonale zmywa codzienny brud, nacieki wodne, kamie\u0144, rdz\u0119, resztki myde\u0142. Zalecany do emaliowanych, szklanych, akrylowych i plastikowych element\u00f3w kabin prysznicowych, ceramiki \u015bciennej i armatury \u0142azienkowej. Pozostawia d\u0142ugotrwa\u0142y, \u015bwie\u017cy zapach. Od\u015bwie\u017ca i nadaje po\u0142ysk mytej powierzchni. Zastosowanie: kabiny prysznicowe ceramika \u015bcienna armatura \u0142azienkowa Metody u\u017cycia:&hellip;&nbsp;<a href=\"https:\/\/liquidmaster.pl\/en\/tenzi-kabiny-prysznicowe-5l-plyn-do-mycia\/\" rel=\"bookmark\">Read More \u00bb<span class=\"screen-reader-text\">Tenzi Shower Cabins 5L \u2013 washing liquid<\/span><\/a><\/p>","protected":false},"featured_media":1850797,"comment_status":"open","ping_status":"open","template":"","meta":{"neve_meta_sidebar":"","neve_meta_container":"","neve_meta_enable_content_width":"","neve_meta_content_width":0,"neve_meta_title_alignment":"","neve_meta_author_avatar":"","neve_post_elements_order":"","neve_meta_disable_header":"","neve_meta_disable_footer":"","neve_meta_disable_title":"","_themeisle_gutenberg_block_has_review":false},"product_brand":[],"product_cat":[733,774,773],"product_tag":[368],"class_list":{"0":"post-1809801","1":"product","2":"type-product","3":"status-publish","4":"has-post-thumbnail","6":"product_cat-na-zewnatrz","7":"product_cat-plyny-do-szyb","8":"product_cat-szyby","9":"product_tag-tenzi","11":"first","12":"instock","13":"taxable","14":"shipping-taxable","15":"purchasable","16":"product-type-simple"},"_links":{"self":[{"href":"https:\/\/liquidmaster.pl\/en\/wp-json\/wp\/v2\/product\/1809801","targetHints":{"allow":["GET"]}}],"collection":[{"href":"https:\/\/liquidmaster.pl\/en\/wp-json\/wp\/v2\/product"}],"about":[{"href":"https:\/\/liquidmaster.pl\/en\/wp-json\/wp\/v2\/types\/product"}],"replies":[{"embeddable":true,"href":"https:\/\/liquidmaster.pl\/en\/wp-json\/wp\/v2\/comments?post=1809801"}],"wp:featuredmedia":[{"embeddable":true,"href":"https:\/\/liquidmaster.pl\/en\/wp-json\/wp\/v2\/media\/1850797"}],"wp:attachment":[{"href":"https:\/\/liquidmaster.pl\/en\/wp-json\/wp\/v2\/media?parent=1809801"}],"wp:term":[{"taxonomy":"product_brand","embeddable":true,"href":"https:\/\/liquidmaster.pl\/en\/wp-json\/wp\/v2\/product_brand?post=1809801"},{"taxonomy":"product_cat","embeddable":true,"href":"https:\/\/liquidmaster.pl\/en\/wp-json\/wp\/v2\/product_cat?post=1809801"},{"taxonomy":"product_tag","embeddable":true,"href":"https:\/\/liquidmaster.pl\/en\/wp-json\/wp\/v2\/product_tag?post=1809801"}],"curies":[{"name":"wp","href":"https:\/\/api.w.org\/{rel}","templated":true}]}}