{"id":1809765,"date":"2025-03-29T21:54:27","date_gmt":"2025-03-29T19:54:27","guid":{"rendered":"https:\/\/liquidmaster.pl\/chemotion-outside-set-03-zestaw-do-pielegnacji-zewnetrznej-samochodu\/"},"modified":"2026-04-18T04:47:30","modified_gmt":"2026-04-18T02:47:30","slug":"chemotion-outside-set-03-zestaw-do-pielegnacji-zewnetrznej-samochodu","status":"publish","type":"product","link":"https:\/\/liquidmaster.pl\/en\/chemotion-outside-set-03-zestaw-do-pielegnacji-zewnetrznej-samochodu\/","title":{"rendered":"Chemotion Outside Set 03 \u2013 car exterior care kit"},"content":{"rendered":"<p>Outside Set to starannie dobrany zestaw kosmetyk\u00f3w i akcesori\u00f3w do kompleksowego mycia oraz zabezpieczenia samochodu. Idealny zar\u00f3wno dla pasjonat\u00f3w detailingu, jak i profesjonalist\u00f3w. Dzi\u0119ki niemu skutecznie umyjesz karoseri\u0119, od\u015bwie\u017cysz felgi i zabezpieczysz lakier oraz elementy gumowe.<\/p>\n<p>The set includes:<\/p>\n<ul>\n<li>Snow Foam 500 ml \u2013 aktywna piana do wst\u0119pnego mycia<\/li>\n<li>Bubble Car Shampoo 500 ml \u2013 delikatny, ale skuteczny szampon<\/li>\n<li>Tyre and Wheel Cleaner 500 ml \u2013 \u015brodek do czyszczenia felg i opon<\/li>\n<li>Ceramic QD PRO 250 ml \u2013 quick detailer z SiO2<\/li>\n<li>Tyre Dressing Natural 250 ml \u2013 dressing do opon o matowym lub satynowym wyko\u0144czeniu<\/li>\n<li>Mikrofibra premium \u2013 do bezpiecznego osuszania i aplikacji<\/li>\n<li>Aplikator do opon \u2013 dla precyzyjnego na\u0142o\u017cenia dressingu<\/li>\n<\/ul>\n<p>Advantages:<\/p>\n<ul>\n<li>Wszystko, czego potrzebujesz do piel\u0119gnacji zewn\u0119trznej auta<\/li>\n<li>Wysoka wydajno\u015b\u0107 \u2013 utrzymuje auto w czysto\u015bci przez ca\u0142y sezon<\/li>\n<li>Stylowe opakowanie \u2013 \u015bwietny pomys\u0142 na prezent<\/li>\n<\/ul>\n<p>Zadbaj o swoje auto z zestawem Outside Set!<\/p>","protected":false},"excerpt":{"rendered":"<p>Outside Set to starannie dobrany zestaw kosmetyk\u00f3w i akcesori\u00f3w do kompleksowego mycia oraz zabezpieczenia samochodu. Idealny zar\u00f3wno dla pasjonat\u00f3w detailingu, jak i profesjonalist\u00f3w. Dzi\u0119ki niemu skutecznie umyjesz karoseri\u0119, od\u015bwie\u017cysz felgi i zabezpieczysz lakier oraz elementy gumowe. W zestawie znajdziesz: Snow Foam 500 ml \u2013 aktywna piana do wst\u0119pnego mycia Bubble Car Shampoo 500 ml \u2013&hellip;&nbsp;<a href=\"https:\/\/liquidmaster.pl\/en\/chemotion-outside-set-03-zestaw-do-pielegnacji-zewnetrznej-samochodu\/\" rel=\"bookmark\">Read More \u00bb<span class=\"screen-reader-text\">Chemotion Outside Set 03 \u2013 car exterior care kit<\/span><\/a><\/p>","protected":false},"featured_media":1850962,"comment_status":"open","ping_status":"open","template":"","meta":{"neve_meta_sidebar":"","neve_meta_container":"","neve_meta_enable_content_width":"","neve_meta_content_width":0,"neve_meta_title_alignment":"","neve_meta_author_avatar":"","neve_post_elements_order":"","neve_meta_disable_header":"","neve_meta_disable_footer":"","neve_meta_disable_title":"","_themeisle_gutenberg_block_has_review":false},"product_brand":[],"product_cat":[733,816,768,829],"product_tag":[1113],"class_list":{"0":"post-1809765","1":"product","2":"type-product","3":"status-publish","4":"has-post-thumbnail","6":"product_cat-na-zewnatrz","7":"product_cat-tapicerka-skorzana","8":"product_cat-wnetrze-auta","9":"product_cat-zestawy","10":"product_tag-chemotion","12":"first","13":"instock","14":"taxable","15":"shipping-taxable","16":"purchasable","17":"product-type-simple"},"_links":{"self":[{"href":"https:\/\/liquidmaster.pl\/en\/wp-json\/wp\/v2\/product\/1809765","targetHints":{"allow":["GET"]}}],"collection":[{"href":"https:\/\/liquidmaster.pl\/en\/wp-json\/wp\/v2\/product"}],"about":[{"href":"https:\/\/liquidmaster.pl\/en\/wp-json\/wp\/v2\/types\/product"}],"replies":[{"embeddable":true,"href":"https:\/\/liquidmaster.pl\/en\/wp-json\/wp\/v2\/comments?post=1809765"}],"wp:featuredmedia":[{"embeddable":true,"href":"https:\/\/liquidmaster.pl\/en\/wp-json\/wp\/v2\/media\/1850962"}],"wp:attachment":[{"href":"https:\/\/liquidmaster.pl\/en\/wp-json\/wp\/v2\/media?parent=1809765"}],"wp:term":[{"taxonomy":"product_brand","embeddable":true,"href":"https:\/\/liquidmaster.pl\/en\/wp-json\/wp\/v2\/product_brand?post=1809765"},{"taxonomy":"product_cat","embeddable":true,"href":"https:\/\/liquidmaster.pl\/en\/wp-json\/wp\/v2\/product_cat?post=1809765"},{"taxonomy":"product_tag","embeddable":true,"href":"https:\/\/liquidmaster.pl\/en\/wp-json\/wp\/v2\/product_tag?post=1809765"}],"curies":[{"name":"wp","href":"https:\/\/api.w.org\/{rel}","templated":true}]}}