{"id":1809762,"date":"2025-03-29T21:54:27","date_gmt":"2025-03-29T19:54:27","guid":{"rendered":"https:\/\/liquidmaster.pl\/chemotion-leather-set-pro-01-zestaw-do-czyszczenia-i-impregnacji-skor-samochodowych\/"},"modified":"2026-04-18T04:47:29","modified_gmt":"2026-04-18T02:47:29","slug":"chemotion-leather-set-pro-01-zestaw-do-czyszczenia-i-impregnacji-skor-samochodowych","status":"publish","type":"product","link":"https:\/\/liquidmaster.pl\/en\/chemotion-leather-set-pro-01-zestaw-do-czyszczenia-i-impregnacji-skor-samochodowych\/","title":{"rendered":"Chemotion Leather Set Pro 01 \u2013 a set for cleaning and impregnating car leather"},"content":{"rendered":"<p>Leather Set to profesjonalny zestaw do czyszczenia i impregnacji sk\u00f3rzanej tapicerki, idealny do samochod\u00f3w, mebli i innych element\u00f3w sk\u00f3rzanych. Nadaje si\u0119 zar\u00f3wno do sk\u00f3ry naturalnej, jak i syntetycznej, zapewniaj\u0105c skuteczne, a jednocze\u015bnie bezpieczne dzia\u0142anie.<\/p>\n<p>Kit Contents:<\/p>\n<ul>\n<li>Leather Cleaner 500 ml \u2013 skutecznie usuwa zabrudzenia bez ryzyka przesuszenia sk\u00f3ry<\/li>\n<li>Leather Protector 250 ml \u2013 od\u017cywia i zabezpiecza sk\u00f3r\u0119 przed p\u0119kaniem<\/li>\n<li>Pianownica \u2013 do precyzyjnego nak\u0142adania preparatu<\/li>\n<li>Zestaw naturalnych szczoteczek \u2013 delikatne, a zarazem efektywne czyszczenie<\/li>\n<li>Mikrofibra premium \u2013 do bezpiecznego wycierania powierzchni<\/li>\n<li>Pad bawe\u0142niany \u2013 do aplikacji impregnatu<\/li>\n<\/ul>\n<p>Advantages:<\/p>\n<ul>\n<li>Dog\u0142\u0119bnie czy\u015bci i piel\u0119gnuje sk\u00f3r\u0119<\/li>\n<li>Zapobiega przesuszeniu, blakni\u0119ciu i p\u0119kaniu tapicerki<\/li>\n<li>Nadaje si\u0119 do wielokrotnego u\u017cytku<\/li>\n<li>Doskona\u0142y pomys\u0142 na prezent<\/li>\n<\/ul>\n<p>Z Leather Set sk\u00f3rzana tapicerka pozostanie elastyczna i zadbana na d\u0142u\u017cej!<\/p>","protected":false},"excerpt":{"rendered":"<p>Leather Set to profesjonalny zestaw do czyszczenia i impregnacji sk\u00f3rzanej tapicerki, idealny do samochod\u00f3w, mebli i innych element\u00f3w sk\u00f3rzanych. Nadaje si\u0119 zar\u00f3wno do sk\u00f3ry naturalnej, jak i syntetycznej, zapewniaj\u0105c skuteczne, a jednocze\u015bnie bezpieczne dzia\u0142anie. Zawarto\u015b\u0107 zestawu: Leather Cleaner 500 ml \u2013 skutecznie usuwa zabrudzenia bez ryzyka przesuszenia sk\u00f3ry Leather Protector 250 ml \u2013 od\u017cywia i&hellip;&nbsp;<a href=\"https:\/\/liquidmaster.pl\/en\/chemotion-leather-set-pro-01-zestaw-do-czyszczenia-i-impregnacji-skor-samochodowych\/\" rel=\"bookmark\">Read More \u00bb<span class=\"screen-reader-text\">Chemotion Leather Set Pro 01 \u2013 a set for cleaning and impregnating car leather<\/span><\/a><\/p>","protected":false},"featured_media":1850960,"comment_status":"open","ping_status":"open","template":"","meta":{"neve_meta_sidebar":"","neve_meta_container":"","neve_meta_enable_content_width":"","neve_meta_content_width":0,"neve_meta_title_alignment":"","neve_meta_author_avatar":"","neve_post_elements_order":"","neve_meta_disable_header":"","neve_meta_disable_footer":"","neve_meta_disable_title":"","_themeisle_gutenberg_block_has_review":false},"product_brand":[],"product_cat":[816,768,829],"product_tag":[1113],"class_list":{"0":"post-1809762","1":"product","2":"type-product","3":"status-publish","4":"has-post-thumbnail","6":"product_cat-tapicerka-skorzana","7":"product_cat-wnetrze-auta","8":"product_cat-zestawy","9":"product_tag-chemotion","11":"first","12":"instock","13":"taxable","14":"shipping-taxable","15":"purchasable","16":"product-type-simple"},"_links":{"self":[{"href":"https:\/\/liquidmaster.pl\/en\/wp-json\/wp\/v2\/product\/1809762","targetHints":{"allow":["GET"]}}],"collection":[{"href":"https:\/\/liquidmaster.pl\/en\/wp-json\/wp\/v2\/product"}],"about":[{"href":"https:\/\/liquidmaster.pl\/en\/wp-json\/wp\/v2\/types\/product"}],"replies":[{"embeddable":true,"href":"https:\/\/liquidmaster.pl\/en\/wp-json\/wp\/v2\/comments?post=1809762"}],"wp:featuredmedia":[{"embeddable":true,"href":"https:\/\/liquidmaster.pl\/en\/wp-json\/wp\/v2\/media\/1850960"}],"wp:attachment":[{"href":"https:\/\/liquidmaster.pl\/en\/wp-json\/wp\/v2\/media?parent=1809762"}],"wp:term":[{"taxonomy":"product_brand","embeddable":true,"href":"https:\/\/liquidmaster.pl\/en\/wp-json\/wp\/v2\/product_brand?post=1809762"},{"taxonomy":"product_cat","embeddable":true,"href":"https:\/\/liquidmaster.pl\/en\/wp-json\/wp\/v2\/product_cat?post=1809762"},{"taxonomy":"product_tag","embeddable":true,"href":"https:\/\/liquidmaster.pl\/en\/wp-json\/wp\/v2\/product_tag?post=1809762"}],"curies":[{"name":"wp","href":"https:\/\/api.w.org\/{rel}","templated":true}]}}