{"id":1809756,"date":"2025-03-29T21:54:04","date_gmt":"2025-03-29T19:54:04","guid":{"rendered":"https:\/\/liquidmaster.pl\/zvizzer-thermo-velour-wool-pad-80-15-80\/"},"modified":"2026-04-19T03:35:30","modified_gmt":"2026-04-19T01:35:30","slug":"zvizzer-thermo-velour-wool-pad-80-15-80","status":"publish","type":"product","link":"https:\/\/liquidmaster.pl\/en\/zvizzer-thermo-velour-wool-pad-801580\/","title":{"rendered":"ZviZZer Thermo Velor Wool Pad 80\/15\/80"},"content":{"rendered":"<p>The ZviZZer professional polishing pad from the DETAILING LINE series is made of high-quality synthetic bristles with exceptional cutting power and durability. Thanks to THERMO technology, it minimizes surface heating, ensuring work safety and effective removal of deep scratches and sandpaper marks.<\/p>\n<p>Product features:<\/p>\n<ul>\n<li>Powerful cut \u2013 effectively removes even advanced paint damage.<\/li>\n<li>THERMO technology \u2013 a special sponge insert for better heat dissipation.<\/li>\n<li>Durability and efficiency \u2013 withstands many polishing cycles without losing its properties.<\/li>\n<\/ul>\n<p>Available in a variety of sizes. Ideal for use with ZviZZer pastes, especially HC4000.<\/p>","protected":false},"excerpt":{"rendered":"<p>Profesjonalne futro polerskie ZviZZer z serii DETAILING LINE, stworzone z wysokiej jako\u015bci syntetycznego w\u0142osia o wyj\u0105tkowej sile ci\u0119cia i trwa\u0142o\u015bci. Dzi\u0119ki technologii THERMO minimalizuje nagrzewanie powierzchni, zapewniaj\u0105c bezpiecze\u0144stwo pracy i skuteczno\u015b\u0107 w usuwaniu g\u0142\u0119bokich zarysowa\u0144 oraz \u015blad\u00f3w po szlifowaniu papierem \u015bciernym. Cechy produktu: Mocne ci\u0119cie \u2013 skutecznie usuwa nawet zaawansowane uszkodzenia lakieru. Technologia THERMO \u2013&hellip;&nbsp;<a href=\"https:\/\/liquidmaster.pl\/en\/zvizzer-thermo-velour-wool-pad-801580\/\" rel=\"bookmark\">Read More \u00bb<span class=\"screen-reader-text\">ZviZZer Thermo Velor Wool Pad 80\/15\/80<\/span><\/a><\/p>","protected":false},"featured_media":1850956,"comment_status":"open","ping_status":"open","template":"","meta":{"neve_meta_sidebar":"","neve_meta_container":"","neve_meta_enable_content_width":"","neve_meta_content_width":0,"neve_meta_title_alignment":"","neve_meta_author_avatar":"","neve_post_elements_order":"","neve_meta_disable_header":"","neve_meta_disable_footer":"","neve_meta_disable_title":"","_themeisle_gutenberg_block_has_review":false},"product_brand":[],"product_cat":[840,822,748],"product_tag":[386],"class_list":{"0":"post-1809756","1":"product","2":"type-product","3":"status-publish","4":"has-post-thumbnail","6":"product_cat-futra-polerskie","7":"product_cat-pady-polerskie","8":"product_cat-polerowanie","9":"product_tag-zvizzer","11":"first","12":"instock","13":"sale","14":"taxable","15":"shipping-taxable","16":"purchasable","17":"product-type-simple"},"_links":{"self":[{"href":"https:\/\/liquidmaster.pl\/en\/wp-json\/wp\/v2\/product\/1809756","targetHints":{"allow":["GET"]}}],"collection":[{"href":"https:\/\/liquidmaster.pl\/en\/wp-json\/wp\/v2\/product"}],"about":[{"href":"https:\/\/liquidmaster.pl\/en\/wp-json\/wp\/v2\/types\/product"}],"replies":[{"embeddable":true,"href":"https:\/\/liquidmaster.pl\/en\/wp-json\/wp\/v2\/comments?post=1809756"}],"wp:featuredmedia":[{"embeddable":true,"href":"https:\/\/liquidmaster.pl\/en\/wp-json\/wp\/v2\/media\/1850956"}],"wp:attachment":[{"href":"https:\/\/liquidmaster.pl\/en\/wp-json\/wp\/v2\/media?parent=1809756"}],"wp:term":[{"taxonomy":"product_brand","embeddable":true,"href":"https:\/\/liquidmaster.pl\/en\/wp-json\/wp\/v2\/product_brand?post=1809756"},{"taxonomy":"product_cat","embeddable":true,"href":"https:\/\/liquidmaster.pl\/en\/wp-json\/wp\/v2\/product_cat?post=1809756"},{"taxonomy":"product_tag","embeddable":true,"href":"https:\/\/liquidmaster.pl\/en\/wp-json\/wp\/v2\/product_tag?post=1809756"}],"curies":[{"name":"wp","href":"https:\/\/api.w.org\/{rel}","templated":true}]}}