{"id":1809722,"date":"2025-03-28T21:56:52","date_gmt":"2025-03-28T19:56:52","guid":{"rendered":"https:\/\/liquidmaster.pl\/detailing-house-papierki-lakmusowe-paski-wskaznikowe-1-14-ph\/"},"modified":"2026-04-20T11:25:15","modified_gmt":"2026-04-20T09:25:15","slug":"detailing-house-papierki-lakmusowe-paski-wskaznikowe-1-14-ph","status":"publish","type":"product","link":"https:\/\/liquidmaster.pl\/en\/detailing-house-papierki-lakmusowe-paski-wskaznikowe-1-14-ph\/","title":{"rendered":"Detailing House Litmus Papers \u2013 1-14 pH indicator strips"},"content":{"rendered":"<p>Papierki lakmusowe to niezawodne narz\u0119dzie do szybkiej i precyzyjnej oceny kwasowo\u015bci oraz zasadowo\u015bci roztwor\u00f3w, co pozwala na precyzyjn\u0105 kontrol\u0119 pH i dob\u00f3r optymalnych preparat\u00f3w do piel\u0119gnacji lakieru oraz innych element\u00f3w samochodu. Produkt gwarantuje szybkie i dok\u0142adne wyniki, pomagaj\u0105c utrzyma\u0107 najwy\u017csze standardy czysto\u015bci i bezpiecze\u0144stwa. Idealne zar\u00f3wno dla profesjonalnych detailer\u00f3w, jak i pasjonat\u00f3w dbaj\u0105cych o ka\u017cdy detal swojego pojazdu.<\/p>\n<p>Ilo\u015b\u0107: 80 szt.<\/p>","protected":false},"excerpt":{"rendered":"<p>Papierki lakmusowe to niezawodne narz\u0119dzie do szybkiej i precyzyjnej oceny kwasowo\u015bci oraz zasadowo\u015bci roztwor\u00f3w, co pozwala na precyzyjn\u0105 kontrol\u0119 pH i dob\u00f3r optymalnych preparat\u00f3w do piel\u0119gnacji lakieru oraz innych element\u00f3w samochodu. Produkt gwarantuje szybkie i dok\u0142adne wyniki, pomagaj\u0105c utrzyma\u0107 najwy\u017csze standardy czysto\u015bci i bezpiecze\u0144stwa. Idealne zar\u00f3wno dla profesjonalnych detailer\u00f3w, jak i pasjonat\u00f3w dbaj\u0105cych o ka\u017cdy&hellip;&nbsp;<a href=\"https:\/\/liquidmaster.pl\/en\/detailing-house-papierki-lakmusowe-paski-wskaznikowe-1-14-ph\/\" rel=\"bookmark\">Read More \u00bb<span class=\"screen-reader-text\">Detailing House Litmus Papers \u2013 1-14 pH indicator strips<\/span><\/a><\/p>","protected":false},"featured_media":1850944,"comment_status":"open","ping_status":"open","template":"","meta":{"neve_meta_sidebar":"","neve_meta_container":"","neve_meta_enable_content_width":"","neve_meta_content_width":0,"neve_meta_title_alignment":"","neve_meta_author_avatar":"","neve_post_elements_order":"","neve_meta_disable_header":"","neve_meta_disable_footer":"","neve_meta_disable_title":"","_themeisle_gutenberg_block_has_review":false},"product_brand":[],"product_cat":[757,839,811],"product_tag":[286],"class_list":{"0":"post-1809722","1":"product","2":"type-product","3":"status-publish","4":"has-post-thumbnail","6":"product_cat-akcesoria","7":"product_cat-bezpieczenstwo-i-higiena-pracy","8":"product_cat-pozostale-akcesoria","9":"product_tag-detailing-house","11":"first","12":"instock","13":"taxable","14":"shipping-taxable","15":"purchasable","16":"product-type-simple"},"_links":{"self":[{"href":"https:\/\/liquidmaster.pl\/en\/wp-json\/wp\/v2\/product\/1809722","targetHints":{"allow":["GET"]}}],"collection":[{"href":"https:\/\/liquidmaster.pl\/en\/wp-json\/wp\/v2\/product"}],"about":[{"href":"https:\/\/liquidmaster.pl\/en\/wp-json\/wp\/v2\/types\/product"}],"replies":[{"embeddable":true,"href":"https:\/\/liquidmaster.pl\/en\/wp-json\/wp\/v2\/comments?post=1809722"}],"wp:featuredmedia":[{"embeddable":true,"href":"https:\/\/liquidmaster.pl\/en\/wp-json\/wp\/v2\/media\/1850944"}],"wp:attachment":[{"href":"https:\/\/liquidmaster.pl\/en\/wp-json\/wp\/v2\/media?parent=1809722"}],"wp:term":[{"taxonomy":"product_brand","embeddable":true,"href":"https:\/\/liquidmaster.pl\/en\/wp-json\/wp\/v2\/product_brand?post=1809722"},{"taxonomy":"product_cat","embeddable":true,"href":"https:\/\/liquidmaster.pl\/en\/wp-json\/wp\/v2\/product_cat?post=1809722"},{"taxonomy":"product_tag","embeddable":true,"href":"https:\/\/liquidmaster.pl\/en\/wp-json\/wp\/v2\/product_tag?post=1809722"}],"curies":[{"name":"wp","href":"https:\/\/api.w.org\/{rel}","templated":true}]}}