{"id":1809710,"date":"2025-03-28T21:56:04","date_gmt":"2025-03-28T19:56:04","guid":{"rendered":"https:\/\/liquidmaster.pl\/cartec-vinyl-1l-preparat-do-odswiezania-plastikow\/"},"modified":"2026-04-19T03:35:26","modified_gmt":"2026-04-19T01:35:26","slug":"cartec-vinyl-1l-preparat-do-odswiezania-plastikow","status":"publish","type":"product","link":"https:\/\/liquidmaster.pl\/en\/cartec-vinyl-3\/","title":{"rendered":"Cartec Vinyl 1L \u2013 plastic refreshing agent"},"content":{"rendered":"<p>Cartec Vinyl to preparat stworzony jako wyko\u0144czenie przy piel\u0119gnacji element\u00f3w plastikowych, zderzak\u00f3w oraz opon, przywracaj\u0105c im oryginalny wygl\u0105d i zapewniaj\u0105c d\u0142ugotrwa\u0142\u0105 ochron\u0119 przed niekorzystnymi warunkami atmosferycznymi. Dzi\u0119ki swojej unikalnej formule, preparat nadaje powierzchniom aksamitno-matowy efekt, jednocze\u015bnie zabezpieczaj\u0105c je przed wp\u0142ywami \u015brodowiska.<\/p>\n<p>Benefits:<\/p>\n<ul>\n<li>Natychmiastowy efekt przywr\u00f3cenia oryginalnego wygl\u0105du powierzchni plastikowych i opon.<\/li>\n<li>Preparat wysycha r\u00f3wnomiernie, pozostawiaj\u0105c powierzchnie niesk\u0142onne i nieoleiste.<\/li>\n<li>Zapewnia d\u0142ugotrwa\u0142\u0105 ochron\u0119 i satynowe wyko\u0144czenie, utrzymuj\u0105c elementy pojazdu w nienagannym stanie przez nawet do 3 miesi\u0119cy.<\/li>\n<\/ul>\n<p>Usage:<\/p>\n<li>Nanie\u015b preparat na obszary do piel\u0119gnacji (np. listwy plastikowe, zderzaki, opony) przy u\u017cyciu g\u0105bki lub aplikatora.<\/li>\n<li>Pozw\u00f3l preparatowi na chwil\u0119 wnikn\u0105\u0107 w powierzchni\u0119, a nast\u0119pnie przetrzyj j\u0105 tyln\u0105 stron\u0105 g\u0105bki.<\/li>\n<li>W przypadku bardzo ch\u0142onnych powierzchni zabieg mo\u017cna powt\u00f3rzy\u0107 dla uzyskania g\u0142\u0119bszego i bardziej efektownego wyko\u0144czenia.<\/li>\n<p>Tips:<\/p>\n<ul>\n<li>Przed aplikacj\u0105 zawsze przeprowad\u017a test na niewidocznym fragmencie, aby upewni\u0107 si\u0119, \u017ce preparat nie powoduje uszkodze\u0144.<\/li>\n<li>Stosuj preparat w dobrze wentylowanym miejscu, pami\u0119taj\u0105c o dok\u0142adnym wstrz\u0105\u015bni\u0119ciu przed u\u017cyciem.<\/li>\n<li>Do szczeg\u00f3lnie dok\u0142adnego czyszczenia opon mo\u017cna wcze\u015bniej u\u017cy\u0107 Cartec Wheel Cleaner wraz ze specjaln\u0105 szczotk\u0105.<\/li>\n<\/ul>\n<p>Cartec Vinyl to idealne rozwi\u0105zanie dla tych, kt\u00f3rzy chc\u0105 zadba\u0107 o detale swojego pojazdu, nadaj\u0105c plastikowym elementom, zderzakom i oponom \u015bwie\u017cy, zadbany wygl\u0105d oraz skuteczn\u0105 ochron\u0119 przez d\u0142ugi czas.<\/p>\n<p>Capacity: 1L<\/p>\n<p>\u00a0<\/p>","protected":false},"excerpt":{"rendered":"<p>Cartec Vinyl to preparat stworzony jako wyko\u0144czenie przy piel\u0119gnacji element\u00f3w plastikowych, zderzak\u00f3w oraz opon, przywracaj\u0105c im oryginalny wygl\u0105d i zapewniaj\u0105c d\u0142ugotrwa\u0142\u0105 ochron\u0119 przed niekorzystnymi warunkami atmosferycznymi. Dzi\u0119ki swojej unikalnej formule, preparat nadaje powierzchniom aksamitno-matowy efekt, jednocze\u015bnie zabezpieczaj\u0105c je przed wp\u0142ywami \u015brodowiska. Korzy\u015bci: Natychmiastowy efekt przywr\u00f3cenia oryginalnego wygl\u0105du powierzchni plastikowych i opon. Preparat wysycha r\u00f3wnomiernie, pozostawiaj\u0105c&hellip;&nbsp;<a href=\"https:\/\/liquidmaster.pl\/en\/cartec-vinyl-3\/\" rel=\"bookmark\">Read More \u00bb<span class=\"screen-reader-text\">Cartec Vinyl 1L \u2013 plastic refreshing agent<\/span><\/a><\/p>","protected":false},"featured_media":1850937,"comment_status":"open","ping_status":"open","template":"","meta":{"neve_meta_sidebar":"","neve_meta_container":"","neve_meta_enable_content_width":"","neve_meta_content_width":0,"neve_meta_title_alignment":"","neve_meta_author_avatar":"","neve_post_elements_order":"","neve_meta_disable_header":"","neve_meta_disable_footer":"","neve_meta_disable_title":"","_themeisle_gutenberg_block_has_review":false},"product_brand":[],"product_cat":[814,733,815],"product_tag":[276],"class_list":{"0":"post-1809710","1":"product","2":"type-product","3":"status-publish","4":"has-post-thumbnail","6":"product_cat-elementy-gumowe-i-plastikowe","7":"product_cat-na-zewnatrz","8":"product_cat-ochrona-gumy-i-plastikow","9":"product_tag-cartec","11":"first","12":"outofstock","13":"taxable","14":"shipping-taxable","15":"purchasable","16":"product-type-simple"},"_links":{"self":[{"href":"https:\/\/liquidmaster.pl\/en\/wp-json\/wp\/v2\/product\/1809710","targetHints":{"allow":["GET"]}}],"collection":[{"href":"https:\/\/liquidmaster.pl\/en\/wp-json\/wp\/v2\/product"}],"about":[{"href":"https:\/\/liquidmaster.pl\/en\/wp-json\/wp\/v2\/types\/product"}],"replies":[{"embeddable":true,"href":"https:\/\/liquidmaster.pl\/en\/wp-json\/wp\/v2\/comments?post=1809710"}],"wp:featuredmedia":[{"embeddable":true,"href":"https:\/\/liquidmaster.pl\/en\/wp-json\/wp\/v2\/media\/1850937"}],"wp:attachment":[{"href":"https:\/\/liquidmaster.pl\/en\/wp-json\/wp\/v2\/media?parent=1809710"}],"wp:term":[{"taxonomy":"product_brand","embeddable":true,"href":"https:\/\/liquidmaster.pl\/en\/wp-json\/wp\/v2\/product_brand?post=1809710"},{"taxonomy":"product_cat","embeddable":true,"href":"https:\/\/liquidmaster.pl\/en\/wp-json\/wp\/v2\/product_cat?post=1809710"},{"taxonomy":"product_tag","embeddable":true,"href":"https:\/\/liquidmaster.pl\/en\/wp-json\/wp\/v2\/product_tag?post=1809710"}],"curies":[{"name":"wp","href":"https:\/\/api.w.org\/{rel}","templated":true}]}}