{"id":1809692,"date":"2025-03-28T21:54:28","date_gmt":"2025-03-28T19:54:28","guid":{"rendered":"https:\/\/liquidmaster.pl\/cartec-fast-glaze-1l-wosk-w-sprayu\/"},"modified":"2026-04-18T04:47:22","modified_gmt":"2026-04-18T02:47:22","slug":"cartec-fast-glaze-1l-wosk-w-sprayu","status":"publish","type":"product","link":"https:\/\/liquidmaster.pl\/en\/cartec-fast-glaze-2\/","title":{"rendered":"Cartec Fast Glaze 1L \u2013 spray wax"},"content":{"rendered":"<p>Cartec Fast Glaze to wosk w sprayu, kt\u00f3ry nadaje lakierowi intensywny, g\u0142\u0119boki po\u0142ysk, przywracaj\u0105c mu \u015bwie\u017cy wygl\u0105d. Preparat sprawia, \u017ce samoch\u00f3d prezentuje si\u0119 jak z salonu, jednocze\u015bnie szybko usuwaj\u0105c lekkie zabrudzenia i odciski palc\u00f3w, dzi\u0119ki czemu powierzchnia staje si\u0119 wyra\u017anie g\u0142adsza.<\/p>\n<p>Benefits:<\/p>\n<ul>\n<li>Zapewnia g\u0142\u0119boki, efektowny po\u0142ysk, kt\u00f3ry podkre\u015bla detale lakieru.<\/li>\n<li>Szybko usuwa drobne zabrudzenia oraz odciski palc\u00f3w.<\/li>\n<li>Powierzchnia lakieru staje si\u0119 bardziej jednolita i g\u0142adka.<\/li>\n<li>Preparat jest \u0142atwy i szybki w aplikacji, nie pozostawiaj\u0105c t\u0142ustych \u015blad\u00f3w ani efektu hologramu.<\/li>\n<li>Mo\u017ce by\u0107 stosowany tak\u017ce na elementach plastikowych, a przyjemny zapach umila korzystanie z produktu.<\/li>\n<\/ul>\n<p>Usage:<\/p>\n<li>Rozpyl preparat r\u00f3wnomiernie na powierzchni\u0119 lakierowan\u0105.<\/li>\n<li>Za pomoc\u0105 czystej \u015bciereczki z mikrofibry aplikuj preparat, wykonuj\u0105c ruchy okr\u0119\u017cne.<\/li>\n<li>Wypoleruj powierzchni\u0119, u\u017cywaj\u0105c czystej \u015bciereczki lub tylnej strony wcze\u015bniej u\u017cytej \u015bciereczki, aby uzyska\u0107 efekt wysokiego po\u0142ysku.<\/li>\n<p>Tips:<\/p>\n<ul>\n<li>Fast Glaze doskonale sprawdza si\u0119 r\u00f3wnie\u017c przy czyszczeniu szyb, jednak nale\u017cy zachowa\u0107 ostro\u017cno\u015b\u0107 przy spryskiwaniu przedniej szyby, aby woda nie spowodowa\u0142a niepo\u017c\u0105danego efektu przeskakiwania wycieraczek.<\/li>\n<li>Preparat to idealne rozwi\u0105zanie do regularnej piel\u0119gnacji samochodu, szczeg\u00f3lnie po umyciu.<\/li>\n<\/ul>\n<p>Cartec Fast Glaze to niezawodny produkt, kt\u00f3ry szybko przywraca lakierowi blask i g\u0142\u0119boki po\u0142ysk, podkre\u015blaj\u0105c elegancj\u0119 Twojego samochodu.<\/p>\n<p>Capacity: 1L<\/p>\n<p>\u00a0<\/p>","protected":false},"excerpt":{"rendered":"<p>Cartec Fast Glaze to wosk w sprayu, kt\u00f3ry nadaje lakierowi intensywny, g\u0142\u0119boki po\u0142ysk, przywracaj\u0105c mu \u015bwie\u017cy wygl\u0105d. Preparat sprawia, \u017ce samoch\u00f3d prezentuje si\u0119 jak z salonu, jednocze\u015bnie szybko usuwaj\u0105c lekkie zabrudzenia i odciski palc\u00f3w, dzi\u0119ki czemu powierzchnia staje si\u0119 wyra\u017anie g\u0142adsza. Korzy\u015bci: Zapewnia g\u0142\u0119boki, efektowny po\u0142ysk, kt\u00f3ry podkre\u015bla detale lakieru. Szybko usuwa drobne zabrudzenia oraz&hellip;&nbsp;<a href=\"https:\/\/liquidmaster.pl\/en\/cartec-fast-glaze-2\/\" rel=\"bookmark\">Read More \u00bb<span class=\"screen-reader-text\">Cartec Fast Glaze 1L \u2013 spray wax<\/span><\/a><\/p>","protected":false},"featured_media":1850925,"comment_status":"open","ping_status":"open","template":"","meta":{"neve_meta_sidebar":"","neve_meta_container":"","neve_meta_enable_content_width":"","neve_meta_content_width":0,"neve_meta_title_alignment":"","neve_meta_author_avatar":"","neve_post_elements_order":"","neve_meta_disable_header":"","neve_meta_disable_footer":"","neve_meta_disable_title":"","_themeisle_gutenberg_block_has_review":false},"product_brand":[],"product_cat":[805,733,766],"product_tag":[276],"class_list":{"0":"post-1809692","1":"product","2":"type-product","3":"status-publish","4":"has-post-thumbnail","6":"product_cat-hydrowoski","7":"product_cat-na-zewnatrz","8":"product_cat-ochrona-lakieru","9":"product_tag-cartec","11":"first","12":"instock","13":"taxable","14":"shipping-taxable","15":"purchasable","16":"product-type-simple"},"_links":{"self":[{"href":"https:\/\/liquidmaster.pl\/en\/wp-json\/wp\/v2\/product\/1809692","targetHints":{"allow":["GET"]}}],"collection":[{"href":"https:\/\/liquidmaster.pl\/en\/wp-json\/wp\/v2\/product"}],"about":[{"href":"https:\/\/liquidmaster.pl\/en\/wp-json\/wp\/v2\/types\/product"}],"replies":[{"embeddable":true,"href":"https:\/\/liquidmaster.pl\/en\/wp-json\/wp\/v2\/comments?post=1809692"}],"wp:featuredmedia":[{"embeddable":true,"href":"https:\/\/liquidmaster.pl\/en\/wp-json\/wp\/v2\/media\/1850925"}],"wp:attachment":[{"href":"https:\/\/liquidmaster.pl\/en\/wp-json\/wp\/v2\/media?parent=1809692"}],"wp:term":[{"taxonomy":"product_brand","embeddable":true,"href":"https:\/\/liquidmaster.pl\/en\/wp-json\/wp\/v2\/product_brand?post=1809692"},{"taxonomy":"product_cat","embeddable":true,"href":"https:\/\/liquidmaster.pl\/en\/wp-json\/wp\/v2\/product_cat?post=1809692"},{"taxonomy":"product_tag","embeddable":true,"href":"https:\/\/liquidmaster.pl\/en\/wp-json\/wp\/v2\/product_tag?post=1809692"}],"curies":[{"name":"wp","href":"https:\/\/api.w.org\/{rel}","templated":true}]}}