{"id":1809689,"date":"2025-03-28T21:54:28","date_gmt":"2025-03-28T19:54:28","guid":{"rendered":"https:\/\/liquidmaster.pl\/cartec-dash-fresh-5l-preparat-do-odswiezania-plastikow\/"},"modified":"2026-04-18T04:47:21","modified_gmt":"2026-04-18T02:47:21","slug":"cartec-dash-fresh-5l-preparat-do-odswiezania-plastikow","status":"publish","type":"product","link":"https:\/\/liquidmaster.pl\/en\/cartec-dash-fresh-6\/","title":{"rendered":"Cartec Dash Fresh 5L \u2013 a preparation for refreshing plastics"},"content":{"rendered":"<p>Cartec Dash Fresh is a nourishing product for restoring plastic car interior components \u2013 door panels, dashboard, console, moldings, and leather elements. It gives surfaces a silky-matt finish and a fresh, pleasant scent, giving the vehicle&#039;s interior a new look.<\/p>\n<p>Benefits:<\/p>\n<ul>\n<li>The preparation does not leave a greasy film.<\/li>\n<li>The end result is a silky-matte finish that restores the original appearance of the interior.<\/li>\n<li>It works gently while removing minor dirt.<\/li>\n<li>A pleasant, fresh scent improves the comfort of using the vehicle interior.<\/li>\n<li>Fast acting and economical application compared to aerosols.<\/li>\n<\/ul>\n<p>Usage:<\/p>\n<li>Before application, check the cleanliness of the interior \u2013 in case of heavy soiling, use Interior Cleaner first.<\/li>\n<li>Apply Cartec Dash Fresh undiluted directly to the surface or using an applicator.<\/li>\n<li>Wait a few seconds to a minute for the product to penetrate, then spread it evenly using a clean microfiber cloth.<\/li>\n<p>Tips:<\/p>\n<ul>\n<li>For hard-to-reach places, such as ventilation grilles, it is worth using a brush.<\/li>\n<li>Cartec Dash Fresh is also suitable for restoring the colour of rubber mats, restoring their original appearance.<\/li>\n<\/ul>\n<p>Cartec Dash Fresh is the perfect solution for drivers who value a well-kept and aesthetic interior that looks fresh and stylish for a long time.<\/p>\n<p>Capacity: 5L<\/p>\n<p>\u00a0<\/p>","protected":false},"excerpt":{"rendered":"<p>Cartec Dash Fresh to od\u017cywczy preparat do odnawiania plastikowych element\u00f3w wn\u0119trza samochodu \u2013 paneli drzwiowych, deski rozdzielczej, konsoli, listw czy element\u00f3w sk\u00f3rzanych. Preparat nadaje powierzchniom jedwabisto-matowy efekt oraz \u015bwie\u017cy, przyjemny zapach, sprawiaj\u0105c, \u017ce wn\u0119trze pojazdu nabiera nowego charakteru. Korzy\u015bci: Preparat nie pozostawia t\u0142ustego filmu. Efekt ko\u0144cowy to jedwabisto-matowe wyko\u0144czenie, kt\u00f3re przywraca oryginalny wygl\u0105d wn\u0119trza. Dzia\u0142a&hellip;&nbsp;<a href=\"https:\/\/liquidmaster.pl\/en\/cartec-dash-fresh-6\/\" rel=\"bookmark\">Read More \u00bb<span class=\"screen-reader-text\">Cartec Dash Fresh 5L \u2013 a preparation for refreshing plastics<\/span><\/a><\/p>","protected":false},"featured_media":1850923,"comment_status":"open","ping_status":"open","template":"","meta":{"neve_meta_sidebar":"","neve_meta_container":"","neve_meta_enable_content_width":"","neve_meta_content_width":0,"neve_meta_title_alignment":"","neve_meta_author_avatar":"","neve_post_elements_order":"","neve_meta_disable_header":"","neve_meta_disable_footer":"","neve_meta_disable_title":"","_themeisle_gutenberg_block_has_review":false},"product_brand":[],"product_cat":[796,795,768],"product_tag":[276],"class_list":{"0":"post-1809689","1":"product","2":"type-product","3":"status-publish","4":"has-post-thumbnail","6":"product_cat-ochrona-plastikow-wewnetrznych","7":"product_cat-plastiki-wewnetrzne","8":"product_cat-wnetrze-auta","9":"product_tag-cartec","10":"pa_promocja-promocje","12":"first","13":"instock","14":"taxable","15":"shipping-taxable","16":"purchasable","17":"product-type-simple"},"_links":{"self":[{"href":"https:\/\/liquidmaster.pl\/en\/wp-json\/wp\/v2\/product\/1809689","targetHints":{"allow":["GET"]}}],"collection":[{"href":"https:\/\/liquidmaster.pl\/en\/wp-json\/wp\/v2\/product"}],"about":[{"href":"https:\/\/liquidmaster.pl\/en\/wp-json\/wp\/v2\/types\/product"}],"replies":[{"embeddable":true,"href":"https:\/\/liquidmaster.pl\/en\/wp-json\/wp\/v2\/comments?post=1809689"}],"wp:featuredmedia":[{"embeddable":true,"href":"https:\/\/liquidmaster.pl\/en\/wp-json\/wp\/v2\/media\/1850923"}],"wp:attachment":[{"href":"https:\/\/liquidmaster.pl\/en\/wp-json\/wp\/v2\/media?parent=1809689"}],"wp:term":[{"taxonomy":"product_brand","embeddable":true,"href":"https:\/\/liquidmaster.pl\/en\/wp-json\/wp\/v2\/product_brand?post=1809689"},{"taxonomy":"product_cat","embeddable":true,"href":"https:\/\/liquidmaster.pl\/en\/wp-json\/wp\/v2\/product_cat?post=1809689"},{"taxonomy":"product_tag","embeddable":true,"href":"https:\/\/liquidmaster.pl\/en\/wp-json\/wp\/v2\/product_tag?post=1809689"}],"curies":[{"name":"wp","href":"https:\/\/api.w.org\/{rel}","templated":true}]}}